{"id":5900,"date":"2022-04-07T05:50:37","date_gmt":"2022-04-07T05:50:37","guid":{"rendered":"https:\/\/www.griffinmachinery.com\/datenschutz-bestimmungen\/"},"modified":"2022-06-07T10:15:54","modified_gmt":"2022-06-07T10:15:54","slug":"datenschutz-bestimmungen","status":"publish","type":"page","link":"https:\/\/www.griffinmachinery.com\/de\/datenschutz-bestimmungen\/","title":{"rendered":"Datenschutz-Bestimmungen"},"content":{"rendered":"\n\n\t<p>Willkommen bei GriffinMachinery! Wenn Sie unseren Shop besuchen, akzeptieren Sie automatisch alle diese Bedingungen. Bitte lesen Sie alle Informationen zu unseren Richtlinien, Bedingungen und Vereinbarungen sorgf\u00e4ltig durch.<\/p>\n<p>Es ist sehr wichtig, sich um die Informationen zu k\u00fcmmern, da wir in einer Informationsgesellschaft leben und Sie die Art und Weise, wie Informationen verwendet und weitergegeben werden, nicht untersch\u00e4tzen d\u00fcrfen.<\/p>\n<p>Vertrauen ist der Grundstein der Freundschaft und wir sch\u00e4tzen Ihre Entscheidung, sich f\u00fcr unseren Shop zu entscheiden. Wir geben Ihnen vollen Zugriff auf verschiedene Arten von Informationen zu Ihrem Konto.<\/p>\n<p>Bitte beachten Sie au\u00dferdem, dass unsere Website zahlreiche Marken enth\u00e4lt, die sowohl unserem Unternehmen als auch Drittunternehmen geh\u00f6ren k\u00f6nnen.<\/p>\n<p>Die Verwendung von Logos, Symbolen und Servicenamen ist in einer Weise untersagt, die bei unseren Kunden Verwirrung stiften k\u00f6nnte und als Verletzung des Urheberrechtsgesetzes angesehen wird.<\/p>\n<p>Wir behalten uns das Recht vor, diese Allgemeinen Gesch\u00e4ftsbedingungen jederzeit ohne vorherige Ank\u00fcndigung zu \u00e4ndern.<\/p>\n<p>Durch die Nutzung dieser Website stimmen Sie den Bedingungen der neuesten Version dieser Datenschutzrichtlinie zu. Bitte lesen Sie unsere Nutzungsbedingungen, um die allgemeinen Regeln f\u00fcr Ihre Nutzung dieser Website zu verstehen. Sofern nicht in anderen Haftungsausschl\u00fcssen, Richtlinien, Nutzungsbedingungen oder anderen Hinweisen auf dieser Website angegeben, stellen diese Datenschutzrichtlinie und die Nutzungsbedingungen die vollst\u00e4ndige Vereinbarung zwischen Ihnen und GriffinMachinery.com in Bezug auf Ihre Nutzung dieser Website dar. Sie k\u00f6nnen zus\u00e4tzlichen Bedingungen unterliegen, die gelten k\u00f6nnen, wenn Sie auf bestimmte Dienste oder Materialien in bestimmten Bereichen dieser Website zugreifen oder einem Link von dieser Website folgen.<\/p>\n<h2>Einf\u00fchrung<\/h2>\n<p>Welche Informationen wir erhalten und wie wir sie verwenden, h\u00e4ngt davon ab, was Sie tun, wenn Sie unsere Website besuchen. Wir erfassen und verwenden Ihre nicht personenbezogenen Daten (Informationen, die Sie nicht pers\u00f6nlich identifizieren k\u00f6nnen) anders als Ihre personenbezogenen Daten.<\/p>\n<h2>Was sind nicht personenbezogene Daten?<\/h2>\n<p>Nicht personenbezogene Daten sind die Informationen, die wir \u00fcber diese Website sammeln und die uns nicht als einzelne Person identifizieren. Es kann Informationen wie die folgenden enthalten:<\/p>\n<ul>\n<li>die Art der von Ihnen verwendeten Webbrowser-Software (z. B. Netscape Navigator oder Internet Explorer)<\/li>\n<li>der Name der Dom\u00e4ne, von der aus Sie auf das Internet zugreifen<\/li>\n<li>die Internetadresse der Website, von der aus Sie direkt auf unsere Website gelangt sind<\/li>\n<li>Datum und Uhrzeit Ihres Zugriffs auf unsere Website<\/li>\n<li>welche Seiten Sie auf unserer Website besucht haben<\/li>\n<li>die Suchbegriffe, die Sie verwenden<\/li>\n<li>die Links, auf die Sie klicken<\/li>\n<li>personenbezogene Daten, die unpers\u00f6nlich oder anonymisiert wurden (d. h. Daten, die einen individuell identifizierbaren Benutzer nicht mehr widerspiegeln oder darauf verweisen)<\/li>\n<\/ul>\n<p>Wenn Sie unsere Website besuchen, um Informationen zu lesen oder herunterzuladen, z. B. Informationen \u00fcber einen Gesundheitszustand oder \u00fcber eines unserer Produkte, k\u00f6nnen wir bestimmte nicht personenbezogene Daten \u00fcber Sie von Ihrem Computer erfassen. Diese Informationen werden vom Webbrowser Ihres Computers erfasst: Wenn Sie nur Informationen auf unserer Website lesen oder herunterladen, erfassen oder erfahren wir nicht Ihren Namen, Ihre E-Mail-Adresse, Ihre Privatadresse oder andere pers\u00f6nliche Informationen \u00fcber Sie. Wir k\u00f6nnen eine Textdatei namens Cookie in den Browserdateien Ihres Computers platzieren, wenn Sie uns besuchen. Das Cookie kann auf der Festplatte Ihres Computers gespeichert werden. Die Informationen, die wir mithilfe von Cookies sammeln, sind nicht personenbezogene Informationen. Es steht Ihnen jederzeit frei, unsere Cookies abzulehnen, wenn Ihr Browser dies zul\u00e4sst, aber einige Teile unserer Website funktionieren m\u00f6glicherweise nicht richtig f\u00fcr Sie, wenn Sie dies tun. Wir gestatten Dritten au\u00dfer den Unternehmen, die wir mit der Durchf\u00fchrung von Diensten oder Funktionen in unserem Namen beauftragen, nicht, Cookies auf unserer Website zu platzieren.<\/p>\n<h2>Was macht GriffinMachinery.com mit nicht personenbezogenen Daten?<\/h2>\n<p>Da nicht personenbezogene Daten Sie nicht identifizieren oder in irgendeiner Weise mit Ihnen in Verbindung gebracht werden k\u00f6nnen, gibt es keine Einschr\u00e4nkungen hinsichtlich der Art und Weise, wie wir nicht personenbezogene Daten verwenden oder weitergeben k\u00f6nnen. Wir sind immer auf der Suche nach M\u00f6glichkeiten, Ihnen einen besseren Service zu bieten und diese Website zu verbessern. Wir verwenden nicht personenbezogene Daten von Ihnen, um diese Website f\u00fcr Besucher n\u00fctzlicher zu machen. Wir verwenden nicht personenbezogene Daten auch f\u00fcr andere Gesch\u00e4ftszwecke. Beispielsweise k\u00f6nnen wir nicht personenbezogene Daten verwenden oder nicht personenbezogene Daten aggregieren, um:<\/p>\n<ul>\n<li>Erstellen von Berichten f\u00fcr den internen Gebrauch zur Entwicklung von Programmen, Produkten, Diensten oder Inhalten<\/li>\n<li>Passen Sie die Informationen oder Dienste an, die f\u00fcr Sie von Interesse sind<\/li>\n<li>Teilen Sie es mit oder verkaufen Sie es an Dritte<\/li>\n<li>Bereitstellung aggregierter \u201eTraffic-Statistiken&#8220; und \u201eResponse-Raten&#8220; f\u00fcr Dritte<\/li>\n<\/ul>\n<h2>Was sind personenbezogene Daten?<\/h2>\n<p>Personenbezogene Daten sind die Informationen, die wir \u00fcber diese Website sammeln und die wir verwenden k\u00f6nnen, um Sie spezifisch zu identifizieren, wie z. B. Ihre:<\/p>\n<ul>\n<li>Name<\/li>\n<li>Telefonnummer<\/li>\n<li>E-Mail-Addresse<\/li>\n<li>Seriennummer des medizinischen Ger\u00e4ts<\/li>\n<li>pers\u00f6nliche Gesundheitsdaten<\/li>\n<li>Geburtsdatum<\/li>\n<\/ul>\n<p>An einigen Stellen dieser Website haben Sie die M\u00f6glichkeit, uns pers\u00f6nliche Informationen \u00fcber sich zu \u00fcbermitteln, sich f\u00fcr den Erhalt bestimmter Informationen zu entscheiden oder an einer Aktivit\u00e4t teilzunehmen. Beispielsweise k\u00f6nnen Sie ein Registrierungsformular, eine Umfrage oder ein E-Mail-Formular ausf\u00fcllen und sich daf\u00fcr entscheiden, Schulungsmaterial \u00fcber unsere Produkte und Therapien zu erhalten.<\/p>\n<p>Sie k\u00f6nnen uns auch erlauben, Ihre Besuche auf der Website zu personalisieren. In diesem Fall fragen wir Sie nach bestimmten pers\u00f6nlichen Informationen, um Ihre Besuche auf unserer Website f\u00fcr Sie hilfreicher zu gestalten. Wenn diese Informationen mit den nicht personenbezogenen Informationen kombiniert werden, die wir durch Cookies sammeln (oben beschrieben), k\u00f6nnen wir feststellen, dass Sie unsere Website schon einmal besucht haben, und k\u00f6nnen Ihren Zugriff auf unsere Website personalisieren, indem wir Sie beispielsweise dar\u00fcber informieren neue Funktionen, die f\u00fcr Sie von Interesse sein k\u00f6nnten.<\/p>\n<h2>Wie speichert und verwendet GriffinMachinery.com personenbezogene Daten?<\/h2>\n<p>Wir k\u00f6nnen die personenbezogenen Daten, die wir \u00fcber diese Website von Ihnen erfassen, speichern und verwenden, um Ihnen den Zugriff auf diese Website zu erm\u00f6glichen. Dar\u00fcber hinaus k\u00f6nnen wir Ihre personenbezogenen Daten speichern und verwenden:<\/p>\n<ul>\n<li>um auf Ihre Anfragen zu reagieren<\/li>\n<li>um Ihren Zugriff auf unsere Website zu personalisieren, indem wir Sie beispielsweise \u00fcber neue Funktionen informieren, die f\u00fcr Sie von Interesse sein k\u00f6nnten<\/li>\n<li>um Aufzeichnungen zu erstellen, einschlie\u00dflich Aufzeichnungen Ihrer pers\u00f6nlichen Daten<\/li>\n<li>um Sie mit Informationen zu kontaktieren, die f\u00fcr Sie von Interesse sein k\u00f6nnten, einschlie\u00dflich Informationen \u00fcber klinische Studien und \u00fcber Produkte und Dienstleistungen von uns und anderen<\/li>\n<li>zu analytischen Zwecken und zur Erforschung, Entwicklung und Verbesserung von Programmen, Produkten, Dienstleistungen und Inhalten<\/li>\n<li>Ihre pers\u00f6nlichen Identifikatoren (Ihren Namen, Ihre E-Mail-Adresse, Ihre Sozialversicherungsnummer usw.) zu entfernen. In diesem Fall w\u00fcrden Sie nicht mehr als einzelne eindeutige Person identifiziert. Sobald wir anonymisierte Informationen haben, handelt es sich um nicht personenbezogene Informationen, und wir k\u00f6nnen sie wie andere nicht personenbezogene Informationen behandeln.<\/li>\n<li>um diese Datenschutzerkl\u00e4rung und andere Regeln \u00fcber Ihre Nutzung dieser Website durchzusetzen<\/li>\n<li>um unsere Rechte oder unser Eigentum zu sch\u00fctzen<\/li>\n<li>um die Gesundheit, Sicherheit oder das Wohlergehen einer Person zu sch\u00fctzen<\/li>\n<li>um einem Gesetz oder einer Verordnung, einem Gerichtsbeschluss oder anderen rechtlichen Verfahren nachzukommen<\/li>\n<\/ul>\n<p>Wir haben keine Methode zur \u00dcberpr\u00fcfung von personenbezogenen oder nicht personenbezogenen Daten, die \u00fcber diese Website gesammelt werden.<\/p>\n<h2>Gibt GriffinMachinery.com jemals personenbezogene Daten an Dritte weiter?<\/h2>\n<p>GriffinMachinery.com wird Ihre auf dieser Website gesammelten personenbezogenen Daten ohne Ihre Zustimmung nicht an unabh\u00e4ngige Dritte weitergeben, sofern in dieser Datenschutzerkl\u00e4rung nichts anderes bestimmt ist.<\/p>\n<p>Im Rahmen der gew\u00f6hnlichen Gesch\u00e4ftst\u00e4tigkeit geben wir m\u00f6glicherweise einige personenbezogene Daten an Unternehmen weiter, die wir mit der Erbringung von Dienstleistungen oder Funktionen in unserem Namen beauftragen. In allen F\u00e4llen, in denen wir Ihre personenbezogenen Daten an Dritte weitergeben, erm\u00e4chtigen wir diese nicht, Ihre Daten zu speichern, offenzulegen oder mit anderen zu verwenden, au\u00dfer zum Zweck der Bereitstellung der von uns angeforderten Dienstleistungen. Wir werden Ihre personenbezogenen Daten nicht verkaufen, austauschen oder ver\u00f6ffentlichen, au\u00dfer in Verbindung mit einem Unternehmensverkauf, einer Fusion, Aufl\u00f6sung oder \u00dcbernahme.<\/p>\n<p>Wir k\u00f6nnen gesetzlich verpflichtet sein, Ihre personenbezogenen Daten als Reaktion auf einen Gerichtsbeschluss, eine Vorladung, einen Durchsuchungsbefehl, ein Gesetz oder eine Verordnung herauszugeben. Wir k\u00f6nnen mit Strafverfolgungsbeh\u00f6rden zusammenarbeiten, um Website-Besucher zu untersuchen und strafrechtlich zu verfolgen, die gegen unsere Regeln versto\u00dfen oder sich an Verhaltensweisen beteiligen, die anderen Besuchern schaden (oder illegal sind).<\/p>\n<h2>Was ist mit dem Datenschutz auf anderen Websites?<\/h2>\n<p>Diese Website kann Links zu anderen Websites enthalten. Einige dieser Websites k\u00f6nnen von GriffinMachinery und andere von Dritten betrieben werden. Wir stellen die Links zu Ihrer Bequemlichkeit bereit, aber wir \u00fcberpr\u00fcfen, kontrollieren oder \u00fcberwachen die Datenschutzpraktiken von Websites, die von anderen betrieben werden, nicht. Diese Datenschutzerkl\u00e4rung gilt nicht f\u00fcr andere Websites, auch nicht f\u00fcr die anderen Websites von GriffinMachinery.com. Wir sind nicht verantwortlich f\u00fcr die Leistung von Websites, die von Dritten betrieben werden, oder f\u00fcr Ihre Gesch\u00e4ftsbeziehungen mit diesen. Wenn Sie diese Website verlassen, empfehlen wir Ihnen daher, die Datenschutzpraktiken jeder Website zu \u00fcberpr\u00fcfen und Ihre eigenen Schlussfolgerungen hinsichtlich der Angemessenheit dieser Praktiken zu ziehen.<\/p>\n<h2>Kommuniziert GriffinMachinery.com jemals direkt mit Besuchern dieser Website?<\/h2>\n<p>Wir k\u00f6nnen Sie regelm\u00e4\u00dfig per E-Mail, Post oder Telefon kontaktieren, wenn Sie dieser Kontaktaufnahme zustimmen, um Informationen zu Programmen, Produkten, Dienstleistungen und Inhalten bereitzustellen, die f\u00fcr Sie von Interesse sein k\u00f6nnten. Einige Funktionen dieser Website erm\u00f6glichen es Ihnen au\u00dferdem, mit uns \u00fcber ein Online-Formular zu kommunizieren. Wenn Ihre Mitteilung eine Antwort von uns erfordert, senden wir Ihnen eine Antwort per E-Mail. Die E-Mail-Antwort oder -Best\u00e4tigung kann Ihre pers\u00f6nlichen Daten enthalten, einschlie\u00dflich pers\u00f6nlicher Daten \u00fcber Ihre Gesundheit, Ihren Namen, Ihre Adresse usw. Wir k\u00f6nnen nicht garantieren, dass unsere E-Mails an Sie vor unbefugtem Abfangen gesch\u00fctzt sind.<\/p>\n<h2>Was ist mit der Website-Sicherheit?<\/h2>\n<p>Sicherheit ist uns sehr wichtig. Wir verstehen auch, dass Sicherheit f\u00fcr Sie wichtig ist. Wir ergreifen angemessene Ma\u00dfnahmen, um Ihre personenbezogenen Daten vor Verlust, Missbrauch und unbefugtem Zugriff, Offenlegung, \u00c4nderung oder Zerst\u00f6rung zu sch\u00fctzen. Sie sollten bedenken, dass keine Internet\u00fcbertragung jemals 100 % sicher oder fehlerfrei ist. Insbesondere E-Mails, die an oder von dieser Website gesendet werden, sind m\u00f6glicherweise nicht sicher, und Sie sollten daher besonders sorgf\u00e4ltig entscheiden, welche Informationen Sie uns per E-Mail senden.<\/p>\n\n","protected":false},"excerpt":{"rendered":"<p>Willkommen bei GriffinMachinery! Wenn Sie unseren Shop besuchen, akzeptieren Sie automatisch alle diese Bedingungen. Bitte lesen Sie alle Informationen zu unseren Richtlinien, Bedingungen und Vereinbarungen sorgf\u00e4ltig durch. Es ist sehr wichtig, sich um die Informationen [&hellip;]<\/p>\n","protected":false},"author":1,"featured_media":0,"parent":0,"menu_order":0,"comment_status":"closed","ping_status":"closed","template":"","meta":{"site-sidebar-layout":"default","site-content-layout":"default","ast-site-content-layout":"default","site-content-style":"default","site-sidebar-style":"default","ast-global-header-display":"","ast-banner-title-visibility":"","ast-main-header-display":"","ast-hfb-above-header-display":"","ast-hfb-below-header-display":"","ast-hfb-mobile-header-display":"","site-post-title":"","ast-breadcrumbs-content":"","ast-featured-img":"","footer-sml-layout":"","ast-disable-related-posts":"","theme-transparent-header-meta":"default","adv-header-id-meta":"","stick-header-meta":"default","header-above-stick-meta":"","header-main-stick-meta":"","header-below-stick-meta":"","astra-migrate-meta-layouts":"default","ast-page-background-enabled":"default","ast-page-background-meta":{"desktop":{"background-color":"","background-image":"","background-repeat":"repeat","background-position":"center center","background-size":"auto","background-attachment":"scroll","background-type":"","background-media":"","overlay-type":"","overlay-color":"","overlay-opacity":"","overlay-gradient":""},"tablet":{"background-color":"","background-image":"","background-repeat":"repeat","background-position":"center center","background-size":"auto","background-attachment":"scroll","background-type":"","background-media":"","overlay-type":"","overlay-color":"","overlay-opacity":"","overlay-gradient":""},"mobile":{"background-color":"","background-image":"","background-repeat":"repeat","background-position":"center center","background-size":"auto","background-attachment":"scroll","background-type":"","background-media":"","overlay-type":"","overlay-color":"","overlay-opacity":"","overlay-gradient":""}},"ast-content-background-meta":{"desktop":{"background-color":"var(--ast-global-color-5)","background-image":"","background-repeat":"repeat","background-position":"center center","background-size":"auto","background-attachment":"scroll","background-type":"","background-media":"","overlay-type":"","overlay-color":"","overlay-opacity":"","overlay-gradient":""},"tablet":{"background-color":"var(--ast-global-color-5)","background-image":"","background-repeat":"repeat","background-position":"center center","background-size":"auto","background-attachment":"scroll","background-type":"","background-media":"","overlay-type":"","overlay-color":"","overlay-opacity":"","overlay-gradient":""},"mobile":{"background-color":"var(--ast-global-color-5)","background-image":"","background-repeat":"repeat","background-position":"center center","background-size":"auto","background-attachment":"scroll","background-type":"","background-media":"","overlay-type":"","overlay-color":"","overlay-opacity":"","overlay-gradient":""}},"footnotes":""},"class_list":["post-5900","page","type-page","status-publish","hentry"],"_links":{"self":[{"href":"https:\/\/www.griffinmachinery.com\/de\/wp-json\/wp\/v2\/pages\/5900","targetHints":{"allow":["GET"]}}],"collection":[{"href":"https:\/\/www.griffinmachinery.com\/de\/wp-json\/wp\/v2\/pages"}],"about":[{"href":"https:\/\/www.griffinmachinery.com\/de\/wp-json\/wp\/v2\/types\/page"}],"author":[{"embeddable":true,"href":"https:\/\/www.griffinmachinery.com\/de\/wp-json\/wp\/v2\/users\/1"}],"replies":[{"embeddable":true,"href":"https:\/\/www.griffinmachinery.com\/de\/wp-json\/wp\/v2\/comments?post=5900"}],"version-history":[{"count":0,"href":"https:\/\/www.griffinmachinery.com\/de\/wp-json\/wp\/v2\/pages\/5900\/revisions"}],"wp:attachment":[{"href":"https:\/\/www.griffinmachinery.com\/de\/wp-json\/wp\/v2\/media?parent=5900"}],"curies":[{"name":"wp","href":"https:\/\/api.w.org\/{rel}","templated":true}]}}