{"id":5897,"date":"2018-06-18T06:57:57","date_gmt":"2018-06-18T06:57:57","guid":{"rendered":"https:\/\/www.griffinmachinery.com\/ueber-uns\/"},"modified":"2023-05-16T10:51:03","modified_gmt":"2023-05-16T10:51:03","slug":"ueber-uns","status":"publish","type":"page","link":"https:\/\/www.griffinmachinery.com\/de\/ueber-uns\/","title":{"rendered":"\u00dcber uns"},"content":{"rendered":"\n\n\t<h1>\n\t\t\t\t\t\u00dcber uns\n\t\t\t\t<\/h1>\n\t<h2>\n\t\t\t\t\tWir sind Ihr zuverl\u00e4ssiger Partner\n\t\t\t\t<\/h2>\n\t\t\t<p>Griffin Technology Manufacturing Co., Ltd. eine Fabrik mit mehr als zehn Jahren Erfahrung im professionellen und technischen Industrieservice, befindet sich in der Stadt Changzhou in Jiangsu.<\/p>\n<p>\u00a0<\/p>\n<p>Unser Unternehmen verf\u00fcgt \u00fcber 2 gro\u00dfe moderne Baumaschinenfabriken, die mit der gesamten Linie des Blechbiegens, Laserschneidens, automatischen Polierens und automatischen Schwei\u00dfens ausgestattet sind und eine Fl\u00e4che von 500.000 Quadratmetern einnehmen. Au\u00dferdem haben wir unser eigenes F&amp;E-Team, das \u00fcber eine Reihe von Talenten verf\u00fcgt, und ein individuelles Testlabor.<\/p>\n<p>\u00a0<\/p>\n<p>Mit reichhaltiger Erfahrung sind wir weiterhin f\u00fchrend in der Entwicklung und Herstellung von chinesischen Kr\u00e4uterextrakt-Spr\u00fchtrocknern, Aroma-Spr\u00fchtrocknern, hydrolysierten Protein-Spr\u00fchtrocknern, Kokosnuss-Trocknungsmaschinen, Kokosfleisch-Netzbandtrocknern, pharmazeutischen Spr\u00fchtrocknern, Gem\u00fcse- und Obst-Dehydratoren (Netzband Trockner), Semmelbr\u00f6sel-Wirbelschichttrockner, Enzym-Spr\u00fchtrockner, H\u00fchnerpulver-Produktionslinie, Algen-Trocknungsverarbeitungslinie, Gelatineproduktion, WDG-Produktionslinie und so weiter.<\/p>\n<p>\u00a0<\/p>\n<p>Basierend auf der Aufrechterhaltung der stabilen Qualit\u00e4t von Trocknungs-, Misch-, Granulier-, Zerkleinerungs- und Siebmaschinen forschen und entwickeln wir aktiv neue Produkte, wie Walzenverdichter, Luftstromf\u00f6rder- und Mischsysteme, Vakuumbandtrockner, und versuchen, unseren Kunden schl\u00fcsselfertige Projekte zu liefern.<\/p>\n\t\t\t\t<img loading=\"lazy\" decoding=\"async\" src=\"https:\/\/www.griffinmachinery.com\/wp-content\/uploads\/2022\/03\/company.jpg\" alt=\"Gesellschaft\" itemprop=\"image\" height=\"853\" width=\"1280\" title=\"Gesellschaft\" onerror=\"this.style.display='none'\"  \/>\n\t\t\t\t<img loading=\"lazy\" decoding=\"async\" src=\"https:\/\/www.griffinmachinery.com\/wp-content\/uploads\/2022\/03\/factory.jpg\" alt=\"Fabrik\" itemprop=\"image\" height=\"853\" width=\"1280\" title=\"Fabrik\" onerror=\"this.style.display='none'\"  \/>\n\t<h3>\n\t\t\t\t\tZahlen sprechen f\u00fcr sich!\n\t\t\t\t<\/h3>\n\t<h2>\n\t\t\t\t\t20 +\n\t\t\t\t<\/h2>\n\t\t\t<p>Kuratierte Ausr\u00fcstung<\/p>\n\t<h2>\n\t\t\t\t\t200 +\n\t\t\t\t<\/h2>\n\t\t\t<p>Projekte &amp; Anwendungen<\/p>\n\t<h2>\n\t\t\t\t\t12+\n\t\t\t\t<\/h2>\n\t\t\t<p>Maschinenkategorien<\/p>\n\t\t\t\t<img decoding=\"async\" src=\"https:\/\/www.griffinmachinery.com\/wp-content\/uploads\/2022\/03\/image1.jpg\" alt=\"image1\" itemprop=\"image\"\/>\n\t<h2>\n\t\t\t\t\tZertifizierte Produkte\n\t\t\t\t<\/h2>\n\t\t\t\t<img decoding=\"async\" src=\"https:\/\/www.griffinmachinery.com\/wp-content\/uploads\/2022\/03\/certifications.png\" alt=\"certifications\" itemprop=\"image\"\/>\n\t\t\t<p>Von Griffin hergestellte Trocknungsmaschinen wurden in viele L\u00e4nder mit gutem Betrieb exportiert. Alle Produkte sind von Standardqualit\u00e4t und haben die CE-, ISO- und SGS-Zertifizierungen bestanden.<\/p>\n<p>\u00a0<\/p>\n<p>Wir sind spezialisiert auf die Erforschung und Entwicklung industrieller Trocknermaschinen wie Spr\u00fchtrockner, Maschenbandtrockner, Flie\u00dfbetttrockner, Schnelltrockner, Luftstromtrockner, Vakuumtrockner, Plattentrockner und so weiter.<\/p>\n<p>\u00a0<\/p>\n<p>Als Hilfsmaschinen f\u00fcr Trocknungsmaschinen liefern wir auch Mischer, Granulatoren, M\u00fchlen und Siebmaschinen, Walzenverdichter, Luftstrommischsysteme und Luftstromf\u00f6rderer.<\/p>\n<h2>\n\t\tUnsere Leistungen\n\t<\/h2>\n\t<p>Wenn Sie in Zukunft w\u00e4hrend des Testprozesses auf Probleme sto\u00dfen, versprechen wir Ihnen, dass wir Ihnen innerhalb von 48 Stunden eine Antwort geben und innerhalb von 3 Werktagen eine L\u00f6sung bereitstellen werden. Wir k\u00f6nnen ein Betriebsvideo und eine englische Bedienungsanleitung anbieten. Wir k\u00f6nnen eine Videokonferenz anbieten.<\/p>\n\t<h3>\n\t\t\t\t\tVorverkaufsservice\n\t\t\t\t<\/h3>\n\t\t\t<ul>\n<li>24 Stunden Online-Service f\u00fcr Ihre Beratung.<\/li>\n<li>Hilfe bei der Auswahl des richtigen Modells und eine Reihe von Dienstleistungen, Person, Beratung.<\/li>\n<li>Akzeptierte Anpassung f\u00fcr alle Arten von Produkten mit speziellen Spezifikationen.<\/li>\n<li>Wir legen Wert auf eine rechtzeitige Anfrage, um ein schnelles und wettbewerbsf\u00e4higes Angebot zu erhalten.<\/li>\n<\/ul>\n\t<h3>\n\t\t\t\t\tService nach dem Verkauf\n\t\t\t\t<\/h3>\n\t\t\t<ul>\n<li>Wir bearbeiten Ihre Beschwerden innerhalb von 24 Stunden und bieten innerhalb von 3 Werktagen eine L\u00f6sung an.<\/li>\n<li>Schulung zur Installation der Maschine, Schulung zur Verwendung der Maschine. Wir w\u00fcrden ein Betriebsvideo und eine englische Bedienungsanleitung anbieten. Wir k\u00f6nnen Video-Con bereitstellen.<\/li>\n<li>1 Jahr Garantieservice und lebenslange Wartung; Unsere Ingenieure k\u00f6nnten f\u00fcr einen besseren Service unbedingt zu Ihnen kommen.<\/li>\n<\/ul>\n\t<h3>\n\t\t\t\t\tVerpflichtung\n\t\t\t\t<\/h3>\n\t\t\t<ul>\n<li>Gleichzeitig mit der Vertragsunterzeichnung unterzeichnen wir eine Verpflichtungserkl\u00e4rung, die Ihr Vertrauen in uns st\u00e4rkt.<\/li>\n<li>Alle Waren werden mit Folie und Luftpolsterfolie abgedeckt, bevor sie in die stabile Holzkiste gelegt werden.<\/li>\n<\/ul>\n\n","protected":false},"excerpt":{"rendered":"<p>\u00dcber uns Wir sind Ihr zuverl\u00e4ssiger Partner Griffin Technology Manufacturing Co., Ltd. eine Fabrik mit mehr als zehn Jahren Erfahrung im professionellen und technischen Industrieservice, befindet sich in der Stadt Changzhou in Jiangsu. \u00a0 Unser [&hellip;]<\/p>\n","protected":false},"author":1,"featured_media":0,"parent":0,"menu_order":0,"comment_status":"closed","ping_status":"closed","template":"","meta":{"site-sidebar-layout":"no-sidebar","site-content-layout":"page-builder","ast-site-content-layout":"default","site-content-style":"default","site-sidebar-style":"default","ast-global-header-display":"","ast-banner-title-visibility":"","ast-main-header-display":"","ast-hfb-above-header-display":"","ast-hfb-below-header-display":"","ast-hfb-mobile-header-display":"","site-post-title":"disabled","ast-breadcrumbs-content":"","ast-featured-img":"disabled","footer-sml-layout":"","ast-disable-related-posts":"","theme-transparent-header-meta":"enabled","adv-header-id-meta":"","stick-header-meta":"default","header-above-stick-meta":"","header-main-stick-meta":"","header-below-stick-meta":"","astra-migrate-meta-layouts":"default","ast-page-background-enabled":"default","ast-page-background-meta":{"desktop":{"background-color":"","background-image":"","background-repeat":"repeat","background-position":"center center","background-size":"auto","background-attachment":"scroll","background-type":"","background-media":"","overlay-type":"","overlay-color":"","overlay-opacity":"","overlay-gradient":""},"tablet":{"background-color":"","background-image":"","background-repeat":"repeat","background-position":"center center","background-size":"auto","background-attachment":"scroll","background-type":"","background-media":"","overlay-type":"","overlay-color":"","overlay-opacity":"","overlay-gradient":""},"mobile":{"background-color":"","background-image":"","background-repeat":"repeat","background-position":"center center","background-size":"auto","background-attachment":"scroll","background-type":"","background-media":"","overlay-type":"","overlay-color":"","overlay-opacity":"","overlay-gradient":""}},"ast-content-background-meta":{"desktop":{"background-color":"var(--ast-global-color-5)","background-image":"","background-repeat":"repeat","background-position":"center center","background-size":"auto","background-attachment":"scroll","background-type":"","background-media":"","overlay-type":"","overlay-color":"","overlay-opacity":"","overlay-gradient":""},"tablet":{"background-color":"var(--ast-global-color-5)","background-image":"","background-repeat":"repeat","background-position":"center center","background-size":"auto","background-attachment":"scroll","background-type":"","background-media":"","overlay-type":"","overlay-color":"","overlay-opacity":"","overlay-gradient":""},"mobile":{"background-color":"var(--ast-global-color-5)","background-image":"","background-repeat":"repeat","background-position":"center center","background-size":"auto","background-attachment":"scroll","background-type":"","background-media":"","overlay-type":"","overlay-color":"","overlay-opacity":"","overlay-gradient":""}},"footnotes":""},"class_list":["post-5897","page","type-page","status-publish","hentry"],"_links":{"self":[{"href":"https:\/\/www.griffinmachinery.com\/de\/wp-json\/wp\/v2\/pages\/5897","targetHints":{"allow":["GET"]}}],"collection":[{"href":"https:\/\/www.griffinmachinery.com\/de\/wp-json\/wp\/v2\/pages"}],"about":[{"href":"https:\/\/www.griffinmachinery.com\/de\/wp-json\/wp\/v2\/types\/page"}],"author":[{"embeddable":true,"href":"https:\/\/www.griffinmachinery.com\/de\/wp-json\/wp\/v2\/users\/1"}],"replies":[{"embeddable":true,"href":"https:\/\/www.griffinmachinery.com\/de\/wp-json\/wp\/v2\/comments?post=5897"}],"version-history":[{"count":0,"href":"https:\/\/www.griffinmachinery.com\/de\/wp-json\/wp\/v2\/pages\/5897\/revisions"}],"wp:attachment":[{"href":"https:\/\/www.griffinmachinery.com\/de\/wp-json\/wp\/v2\/media?parent=5897"}],"curies":[{"name":"wp","href":"https:\/\/api.w.org\/{rel}","templated":true}]}}