{"id":10016,"date":"2022-10-31T07:44:37","date_gmt":"2022-10-31T07:44:37","guid":{"rendered":"https:\/\/www.griffinmachinery.com\/unsere-leistungen\/"},"modified":"2022-11-13T06:18:28","modified_gmt":"2022-11-13T06:18:28","slug":"unsere-leistungen","status":"publish","type":"page","link":"https:\/\/www.griffinmachinery.com\/de\/unsere-leistungen\/","title":{"rendered":"Unsere Leistungen"},"content":{"rendered":"\n\n\t<h1>\n\t\t\t\t\tUnsere Leistungen\n\t\t\t\t<\/h1>\n\t<p>Um den Inhalt unserer Dienste zu vereinheitlichen, haben wir die folgenden Listen unten aufgef\u00fchrt.<\/p>\n<h3>\n\t\tI. Vorverkaufs- und Verkaufsservices\n\t<\/h3>\n\t\t\t\t<img decoding=\"async\" src=\"https:\/\/www.griffinmachinery.com\/wp-content\/uploads\/2022\/05\/Our-Team-3.png\" alt=\"Our Team 3\" itemprop=\"image\"\/>\n\t<ul>\n<li>Unterst\u00fctzung bei der Auswahl des richtigen Ger\u00e4temodells.<\/li>\n<li>Die technische Abteilung arbeitet mit Vertriebsmitarbeitern zusammen, um Kundenprojekte zu verfolgen und die Kundenbed\u00fcrfnisse in Bezug auf Produktionsprozessanforderungen, Prozesse, Chargen, Engineering und Verifizierung zu verstehen.<\/li>\n<li>Das technische Servicepersonal steht jederzeit in technischer oder ingenieurtechnischer Kommunikation mit dem Kunden, um L\u00f6sungen zu erarbeiten.<\/li>\n<li>Technische Dokumente und zugeh\u00f6rige Materialien, die von Kunden ben\u00f6tigt werden, rechtzeitig bereitstellen.<\/li>\n<\/ul>\n<h3>\n\t\tII. Kundendienst\n\t<\/h3>\n\t\t\t\t<img decoding=\"async\" src=\"https:\/\/www.griffinmachinery.com\/wp-content\/uploads\/2022\/03\/image1.jpg\" alt=\"image1\" itemprop=\"image\"\/>\n\t<p><strong>2.1 Installation &amp; Inbetriebnahme<\/strong><\/p>\n<ul>\n<li>Kommunizieren Sie rechtzeitig mit Kunden, wenn die Ausr\u00fcstung versandt wird, um die Installationspl\u00e4ne der Ausr\u00fcstung des Kunden zu verstehen.<\/li>\n<li>Unterst\u00fctzen Sie Kunden beim Abschlie\u00dfen der Vorbereitung vor der Ger\u00e4teinstallation und stellen Sie den Kunden detaillierte Inhalte zur Vorbereitung der Ger\u00e4teinstallation zur Verf\u00fcgung.<\/li>\n<li>Nach Erhalt der Installationsmitteilung werden wir rechtzeitig zum Kundenstandort gehen, um mit dem Kunden zusammenzuarbeiten, um das Auspacken und die Abnahme der Ausr\u00fcstung abzuschlie\u00dfen.<\/li>\n<li>Arbeiten Sie mit Kunden zusammen, um Hebepl\u00e4ne w\u00e4hrend der Ger\u00e4teinstallation zu formulieren.<\/li>\n<li>Vor-Ort-Anleitung zum Heben der Ausr\u00fcstung und zum Verbinden mit dem Fundament.<\/li>\n<li>Debuggen Sie Ger\u00e4te und arbeiten Sie mit Kunden zusammen, um die \u00dcberpr\u00fcfung des Ger\u00e4tebetriebs abzuschlie\u00dfen.<\/li>\n<li>F\u00fchren Sie Schulungen f\u00fcr kundenbezogenes Personal durch und der Schulungsplan wird nach Unterzeichnung und Best\u00e4tigung durch den Kunden in die Kundenakte geladen.<\/li>\n<\/ul>\n<h3>\n\t\tIII. Pflichten des Kunden\n\t<\/h3>\n\t<ul>\n<li>Um unserem Servicepersonal einen sicheren, rechtzeitigen und angemessenen Zugang zu den von Haihong hergestellten Ausr\u00fcstungsprodukten zu erm\u00f6glichen, damit unser Personal Dienstleistungen erbringen kann.<\/li>\n<li>Die von unseren Mitarbeitern vorgeschlagenen Tools, Hilfsmittel und personellen Unterst\u00fctzungsleistungen werden kostenlos zur Verf\u00fcgung gestellt, um einen reibungslosen Betrieb des Dienstes zu gew\u00e4hrleisten.<\/li>\n<li>Stellen Sie aus Sicherheitsgr\u00fcnden sicher, dass unsere Mitarbeiter immer von einem Mitarbeiter begleitet werden, der mit dem Standort und dem Sicherheitssystem des Benutzers vertraut ist, wenn sie sich am Standort des Kunden befinden.<\/li>\n<li>Geben Sie unserem Personal eine genaue Beschreibung des Problems, mit dem das Ger\u00e4t konfrontiert ist, teilen Sie dem Servicepersonal mit, was die St\u00f6rungsmeldung war, wann sie aufgetreten ist und welche Schritte unternommen wurden, um die St\u00f6rung zu beheben.<\/li>\n<\/ul>\n\n","protected":false},"excerpt":{"rendered":"<p>Unsere Leistungen Um den Inhalt unserer Dienste zu vereinheitlichen, haben wir die folgenden Listen unten aufgef\u00fchrt. I. Vorverkaufs- und Verkaufsservices Unterst\u00fctzung bei der Auswahl des richtigen Ger\u00e4temodells. Die technische Abteilung arbeitet mit Vertriebsmitarbeitern zusammen, um [&hellip;]<\/p>\n","protected":false},"author":1,"featured_media":0,"parent":0,"menu_order":0,"comment_status":"closed","ping_status":"closed","template":"","meta":{"site-sidebar-layout":"no-sidebar","site-content-layout":"page-builder","ast-site-content-layout":"default","site-content-style":"default","site-sidebar-style":"default","ast-global-header-display":"","ast-banner-title-visibility":"","ast-main-header-display":"","ast-hfb-above-header-display":"","ast-hfb-below-header-display":"","ast-hfb-mobile-header-display":"","site-post-title":"disabled","ast-breadcrumbs-content":"","ast-featured-img":"disabled","footer-sml-layout":"","ast-disable-related-posts":"","theme-transparent-header-meta":"enabled","adv-header-id-meta":"","stick-header-meta":"default","header-above-stick-meta":"","header-main-stick-meta":"","header-below-stick-meta":"","astra-migrate-meta-layouts":"default","ast-page-background-enabled":"default","ast-page-background-meta":{"desktop":{"background-color":"","background-image":"","background-repeat":"repeat","background-position":"center center","background-size":"auto","background-attachment":"scroll","background-type":"","background-media":"","overlay-type":"","overlay-color":"","overlay-opacity":"","overlay-gradient":""},"tablet":{"background-color":"","background-image":"","background-repeat":"repeat","background-position":"center center","background-size":"auto","background-attachment":"scroll","background-type":"","background-media":"","overlay-type":"","overlay-color":"","overlay-opacity":"","overlay-gradient":""},"mobile":{"background-color":"","background-image":"","background-repeat":"repeat","background-position":"center center","background-size":"auto","background-attachment":"scroll","background-type":"","background-media":"","overlay-type":"","overlay-color":"","overlay-opacity":"","overlay-gradient":""}},"ast-content-background-meta":{"desktop":{"background-color":"var(--ast-global-color-5)","background-image":"","background-repeat":"repeat","background-position":"center center","background-size":"auto","background-attachment":"scroll","background-type":"","background-media":"","overlay-type":"","overlay-color":"","overlay-opacity":"","overlay-gradient":""},"tablet":{"background-color":"var(--ast-global-color-5)","background-image":"","background-repeat":"repeat","background-position":"center center","background-size":"auto","background-attachment":"scroll","background-type":"","background-media":"","overlay-type":"","overlay-color":"","overlay-opacity":"","overlay-gradient":""},"mobile":{"background-color":"var(--ast-global-color-5)","background-image":"","background-repeat":"repeat","background-position":"center center","background-size":"auto","background-attachment":"scroll","background-type":"","background-media":"","overlay-type":"","overlay-color":"","overlay-opacity":"","overlay-gradient":""}},"footnotes":""},"class_list":["post-10016","page","type-page","status-publish","hentry"],"_links":{"self":[{"href":"https:\/\/www.griffinmachinery.com\/de\/wp-json\/wp\/v2\/pages\/10016","targetHints":{"allow":["GET"]}}],"collection":[{"href":"https:\/\/www.griffinmachinery.com\/de\/wp-json\/wp\/v2\/pages"}],"about":[{"href":"https:\/\/www.griffinmachinery.com\/de\/wp-json\/wp\/v2\/types\/page"}],"author":[{"embeddable":true,"href":"https:\/\/www.griffinmachinery.com\/de\/wp-json\/wp\/v2\/users\/1"}],"replies":[{"embeddable":true,"href":"https:\/\/www.griffinmachinery.com\/de\/wp-json\/wp\/v2\/comments?post=10016"}],"version-history":[{"count":0,"href":"https:\/\/www.griffinmachinery.com\/de\/wp-json\/wp\/v2\/pages\/10016\/revisions"}],"wp:attachment":[{"href":"https:\/\/www.griffinmachinery.com\/de\/wp-json\/wp\/v2\/media?parent=10016"}],"curies":[{"name":"wp","href":"https:\/\/api.w.org\/{rel}","templated":true}]}}