{"id":4456,"date":"2022-04-04T16:05:33","date_gmt":"2022-04-04T16:05:33","guid":{"rendered":"https:\/\/www.griffinmachinery.com\/vakuum-baeltetoerrer\/"},"modified":"2022-04-04T16:05:33","modified_gmt":"2022-04-04T16:05:33","slug":"vakuum-baeltetorretumbler","status":"publish","type":"product","link":"https:\/\/www.griffinmachinery.com\/da\/vakuum-baeltetorretumbler\/","title":{"rendered":"Vakuum b\u00e6ltet\u00f8rrer"},"content":{"rendered":"<h3>Arbejdsprincip<\/h3>\n<p>Det er et vakuumt\u00f8rringsudstyr med kontinuerlig indf\u00f8ring og kontinuerlig udt\u00f8mning. Det r\u00e5materiale, der skal t\u00f8rres, transporteres ind i t\u00f8rretumbleren af foderpumpen og fordeles j\u00e6vnt p\u00e5 transportb\u00e5ndet af fordeleren, og materialets kogepunktstemperatur s\u00e6nkes af det h\u00f8je vakuum, og fugten i det flydende r\u00e5materiale sublimeres direkte til damp, og transportb\u00e5ndet er p\u00e5 varmepladen.<\/p>\n<p>Den k\u00f8rer med konstant hastighed, og varmekilden i varmepladen kan opvarmes med damp, varmt vand eller elvarme. Gennem driften af transportb\u00e5ndet, fra fordampning og t\u00f8rring i den forreste ende til k\u00f8leudladning i den bageste ende, kan temperaturomr\u00e5det fra h\u00f8j til lav justeres i overensstemmelse med materialets egenskaber, udladningsenden er udstyret med en specifik vakuum pulveriseringsanordning for at opn\u00e5 f\u00e6rdige produkter af forskellige partikelst\u00f8rrelser, og det t\u00f8rrede pulver kan automatisk pakkes eller forarbejdes senere.<\/p>\n<h3>Anvendelser<\/h3>\n<p>Den er velegnet til t\u00f8rring af maltose, maltm\u00e6lk, saccharose, roesukker, dextrin, havregryn, majsbr\u00e6ndevin, rismel, honning, kaffe og andet sukker og forskellige stoffer med h\u00f8jt sukkerindhold. Det kinesiske urteekstrakt med h\u00f8j koncentration og h\u00f8j viskositet l\u00f8ser et stort problem.<\/p>\n<p>Denne maskine er ikke kun egnet til sukkerf\u00f8devarer og traditionelle kinesiske medicinekstrakter, men ogs\u00e5 egnet til t\u00f8rring ved lav temperatur af forskellige flydende pasta-lignende r\u00e5materialer som kinesisk og vestlig medicin, polysaccharidmedicin, bioteknologi, kemiske r\u00e5materialer, f\u00f8devaretils\u00e6tningsstoffer osv., Let at agglomerere, termoplastisk, varmef\u00f8lsomme produkter t\u00f8rring; velkommen nye og gamle kunder til at bringe materialer til virksomheden for at teste maskinen.<\/p>\n","protected":false},"excerpt":{"rendered":"<ul>\n<li>Et komplet s\u00e6t af procesautomatisering, pipeline og kontinuerlig;<\/li>\n<li>Realisere kontinuerlig indf\u00f8ring og udledning under vakuumforhold;<\/li>\n<li>Komplet t\u00f8rring, knusning og granulering under vakuum;<\/li>\n<li>Driftsomkostningerne er 1\/3 af vakuumovn, sprayt\u00f8rring og 1\/6 af fryset\u00f8rring;<\/li>\n<li>Der er ikke mere end to operat\u00f8rer, hvilket reducerer arbejdsomkostningerne betydeligt;<\/li>\n<li>T\u00f8rringstemperaturen kan justeres i overensstemmelse med kravene til materialeprocessen (25\u2103\uff5e150\u2103);<\/li>\n<li>Varmef\u00f8lsomme materialer muterer ikke og forurener ikke bakterier;<\/li>\n<li>30 ~ 60 minutter for at begynde at producere t\u00f8rt pulver kontinuerligt, t\u00f8rpulverudbyttet er 99%;<\/li>\n<li>Den kan l\u00f8se t\u00f8rring af forskellige flydende og opsl\u00e6mmede materialer med h\u00f8j viskositet og vanskelig t\u00f8rring;<\/li>\n<li>Online automatisk reng\u00f8ring i overensstemmelse med GMP-kravene.<\/li>\n<\/ul>\n","protected":false},"featured_media":3716,"template":"","meta":{"site-sidebar-layout":"default","site-content-layout":"default","ast-site-content-layout":"default","site-content-style":"default","site-sidebar-style":"default","ast-global-header-display":"","ast-banner-title-visibility":"","ast-main-header-display":"","ast-hfb-above-header-display":"","ast-hfb-below-header-display":"","ast-hfb-mobile-header-display":"","site-post-title":"","ast-breadcrumbs-content":"","ast-featured-img":"","footer-sml-layout":"","ast-disable-related-posts":"","theme-transparent-header-meta":"default","adv-header-id-meta":"","stick-header-meta":"default","header-above-stick-meta":"","header-main-stick-meta":"","header-below-stick-meta":"","astra-migrate-meta-layouts":"default","ast-page-background-enabled":"default","ast-page-background-meta":{"desktop":{"background-color":"","background-image":"","background-repeat":"repeat","background-position":"center center","background-size":"auto","background-attachment":"scroll","background-type":"","background-media":"","overlay-type":"","overlay-color":"","overlay-opacity":"","overlay-gradient":""},"tablet":{"background-color":"","background-image":"","background-repeat":"repeat","background-position":"center center","background-size":"auto","background-attachment":"scroll","background-type":"","background-media":"","overlay-type":"","overlay-color":"","overlay-opacity":"","overlay-gradient":""},"mobile":{"background-color":"","background-image":"","background-repeat":"repeat","background-position":"center center","background-size":"auto","background-attachment":"scroll","background-type":"","background-media":"","overlay-type":"","overlay-color":"","overlay-opacity":"","overlay-gradient":""}},"ast-content-background-meta":{"desktop":{"background-color":"var(--ast-global-color-5)","background-image":"","background-repeat":"repeat","background-position":"center center","background-size":"auto","background-attachment":"scroll","background-type":"","background-media":"","overlay-type":"","overlay-color":"","overlay-opacity":"","overlay-gradient":""},"tablet":{"background-color":"var(--ast-global-color-5)","background-image":"","background-repeat":"repeat","background-position":"center center","background-size":"auto","background-attachment":"scroll","background-type":"","background-media":"","overlay-type":"","overlay-color":"","overlay-opacity":"","overlay-gradient":""},"mobile":{"background-color":"var(--ast-global-color-5)","background-image":"","background-repeat":"repeat","background-position":"center center","background-size":"auto","background-attachment":"scroll","background-type":"","background-media":"","overlay-type":"","overlay-color":"","overlay-opacity":"","overlay-gradient":""}}},"product_brand":[],"product_cat":[110],"product_tag":[],"class_list":{"0":"post-4456","1":"product","2":"type-product","3":"status-publish","4":"has-post-thumbnail","6":"product_cat-vakuumtorrer","7":"desktop-align-center","8":"tablet-align-center","9":"mobile-align-center","10":"ast-product-gallery-layout-horizontal","11":"ast-product-tabs-layout-horizontal","12":"ast-qv-on-image","14":"first","15":"instock","16":"shipping-taxable","17":"product-type-simple"},"_links":{"self":[{"href":"https:\/\/www.griffinmachinery.com\/da\/wp-json\/wp\/v2\/product\/4456","targetHints":{"allow":["GET"]}}],"collection":[{"href":"https:\/\/www.griffinmachinery.com\/da\/wp-json\/wp\/v2\/product"}],"about":[{"href":"https:\/\/www.griffinmachinery.com\/da\/wp-json\/wp\/v2\/types\/product"}],"wp:featuredmedia":[{"embeddable":true,"href":"https:\/\/www.griffinmachinery.com\/da\/wp-json\/wp\/v2\/media\/3716"}],"wp:attachment":[{"href":"https:\/\/www.griffinmachinery.com\/da\/wp-json\/wp\/v2\/media?parent=4456"}],"wp:term":[{"taxonomy":"product_brand","embeddable":true,"href":"https:\/\/www.griffinmachinery.com\/da\/wp-json\/wp\/v2\/product_brand?post=4456"},{"taxonomy":"product_cat","embeddable":true,"href":"https:\/\/www.griffinmachinery.com\/da\/wp-json\/wp\/v2\/product_cat?post=4456"},{"taxonomy":"product_tag","embeddable":true,"href":"https:\/\/www.griffinmachinery.com\/da\/wp-json\/wp\/v2\/product_tag?post=4456"}],"curies":[{"name":"wp","href":"https:\/\/api.w.org\/{rel}","templated":true}]}}