{"id":7934,"date":"2022-07-03T07:34:31","date_gmt":"2022-07-03T07:34:31","guid":{"rendered":"https:\/\/www.griffinmachinery.com\/pigment-industry-drying\/"},"modified":"2023-04-10T06:37:58","modified_gmt":"2023-04-10T06:37:58","slug":"toerring-af-pigmentindustrien","status":"publish","type":"page","link":"https:\/\/www.griffinmachinery.com\/da\/toerring-af-pigmentindustrien\/","title":{"rendered":"T\u00f8rring af pigmentindustrien"},"content":{"rendered":"\n<h3>\n\t\tT\u00f8rremaskine anvendt i pigmentindustrien\n\t<\/h3>\n\t<p>H\u00f8j effektivitet, lavt forbrug og lav forurening er blevet de vigtigste indikatorer for et s\u00e6t af h\u00f8jkvalitets pagmentt\u00f8rremaskiner.<\/p>\n<p>Disse indikatorer har vigtig praktisk betydning for de fleste pigmentproducenter for effektivt at reducere energiforbruget, reducere produktionsomkostningerne og forbedre markedets konkurrenceevne.<\/p>\n\t\t\t<a href=\"#\" role=\"button\">\n\t\t\t\t\t\t\tKom i kontakt med os nu\n\t\t\t<\/a>\n\t\t\n<div class=\"wpcf7 no-js\" id=\"wpcf7-f4491-o1\" lang=\"da-DK\" dir=\"ltr\" data-wpcf7-id=\"4491\">\n<div class=\"screen-reader-response\"><p role=\"status\" aria-live=\"polite\" aria-atomic=\"true\"><\/p> <ul><\/ul><\/div>\n<form action=\"\/da\/wp-json\/wp\/v2\/pages\/7934#wpcf7-f4491-o1\" method=\"post\" class=\"wpcf7-form init\" aria-label=\"Kontaktformular\" novalidate=\"novalidate\" data-status=\"init\">\n<fieldset class=\"hidden-fields-container\"><input type=\"hidden\" name=\"_wpcf7\" value=\"4491\" \/><input type=\"hidden\" name=\"_wpcf7_version\" value=\"6.1.5\" \/><input type=\"hidden\" name=\"_wpcf7_locale\" value=\"da_DK\" \/><input type=\"hidden\" name=\"_wpcf7_unit_tag\" value=\"wpcf7-f4491-o1\" \/><input type=\"hidden\" name=\"_wpcf7_container_post\" value=\"0\" \/><input type=\"hidden\" name=\"_wpcf7_posted_data_hash\" value=\"\" \/><input type=\"hidden\" name=\"_wpcf7_recaptcha_response\" value=\"\" \/>\n<\/fieldset>\n<p><label> Dit navn<br \/>\n<span class=\"wpcf7-form-control-wrap\" data-name=\"your-name\"><input size=\"40\" maxlength=\"400\" class=\"wpcf7-form-control wpcf7-text wpcf7-validates-as-required\" aria-required=\"true\" aria-invalid=\"false\" value=\"\" type=\"text\" name=\"your-name\" \/><\/span> <\/label>\n<\/p>\n<p><label> Din e-mail<br \/>\n<span class=\"wpcf7-form-control-wrap\" data-name=\"your-email\"><input size=\"40\" maxlength=\"400\" class=\"wpcf7-form-control wpcf7-email wpcf7-validates-as-required wpcf7-text wpcf7-validates-as-email\" aria-required=\"true\" aria-invalid=\"false\" value=\"\" type=\"email\" name=\"your-email\" \/><\/span> <\/label>\n<\/p>\n<p><label> Dit telefonnummer (valgfrit)<br \/>\n<span class=\"wpcf7-form-control-wrap\" data-name=\"tel-157\"><input size=\"40\" maxlength=\"400\" class=\"wpcf7-form-control wpcf7-tel wpcf7-text wpcf7-validates-as-tel\" aria-invalid=\"false\" value=\"\" type=\"tel\" name=\"tel-157\" \/><\/span> <\/label>\n<\/p>\n<p><label> Din besked<br \/>\n<span class=\"wpcf7-form-control-wrap\" data-name=\"your-message\"><textarea cols=\"40\" rows=\"10\" maxlength=\"2000\" class=\"wpcf7-form-control wpcf7-textarea wpcf7-validates-as-required\" aria-required=\"true\" aria-invalid=\"false\" name=\"your-message\"><\/textarea><\/span> <\/label>\n<\/p>\n<p><span class=\"wpcf7-form-control-wrap\" data-name=\"quiz-747\"><label><span class=\"wpcf7-quiz-label\">2+6=?<\/span> <input size=\"40\" class=\"wpcf7-form-control wpcf7-quiz\" autocomplete=\"off\" aria-required=\"true\" aria-invalid=\"false\" type=\"text\" name=\"quiz-747\" \/><\/label><input type=\"hidden\" name=\"_wpcf7_quiz_answer_quiz-747\" value=\"b92383fac706b700c4f8d69faa457125\" \/><\/span>\n<\/p>\n<p><input class=\"wpcf7-form-control wpcf7-submit has-spinner\" type=\"submit\" value=\"Indsend\" \/>\n<\/p><div class=\"wpcf7-response-output\" aria-hidden=\"true\"><\/div>\n<\/form>\n<\/div>\n\t\n\t<h2>\n\t\t\t\t\tJernoxid pigmentt\u00f8rrer\n\t\t\t\t<\/h2>\n\t\t\t<p>Jernoxid er det n\u00e6stst\u00f8rste uorganiske pigment efter titaniumdioxid og det st\u00f8rste uorganiske farvepigment.<\/p>\n\t\t\t\t<img loading=\"lazy\" decoding=\"async\" src=\"https:\/\/www.griffinmachinery.com\/wp-content\/uploads\/2022\/04\/Mesh-Belt-Dryer-1-300x300.jpg\" alt=\"Mesh Belt t\u00f8rretumbler\" itemprop=\"image\" height=\"300\" width=\"300\" height=\"300\" width=\"300\" title=\"Mesh Belt t\u00f8rretumbler\" onerror=\"this.style.display='none'\"  \/>\n\t\t\t\t<img loading=\"lazy\" decoding=\"async\" src=\"https:\/\/www.griffinmachinery.com\/wp-content\/uploads\/2022\/04\/Mesh-Belt-Dryer-2-300x300.jpg\" alt=\"Mesh Belt t\u00f8rretumbler\" itemprop=\"image\" height=\"300\" width=\"300\" height=\"300\" width=\"300\" title=\"Mesh Belt t\u00f8rretumbler\" onerror=\"this.style.display='none'\"  \/>\n\t\t\t\t<img loading=\"lazy\" decoding=\"async\" src=\"https:\/\/www.griffinmachinery.com\/wp-content\/uploads\/2022\/04\/Mesh-Belt-Dryer-3-300x300.jpg\" alt=\"Mesh Belt t\u00f8rretumbler\" itemprop=\"image\" height=\"300\" width=\"300\" height=\"300\" width=\"300\" title=\"Mesh Belt t\u00f8rretumbler\" onerror=\"this.style.display='none'\"  \/>\n\t\t\t\t<img decoding=\"async\" src=\"https:\/\/www.griffinmachinery.com\/wp-content\/plugins\/beaver-builder-lite-version\/img\/pixel.png\" alt=\"\" itemprop=\"image\" onerror=\"this.style.display='none'\"  \/>\n\t<p><a href=\"https:\/\/www.griffinmachinery.com\/da\/mesh-belt-torretumbler\/\"><strong>B\u00e6ltet\u00f8rrere<\/strong><\/a> har ogs\u00e5 v\u00e6ret brugt i pigmentindustrien i flere \u00e5r. I henhold til egenskaberne for b\u00e5ndt\u00f8rrere og pigmentt\u00f8rring har Griffin Machinery specialdesignede b\u00e5ndt\u00f8rrere til jernoxidpigmentt\u00f8rring.<\/p>\n<p>Ved at \u00f8ge den cirkulerende luftm\u00e6ngde, tilf\u00f8je en lufttilf\u00f8rsel og ensartet luftplade i udstyret og designe forskellige cirkulationsmetoder og fugtfjernelsesm\u00e6ngder i forskellige t\u00f8rretrin, bliver produktionseffektiviteten af \u200b\u200bden specielle b\u00e5ndt\u00f8rrer til pigmenter h\u00f8jere og h\u00f8jere, og graden af \u200b\u200bautomatisering er forbedret. Forbruget bliver lavere og lavere, produktkvaliteten er stabil, og der er stort set ikke st\u00f8v ved t\u00f8rring.<\/p>\n<h2>Forbedringsforanstaltninger<\/h2>\n<h3>1. Brug egnede formemaskiner<\/h3>\n<p>Den ensartede st\u00f8bning af materialet vil forkorte t\u00f8rretiden, forbedre produktiviteten og reducere forbruget. Uj\u00e6vn st\u00f8bning vil kunstigt \u00f8ge t\u00f8rretiden, og det vil samtidig for\u00e5rsage uj\u00e6vn spredning p\u00e5 hele maskeoverfladen, kortslutte den varme luft, \u00f8ge fugtafgangstemperaturen og spilde energi. St\u00f8vmedrivningen er alvorlig, hvilket \u00f8ger belastningen af \u200b\u200budst\u00f8dningsgasbehandlingsenheden.<\/p>\n<h3>2. Rimelig indretning af luftvolumen i t\u00f8rreovnen<\/h3>\n<p>Den cirkulerende varme luft i t\u00f8rreboksen er fordelt j\u00e6vnt p\u00e5 hele maskeoverfladen s\u00e5 meget som muligt, s\u00e5 udformningen af \u200b\u200bluftudtag og returluftposition skal v\u00e6re rimelig, og kortslutningsf\u00e6nomenet i luften b\u00f8r undg\u00e5s s\u00e5 meget. som muligt, fordi systemets varmeoverf\u00f8rselskoefficient er relateret til vindhastigheden, der passerer gennem materialet under t\u00f8rringsprocessen. Vindhastigheden kan \u00f8ge systemets varmeoverf\u00f8rselskoefficient, og en for\u00f8gelse af systemets varmeoverf\u00f8rselskoefficient kan forbedre t\u00f8rrekapaciteten i t\u00f8rringstrinnet med konstant hastighed. Luftsk\u00e6rme skal tilf\u00f8jes p\u00e5 begge sider af mesh-b\u00e6ltet. P\u00e5 grund af den \u00f8gede modstand, efter at netb\u00e5ndet er tilf\u00f8rt, vil den varme luft sandsynligvis blive kortsluttet fra begge sider af netb\u00e5ndet. T\u00f8rringseffektiviteten vil falde.<\/p>\n<h3>3. Rimelig kontrol med fugtfjernelse<\/h3>\n<p>M\u00e6ngden af \u200b\u200baffugtende luft vil p\u00e5virke energiforbruget og produktionseffektiviteten ved t\u00f8rring. M\u00e6ngden af \u200b\u200baffugtende luft vil forbedre produktiviteten, men \u00f8ge energiforbruget. Derfor er det ogs\u00e5 vigtigt at v\u00e6lge den passende m\u00e6ngde affugtende luft.<\/p>\n<h2>Jernoxid uorganisk pigmentt\u00f8rrers arbejdsprincip<\/h2>\n<p>Det v\u00e5de jernoxidmateriale spredes j\u00e6vnt p\u00e5 mesh-b\u00e5ndet af f\u00f8deren, og mesh-b\u00e5ndet er lavet af 12-60 mesh rustfrit st\u00e5ltr\u00e5dsnet. Drevet af transmissionen til at flytte i t\u00f8rretumbleren. T\u00f8rretumbleren best\u00e5r af flere enheder, hver enhed cirkulerer den varme luft uafh\u00e6ngigt, en del af udst\u00f8dningsgassen udledes af en speciel affugtningsventilator, og udst\u00f8dningsgassen styres af en reguleringsventil. T\u00f8r og fjern fugt. Netb\u00e5ndet bev\u00e6ger sig langsomt, og k\u00f8rehastigheden kan frit justeres i henhold til materialetemperaturen, og det t\u00f8rrede f\u00e6rdige produkt falder kontinuerligt ned i modtageren. De \u00f8vre og nedre cirkulationsenheder kan udstyres fleksibelt efter brugerbehov, og antallet af enheder kan v\u00e6lges efter behov.<\/p>\n<h2>Jernoxid pigmentt\u00f8rrer struktur<\/h2>\n<p>Jernoxid specielle b\u00e6ltet\u00f8rrersystem inkluderer: pigmentst\u00f8bningssystem, kludsystem, transportsystem, varmeenhed, udst\u00f8dningsgasbehandlingssystem, elektrisk kontrolsystem osv.<\/p>\n<h3>Pigmentst\u00f8bningssystem<\/h3>\n<p>P\u00e5 grund af procesforskellene i forskellige virksomheder er fugtindholdet i pigmentfilterkagen ikke det samme, og brugen af \u200b\u200bforskellige st\u00f8besystemer i henhold til forskelligt fugtindhold vil hj\u00e6lpe b\u00e5ndt\u00f8rreren med at ud\u00f8ve sin kapacitet. Et passende st\u00f8besystem har en direkte indvirkning p\u00e5 t\u00f8rringsensartethed, udstyrsproduktionskapacitet, energiforbrug og udst\u00f8dningsgasbehandlingsanordninger.<\/p>\n<h3>Kl\u00e6desystem<\/h3>\n<p>Generelt beh\u00f8ver rotationstypen, svingtypen og rulleekstruderingstypen ikke et kl\u00e6desystem. Deres udl\u00f8bsbredde er generelt den samme som bredden af \u200b\u200bb\u00e5ndt\u00f8rreren. Ekstrusionsst\u00f8besystemet har brug for et stofsystem, som er en komposit. Det bev\u00e6gelige b\u00e5nd spreder det ekstruderede materiale j\u00e6vnt p\u00e5 netb\u00e5ndet gennem todimensionel bev\u00e6gelse.<\/p>\n<h3>Transport\u00f8r system<\/h3>\n<p>Transportsystemet bruger netb\u00e5ndet til at blive trukket af k\u00e6derne p\u00e5 begge sider og roterer i t\u00f8rreboksen. Transportsystemet skal tage h\u00f8jde for netb\u00e5ndets b\u00e6reevne. P\u00e5 grund af det tunge v\u00e5de materiale skal den nederste st\u00f8ttestang p\u00e5 maskeb\u00e5ndet v\u00e6re t\u00e6t, og generelt er man forbundet til en st\u00f8ttestang. . Der skal v\u00e6re bafler p\u00e5 begge sider af netb\u00e5ndet, dels for at forhindre materialel\u00e6kage, dels for at forhindre kortslutning af varm luft, som p\u00e5virker t\u00f8rreevnen.<\/p>\n<h3>T\u00f8rringsenhed<\/h3>\n<p>B\u00e6ltet\u00f8rreren er generelt opdelt i syv til otte uafh\u00e6ngige cirkulationsenheder. Hver enhed opvarmes separat. Forskellige opvarmningstemperaturer anvendes i henhold til forskellige stadier af t\u00f8rringen. Boksen er isoleret, udstyret med varmelegemer, cirkulationsventilatorer og inspektionsd\u00f8re.<\/p>\n<h3>Udst\u00f8dningsgasbehandlingssystem<\/h3>\n<p>Udst\u00f8dningsgasbehandlingssystemet og udstyrsfugtfjernelsessystemet er forbundet sammen, og pulsposefilteret bruges hovedsageligt. B\u00e6ltet\u00f8rrerens fugtafledningssystem er opdelt i to trin. I det f\u00f8rste trin, p\u00e5 grund af materialets h\u00f8je fugtindhold, slipper n\u00e6sten intet st\u00f8v ud, n\u00e5r st\u00f8betilstanden er god, s\u00e5 f\u00f8rste trins udst\u00f8dningsgas udledes direkte, og det andet trin pulseres. Posefilter.<\/p>\n<h3>Elektrisk styresystem<\/h3>\n<p>Betjeningen af \u200b\u200bb\u00e5ndt\u00f8rreren er relativt enkel, hovedsageligt inklusiv temperaturstyring, drift og hastighedsregulering af transportb\u00e5ndet, betjeningen af \u200b\u200bventilatoren, sammenl\u00e5sningen af \u200b\u200bhvert system osv. Hver enhed kan selvst\u00e6ndigt indstille og automatisk styre temperatur gennem dampproportionalreguleringsventilen.<\/p>\n\t<h2>\n\t\t\t\t\tKom i kontakt med os\n\t\t\t\t<\/h2>\n\t\t\t<p>Griffin Machinery, en erfaren og p\u00e5lidelig partner.<\/p>\n<p>Hvis du ogs\u00e5 leder efter en sk\u00e5nsom, men effektiv m\u00e5de at t\u00f8rre dit produkt p\u00e5, s\u00e5 kontakt os venligst for r\u00e5d. Vores team st\u00e5r klar til at hj\u00e6lpe dig med at finde den rigtige l\u00f8sning til dit projekt.<\/p>\n\t<style type=\"text\/css\"><\/style><div class=\"ufaqsw_container_default ufaqsw_container_default_4496 ufaqsw_element_group_src\"> \n\n\t\t\t<h2 class=\"ufaqsw_faq_title ufaqsw_faq_title_4496\">Ofte Stillede Sp\u00f8rgsm\u00e5l<\/h2>\n\t\n\t\n\t\t<div class=\"ufaqsw_toggle_default ufaqsw_toggle_default_4496 ufaqsw_element_src\">\n\t\t\t<div class=\"ufaqsw-toggle-title-area-default ufaqsw-toggle-title-area-default_4496\"\n\t\t\trole=\"button\"\n\t\t\ttabindex=\"0\"\n\t\t\taria-expanded=\"false\"\n\t\t\taria-controls=\"ufaqsw_faq_answer_1_4496\"\n\t\t\taria-label=\"Hvor er din fabrik?\"\n\t\t\t>\n\t\t\t\t<div class=\"ufaqsw-title-name-default ufaqsw-title-name-default_4496\">\n\t\t\t\t\t<span class=\"ufaqsw-default-icon\">\n\t\t\t\t\t\t<i class=\"fa fa fa-plus\" aria-hidden=\"true\"><\/i>\n\t\t\t\t\t\t<i class=\"fa fa fa-minus\" id=\"ufaqsw_other_style\" aria-hidden=\"true\"><\/i>\n\t\t\t\t\t<\/span>\t\t\t\t\n\t\t\t\t\t<span class=\"ufaqsw-default-title ufaqsw_faq_question_src\">Hvor er din fabrik?<\/span>\n\t\t\t\t<\/div>\n\t\t\t<\/div>\n\t\t\t<div class=\"ufaqsw-toggle-inner-default ufaqsw-toggle-inner-default_4496 ufaqsw_faq_answer_src\"\n\t\t\tid=\"ufaqsw_faq_answer_1_4496\"\n\t\t\taria-hidden=\"true\"\n\t\t\taria-labelledby=\"ufaqsw_faq_answer_1_4496\"\n\t\t\tstyle=\"display:none\"\t\t\t>\n\t\t\tVi er beliggende i Changzhou City n\u00e6r Shanghai.\t\t\t<\/div>\n\t\t<\/div><!-- END OF TOGGLE -->\n\n\t\t\n\t\t<div class=\"ufaqsw_toggle_default ufaqsw_toggle_default_4496 ufaqsw_element_src\">\n\t\t\t<div class=\"ufaqsw-toggle-title-area-default ufaqsw-toggle-title-area-default_4496\"\n\t\t\trole=\"button\"\n\t\t\ttabindex=\"0\"\n\t\t\taria-expanded=\"false\"\n\t\t\taria-controls=\"ufaqsw_faq_answer_2_4496\"\n\t\t\taria-label=\"Hvad er kvaliteten af din maskine?\"\n\t\t\t>\n\t\t\t\t<div class=\"ufaqsw-title-name-default ufaqsw-title-name-default_4496\">\n\t\t\t\t\t<span class=\"ufaqsw-default-icon\">\n\t\t\t\t\t\t<i class=\"fa fa fa-plus\" aria-hidden=\"true\"><\/i>\n\t\t\t\t\t\t<i class=\"fa fa fa-minus\" id=\"ufaqsw_other_style\" aria-hidden=\"true\"><\/i>\n\t\t\t\t\t<\/span>\t\t\t\t\n\t\t\t\t\t<span class=\"ufaqsw-default-title ufaqsw_faq_question_src\">Hvad er kvaliteten af din maskine?<\/span>\n\t\t\t\t<\/div>\n\t\t\t<\/div>\n\t\t\t<div class=\"ufaqsw-toggle-inner-default ufaqsw-toggle-inner-default_4496 ufaqsw_faq_answer_src\"\n\t\t\tid=\"ufaqsw_faq_answer_2_4496\"\n\t\t\taria-hidden=\"true\"\n\t\t\taria-labelledby=\"ufaqsw_faq_answer_2_4496\"\n\t\t\tstyle=\"display:none\"\t\t\t>\n\t\t\t<p>Vores virksomhed f\u00f8lger strenge kvalitetskontroller og forskellige systematiske procedurer. Vi s\u00f8rger for kvalitet i alle faser af fremstillingsprocessen. Du kan v\u00e6re helt sikker p\u00e5 kvaliteten.<\/p>\n\t\t\t<\/div>\n\t\t<\/div><!-- END OF TOGGLE -->\n\n\t\t\n\t\t<div class=\"ufaqsw_toggle_default ufaqsw_toggle_default_4496 ufaqsw_element_src\">\n\t\t\t<div class=\"ufaqsw-toggle-title-area-default ufaqsw-toggle-title-area-default_4496\"\n\t\t\trole=\"button\"\n\t\t\ttabindex=\"0\"\n\t\t\taria-expanded=\"false\"\n\t\t\taria-controls=\"ufaqsw_faq_answer_3_4496\"\n\t\t\taria-label=\"Hvad er garantiperioden?\"\n\t\t\t>\n\t\t\t\t<div class=\"ufaqsw-title-name-default ufaqsw-title-name-default_4496\">\n\t\t\t\t\t<span class=\"ufaqsw-default-icon\">\n\t\t\t\t\t\t<i class=\"fa fa fa-plus\" aria-hidden=\"true\"><\/i>\n\t\t\t\t\t\t<i class=\"fa fa fa-minus\" id=\"ufaqsw_other_style\" aria-hidden=\"true\"><\/i>\n\t\t\t\t\t<\/span>\t\t\t\t\n\t\t\t\t\t<span class=\"ufaqsw-default-title ufaqsw_faq_question_src\">Hvad er garantiperioden?<\/span>\n\t\t\t\t<\/div>\n\t\t\t<\/div>\n\t\t\t<div class=\"ufaqsw-toggle-inner-default ufaqsw-toggle-inner-default_4496 ufaqsw_faq_answer_src\"\n\t\t\tid=\"ufaqsw_faq_answer_3_4496\"\n\t\t\taria-hidden=\"true\"\n\t\t\taria-labelledby=\"ufaqsw_faq_answer_3_4496\"\n\t\t\tstyle=\"display:none\"\t\t\t>\n\t\t\t<p>24 timers rettidigt svar p\u00e5 mail og telefonopkald. Vi yder et \u00e5rs garanti for at sikre, at din maskine k\u00f8rer konstant.<\/p>\n\t\t\t<\/div>\n\t\t<\/div><!-- END OF TOGGLE -->\n\n\t\t\n\t\t<div class=\"ufaqsw_toggle_default ufaqsw_toggle_default_4496 ufaqsw_element_src\">\n\t\t\t<div class=\"ufaqsw-toggle-title-area-default ufaqsw-toggle-title-area-default_4496\"\n\t\t\trole=\"button\"\n\t\t\ttabindex=\"0\"\n\t\t\taria-expanded=\"false\"\n\t\t\taria-controls=\"ufaqsw_faq_answer_4_4496\"\n\t\t\taria-label=\"Hvad er betalingsbetingelserne?\"\n\t\t\t>\n\t\t\t\t<div class=\"ufaqsw-title-name-default ufaqsw-title-name-default_4496\">\n\t\t\t\t\t<span class=\"ufaqsw-default-icon\">\n\t\t\t\t\t\t<i class=\"fa fa fa-plus\" aria-hidden=\"true\"><\/i>\n\t\t\t\t\t\t<i class=\"fa fa fa-minus\" id=\"ufaqsw_other_style\" aria-hidden=\"true\"><\/i>\n\t\t\t\t\t<\/span>\t\t\t\t\n\t\t\t\t\t<span class=\"ufaqsw-default-title ufaqsw_faq_question_src\">Hvad er betalingsbetingelserne?<\/span>\n\t\t\t\t<\/div>\n\t\t\t<\/div>\n\t\t\t<div class=\"ufaqsw-toggle-inner-default ufaqsw-toggle-inner-default_4496 ufaqsw_faq_answer_src\"\n\t\t\tid=\"ufaqsw_faq_answer_4_4496\"\n\t\t\taria-hidden=\"true\"\n\t\t\taria-labelledby=\"ufaqsw_faq_answer_4_4496\"\n\t\t\tstyle=\"display:none\"\t\t\t>\n\t\t\t<p>Vores normale betalingsbetingelse er 30% TT p\u00e5 forh\u00e5nd, 70% TT f\u00f8r forsendelse.<\/p>\n\t\t\t<\/div>\n\t\t<\/div><!-- END OF TOGGLE -->\n\n\t\t\n\t\t<div class=\"ufaqsw_toggle_default ufaqsw_toggle_default_4496 ufaqsw_element_src\">\n\t\t\t<div class=\"ufaqsw-toggle-title-area-default ufaqsw-toggle-title-area-default_4496\"\n\t\t\trole=\"button\"\n\t\t\ttabindex=\"0\"\n\t\t\taria-expanded=\"false\"\n\t\t\taria-controls=\"ufaqsw_faq_answer_5_4496\"\n\t\t\taria-label=\"Inkluderer din pris fragt?\"\n\t\t\t>\n\t\t\t\t<div class=\"ufaqsw-title-name-default ufaqsw-title-name-default_4496\">\n\t\t\t\t\t<span class=\"ufaqsw-default-icon\">\n\t\t\t\t\t\t<i class=\"fa fa fa-plus\" aria-hidden=\"true\"><\/i>\n\t\t\t\t\t\t<i class=\"fa fa fa-minus\" id=\"ufaqsw_other_style\" aria-hidden=\"true\"><\/i>\n\t\t\t\t\t<\/span>\t\t\t\t\n\t\t\t\t\t<span class=\"ufaqsw-default-title ufaqsw_faq_question_src\">Inkluderer din pris fragt?<\/span>\n\t\t\t\t<\/div>\n\t\t\t<\/div>\n\t\t\t<div class=\"ufaqsw-toggle-inner-default ufaqsw-toggle-inner-default_4496 ufaqsw_faq_answer_src\"\n\t\t\tid=\"ufaqsw_faq_answer_5_4496\"\n\t\t\taria-hidden=\"true\"\n\t\t\taria-labelledby=\"ufaqsw_faq_answer_5_4496\"\n\t\t\tstyle=\"display:none\"\t\t\t>\n\t\t\t<p>Vores s\u00e6dvanlige pris er baseret p\u00e5 FOB Shanghai. Vi kan give et CIF-tilbud efter anmodning.<\/p>\n\t\t\t<\/div>\n\t\t<\/div><!-- END OF TOGGLE -->\n\n\t\t\n<\/div>\n\n\t<iframe src=\"https:\/\/www.google.com\/maps\/embed?pb=!1m18!1m12!1m3!1d3390.2927421824006!2d119.88542131515791!3d31.817019981272452!2m3!1f0!2f0!3f0!3m2!1i1024!2i768!4f13.1!3m3!1m2!1s0x35b4149e3c70d0b3%3A0x8fff5da241c321f8!2sYun%20He%20Lu%2C%20China%2C%20213023!5e0!3m2!1sen!2sus!4v1649332227824!5m2!1sen!2sus\" width=\"100%\" height=\"450\" allowfullscreen=\"\" loading=\"lazy\" referrerpolicy=\"no-referrer-when-downgrade\"><\/iframe>\n\t\n<div class=\"wpcf7 no-js\" id=\"wpcf7-f4491-o2\" lang=\"da-DK\" dir=\"ltr\" data-wpcf7-id=\"4491\">\n<div class=\"screen-reader-response\"><p role=\"status\" aria-live=\"polite\" aria-atomic=\"true\"><\/p> <ul><\/ul><\/div>\n<form action=\"\/da\/wp-json\/wp\/v2\/pages\/7934#wpcf7-f4491-o2\" method=\"post\" class=\"wpcf7-form init\" aria-label=\"Kontaktformular\" novalidate=\"novalidate\" data-status=\"init\">\n<fieldset class=\"hidden-fields-container\"><input type=\"hidden\" name=\"_wpcf7\" value=\"4491\" \/><input type=\"hidden\" name=\"_wpcf7_version\" value=\"6.1.5\" \/><input type=\"hidden\" name=\"_wpcf7_locale\" value=\"da_DK\" \/><input type=\"hidden\" name=\"_wpcf7_unit_tag\" value=\"wpcf7-f4491-o2\" \/><input type=\"hidden\" name=\"_wpcf7_container_post\" value=\"0\" \/><input type=\"hidden\" name=\"_wpcf7_posted_data_hash\" value=\"\" \/><input type=\"hidden\" name=\"_wpcf7_recaptcha_response\" value=\"\" \/>\n<\/fieldset>\n<p><label> Dit navn<br \/>\n<span class=\"wpcf7-form-control-wrap\" data-name=\"your-name\"><input size=\"40\" maxlength=\"400\" class=\"wpcf7-form-control wpcf7-text wpcf7-validates-as-required\" aria-required=\"true\" aria-invalid=\"false\" value=\"\" type=\"text\" name=\"your-name\" \/><\/span> <\/label>\n<\/p>\n<p><label> Din e-mail<br \/>\n<span class=\"wpcf7-form-control-wrap\" data-name=\"your-email\"><input size=\"40\" maxlength=\"400\" class=\"wpcf7-form-control wpcf7-email wpcf7-validates-as-required wpcf7-text wpcf7-validates-as-email\" aria-required=\"true\" aria-invalid=\"false\" value=\"\" type=\"email\" name=\"your-email\" \/><\/span> <\/label>\n<\/p>\n<p><label> Dit telefonnummer (valgfrit)<br \/>\n<span class=\"wpcf7-form-control-wrap\" data-name=\"tel-157\"><input size=\"40\" maxlength=\"400\" class=\"wpcf7-form-control wpcf7-tel wpcf7-text wpcf7-validates-as-tel\" aria-invalid=\"false\" value=\"\" type=\"tel\" name=\"tel-157\" \/><\/span> <\/label>\n<\/p>\n<p><label> Din besked<br \/>\n<span class=\"wpcf7-form-control-wrap\" data-name=\"your-message\"><textarea cols=\"40\" rows=\"10\" maxlength=\"2000\" class=\"wpcf7-form-control wpcf7-textarea wpcf7-validates-as-required\" aria-required=\"true\" aria-invalid=\"false\" name=\"your-message\"><\/textarea><\/span> <\/label>\n<\/p>\n<p><span class=\"wpcf7-form-control-wrap\" data-name=\"quiz-747\"><label><span class=\"wpcf7-quiz-label\">2+6=?<\/span> <input size=\"40\" class=\"wpcf7-form-control wpcf7-quiz\" autocomplete=\"off\" aria-required=\"true\" aria-invalid=\"false\" type=\"text\" name=\"quiz-747\" \/><\/label><input type=\"hidden\" name=\"_wpcf7_quiz_answer_quiz-747\" value=\"b92383fac706b700c4f8d69faa457125\" \/><\/span>\n<\/p>\n<p><input class=\"wpcf7-form-control wpcf7-submit has-spinner\" type=\"submit\" value=\"Indsend\" \/>\n<\/p><div class=\"wpcf7-response-output\" aria-hidden=\"true\"><\/div>\n<\/form>\n<\/div>\n\n\n","protected":false},"excerpt":{"rendered":"","protected":false},"author":1,"featured_media":0,"parent":0,"menu_order":0,"comment_status":"closed","ping_status":"closed","template":"","meta":{"site-sidebar-layout":"no-sidebar","site-content-layout":"page-builder","ast-site-content-layout":"default","site-content-style":"default","site-sidebar-style":"default","ast-global-header-display":"","ast-banner-title-visibility":"","ast-main-header-display":"","ast-hfb-above-header-display":"","ast-hfb-below-header-display":"","ast-hfb-mobile-header-display":"","site-post-title":"disabled","ast-breadcrumbs-content":"","ast-featured-img":"disabled","footer-sml-layout":"","ast-disable-related-posts":"","theme-transparent-header-meta":"default","adv-header-id-meta":"","stick-header-meta":"default","header-above-stick-meta":"","header-main-stick-meta":"","header-below-stick-meta":"","astra-migrate-meta-layouts":"default","ast-page-background-enabled":"default","ast-page-background-meta":{"desktop":{"background-color":"","background-image":"","background-repeat":"repeat","background-position":"center center","background-size":"auto","background-attachment":"scroll","background-type":"","background-media":"","overlay-type":"","overlay-color":"","overlay-opacity":"","overlay-gradient":""},"tablet":{"background-color":"","background-image":"","background-repeat":"repeat","background-position":"center center","background-size":"auto","background-attachment":"scroll","background-type":"","background-media":"","overlay-type":"","overlay-color":"","overlay-opacity":"","overlay-gradient":""},"mobile":{"background-color":"","background-image":"","background-repeat":"repeat","background-position":"center center","background-size":"auto","background-attachment":"scroll","background-type":"","background-media":"","overlay-type":"","overlay-color":"","overlay-opacity":"","overlay-gradient":""}},"ast-content-background-meta":{"desktop":{"background-color":"var(--ast-global-color-5)","background-image":"","background-repeat":"repeat","background-position":"center center","background-size":"auto","background-attachment":"scroll","background-type":"","background-media":"","overlay-type":"","overlay-color":"","overlay-opacity":"","overlay-gradient":""},"tablet":{"background-color":"var(--ast-global-color-5)","background-image":"","background-repeat":"repeat","background-position":"center center","background-size":"auto","background-attachment":"scroll","background-type":"","background-media":"","overlay-type":"","overlay-color":"","overlay-opacity":"","overlay-gradient":""},"mobile":{"background-color":"var(--ast-global-color-5)","background-image":"","background-repeat":"repeat","background-position":"center center","background-size":"auto","background-attachment":"scroll","background-type":"","background-media":"","overlay-type":"","overlay-color":"","overlay-opacity":"","overlay-gradient":""}},"footnotes":""},"class_list":["post-7934","page","type-page","status-publish","hentry"],"_links":{"self":[{"href":"https:\/\/www.griffinmachinery.com\/da\/wp-json\/wp\/v2\/pages\/7934","targetHints":{"allow":["GET"]}}],"collection":[{"href":"https:\/\/www.griffinmachinery.com\/da\/wp-json\/wp\/v2\/pages"}],"about":[{"href":"https:\/\/www.griffinmachinery.com\/da\/wp-json\/wp\/v2\/types\/page"}],"author":[{"embeddable":true,"href":"https:\/\/www.griffinmachinery.com\/da\/wp-json\/wp\/v2\/users\/1"}],"replies":[{"embeddable":true,"href":"https:\/\/www.griffinmachinery.com\/da\/wp-json\/wp\/v2\/comments?post=7934"}],"version-history":[{"count":0,"href":"https:\/\/www.griffinmachinery.com\/da\/wp-json\/wp\/v2\/pages\/7934\/revisions"}],"wp:attachment":[{"href":"https:\/\/www.griffinmachinery.com\/da\/wp-json\/wp\/v2\/media?parent=7934"}],"curies":[{"name":"wp","href":"https:\/\/api.w.org\/{rel}","templated":true}]}}