{"id":6173,"date":"2022-06-08T07:11:33","date_gmt":"2022-06-08T07:11:33","guid":{"rendered":"https:\/\/www.griffinmachinery.com\/projekter\/"},"modified":"2022-06-13T11:52:06","modified_gmt":"2022-06-13T11:52:06","slug":"projekter","status":"publish","type":"page","link":"https:\/\/www.griffinmachinery.com\/da\/projekter\/","title":{"rendered":"Projekter"},"content":{"rendered":"\n<h3>\n\t\tL\u00e6s mere om vores projekter her\n\t<\/h3>\n\t<p>Vores virksomhed vil som altid prioritere at forbedre kvaliteten af udstyr, og h\u00e5ber at alle nye og gamle kunder kan opn\u00e5 ideelle resultater efter brug af vores virksomheds udstyr.<\/p>\n<p>Vi byder alle producenter velkommen til at foresp\u00f8rge, og vi vil helhjertet give dig udstyr og tjenester af h\u00f8j kvalitet.<\/p>\n\t\t\t<a href=\"https:\/\/www.griffinmachinery.com\/da\/kontakt\/\" target=\"_self\" role=\"button\" rel=\"noopener\">\n\t\t\t\t\t\t\tKom i kontakt med os nu\n\t\t\t<\/a>\n\t<h2>\n\t\t\t\t\tKrydderi T\u00f8rring\n\t\t\t\t<\/h2>\n\t\t\t<p>Et firma fra Malaysia bestilte den vibrerende fluid bed t\u00f8rretumbler til krydderi t\u00f8rring.<\/p>\n\t\t\t\t<img loading=\"lazy\" decoding=\"async\" src=\"https:\/\/www.griffinmachinery.com\/wp-content\/uploads\/2022\/06\/Vibrating-Fluidized-Bed-Project-1.jpg\" alt=\"Vibrerende Fluidized Bed-projekt (1)\" itemprop=\"image\" height=\"375\" width=\"500\" title=\"Vibrerende Fluidized Bed-projekt (1)\" onerror=\"this.style.display='none'\"  \/>\n\t\t\t\t<img loading=\"lazy\" decoding=\"async\" src=\"https:\/\/www.griffinmachinery.com\/wp-content\/uploads\/2022\/06\/Vibrating-Fluidized-Bed-Project-2.jpg\" alt=\"Vibrerende Fluidized Bed-projekt (2)\" itemprop=\"image\" height=\"375\" width=\"500\" title=\"Vibrerende Fluidized Bed-projekt (2)\" onerror=\"this.style.display='none'\"  \/>\n\t\t\t\t<img loading=\"lazy\" decoding=\"async\" src=\"https:\/\/www.griffinmachinery.com\/wp-content\/uploads\/2022\/06\/Vibrating-Fluidized-Bed-Project-3.jpg\" alt=\"Vibrerende Fluidized Bed-projekt (3)\" itemprop=\"image\" height=\"375\" width=\"500\" title=\"Vibrerende Fluidized Bed-projekt (3)\" onerror=\"this.style.display='none'\"  \/>\n\t<p>Den <a href=\"https:\/\/www.griffinmachinery.com\/da\/vibrerende-vaeskebed-torretumbler\/\">vibrerende fluid bed<\/a> bestilt af en virksomhed i Malaysia er f\u00e6rdiggjort, og den vil blive lastet og afsendt i begyndelsen af januar efter best\u00e5et inspektionen. Dette udstyr bruges hovedsageligt til krydderi t\u00f8rring.<\/p>\n\t<h2>\n\t\t\t\t\tKaffe produktionslinje\n\t\t\t\t<\/h2>\n\t\t\t<p>En \u00e5rlig produktion p\u00e5 50.000 tons udstyrssystem til vores indonesiske kunde.<\/p>\n\t\t\t\t<img loading=\"lazy\" decoding=\"async\" src=\"https:\/\/www.griffinmachinery.com\/wp-content\/uploads\/2022\/06\/Coffee-Equipment-System-3.jpg\" alt=\"Kaffeudstyrssystem (3)\" itemprop=\"image\" height=\"666\" width=\"500\" title=\"Kaffeudstyrssystem (3)\" onerror=\"this.style.display='none'\"  \/>\n\t\t\t\t<img loading=\"lazy\" decoding=\"async\" src=\"https:\/\/www.griffinmachinery.com\/wp-content\/uploads\/2022\/06\/Coffee-Equipment-System-2.jpg\" alt=\"Kaffeudstyrssystem (2)\" itemprop=\"image\" height=\"666\" width=\"500\" title=\"Kaffeudstyrssystem (2)\" onerror=\"this.style.display='none'\"  \/>\n\t\t\t\t<img loading=\"lazy\" decoding=\"async\" src=\"https:\/\/www.griffinmachinery.com\/wp-content\/uploads\/2022\/06\/Coffee-Equipment-System-1.jpg\" alt=\"Kaffeudstyrssystem (1)\" itemprop=\"image\" height=\"666\" width=\"500\" title=\"Kaffeudstyrssystem (1)\" onerror=\"this.style.display='none'\"  \/>\n\t<p>Kaffeproduktionslinjen med en \u00e5rlig produktion p\u00e5 50.000 tons designet og fremstillet af vores virksomhed til indonesiske kunder vil blive leveret fra den 18. til den 20. marts 2021. Produktion og installation p\u00e5 stedet begynder i maj, og den starter i slutningen af \u00e5ret.<\/p>\n<p>Denne produktionslinje er den st\u00f8rste enkeltst\u00e5ende kaffeproduktionslinje, der hidtil er eksporteret i Kina.<\/p>\n\t<h2>\n\t\t\t\t\tBatteri katode materialer\n\t\t\t\t<\/h2>\n\t\t\t<p>LPG-300 centrifugal sprayt\u00f8rrer produceret af vores virksomhed for en virksomhed i Shanghai.<\/p>\n\t\t\t\t<img loading=\"lazy\" decoding=\"async\" src=\"https:\/\/www.griffinmachinery.com\/wp-content\/uploads\/2022\/06\/Battery-Cathode-Materials-Project-1.jpg\" alt=\"Batteri katodematerialeprojekt (1)\" itemprop=\"image\" height=\"375\" width=\"500\" title=\"Batteri katodematerialeprojekt (1)\" onerror=\"this.style.display='none'\"  \/>\n\t\t\t\t<img loading=\"lazy\" decoding=\"async\" src=\"https:\/\/www.griffinmachinery.com\/wp-content\/uploads\/2022\/06\/Battery-Cathode-Materials-Project-2.jpg\" alt=\"Batteri katodematerialeprojekt (2)\" itemprop=\"image\" height=\"375\" width=\"500\" title=\"Batteri katodematerialeprojekt (2)\" onerror=\"this.style.display='none'\"  \/>\n\t\t\t\t<img loading=\"lazy\" decoding=\"async\" src=\"https:\/\/www.griffinmachinery.com\/wp-content\/uploads\/2022\/06\/Battery-Cathode-Materials-Project-3.jpg\" alt=\"Batteri katodematerialeprojekt (3)\" itemprop=\"image\" height=\"375\" width=\"500\" title=\"Batteri katodematerialeprojekt (3)\" onerror=\"this.style.display='none'\"  \/>\n\t<p>Den 16. januar 2022 er LPG-300 <a href=\"https:\/\/www.griffinmachinery.com\/da\/centrifugal-sprojtetorrer\/\">centrifugal sprayt\u00f8rrer<\/a> produceret af vores virksomhed til en virksomhed i Shanghai, der er specialiseret i forskning, udvikling og produktion af batterikatodematerialer, blevet f\u00e6rdig.<\/p>\n<p>Udstyret har en diameter p\u00e5 3,6 meter og en h\u00f8jde p\u00e5 8 meter. Med n\u00e6sten perfekt design, produktion af erfarne teknikere og kundeorienteret serviceattitude har vores virksomhed vundet ros fra kundenheden.<\/p>\n\t<h2>\n\t\t\t\t\tT\u00f8rring af mad\n\t\t\t\t<\/h2>\n\t\t\t<p>En storstilet vibrerende fluid bed-maskine bestilt af et europ\u00e6isk firma til f\u00f8devaret\u00f8rring.<\/p>\n\t\t\t\t<img loading=\"lazy\" decoding=\"async\" src=\"https:\/\/www.griffinmachinery.com\/wp-content\/uploads\/2022\/06\/Food-Drying-Project-1.jpg\" alt=\"Madt\u00f8rringsprojekt (1)\" itemprop=\"image\" height=\"333\" width=\"500\" title=\"Madt\u00f8rringsprojekt (1)\" onerror=\"this.style.display='none'\"  \/>\n\t\t\t\t<img loading=\"lazy\" decoding=\"async\" src=\"https:\/\/www.griffinmachinery.com\/wp-content\/uploads\/2022\/06\/Food-Drying-Project-2.jpg\" alt=\"Madt\u00f8rringsprojekt (2)\" itemprop=\"image\" height=\"333\" width=\"500\" title=\"Madt\u00f8rringsprojekt (2)\" onerror=\"this.style.display='none'\"  \/>\n\t\t\t\t<img loading=\"lazy\" decoding=\"async\" src=\"https:\/\/www.griffinmachinery.com\/wp-content\/uploads\/2022\/06\/Food-Drying-Project-3.jpg\" alt=\"Madt\u00f8rringsprojekt (3)\" itemprop=\"image\" height=\"333\" width=\"500\" title=\"Madt\u00f8rringsprojekt (3)\" onerror=\"this.style.display='none'\"  \/>\n\t<p>Den storstilede <a href=\"https:\/\/www.griffinmachinery.com\/da\/vibrerende-vaeskebed-torretumbler\/\">vibrerende fluid bed-t\u00f8rrer<\/a> bestilt af et europ\u00e6isk firma er blevet f\u00e6rdiggjort, og den vil blive l\u00e6sset og afsendt den 10. maj 2022 efter at have best\u00e5et inspektionen.<\/p>\n<p>Udstyret er 1,2*9,5m og bruges hovedsageligt til madt\u00f8rring. Det forventes at blive installeret og idriftsat og sat i produktion i juni.<\/p>\n\t<h2>\n\t\t\t\t\tT\u00f8rring af mad\n\t\t\t\t<\/h2>\n\t\t\t<p>To LPG-800 storskala centrifugal sprayt\u00f8rrere bestilt af et amerikansk firma til f\u00f8devaret\u00f8rring.<\/p>\n\t\t\t\t<img loading=\"lazy\" decoding=\"async\" src=\"https:\/\/www.griffinmachinery.com\/wp-content\/uploads\/2022\/06\/US-Food-Drying-Project-1.jpg\" alt=\"Projekt om t\u00f8rring af f\u00f8devarer (1)\" itemprop=\"image\" height=\"666\" width=\"500\" title=\"Projekt om t\u00f8rring af f\u00f8devarer (1)\" onerror=\"this.style.display='none'\"  \/>\n\t\t\t\t<img loading=\"lazy\" decoding=\"async\" src=\"https:\/\/www.griffinmachinery.com\/wp-content\/uploads\/2022\/06\/US-Food-Drying-Project-2.jpg\" alt=\"Projekt om t\u00f8rring af f\u00f8devarer (2)\" itemprop=\"image\" height=\"666\" width=\"500\" title=\"Projekt om t\u00f8rring af f\u00f8devarer (2)\" onerror=\"this.style.display='none'\"  \/>\n\t\t\t\t<img loading=\"lazy\" decoding=\"async\" src=\"https:\/\/www.griffinmachinery.com\/wp-content\/uploads\/2022\/06\/US-Food-Drying-Project-3.jpg\" alt=\"Projekt om t\u00f8rring af f\u00f8devarer (3)\" itemprop=\"image\" height=\"666\" width=\"500\" title=\"Projekt om t\u00f8rring af f\u00f8devarer (3)\" onerror=\"this.style.display='none'\"  \/>\n\t<p>De to LPG-800 storskala <a href=\"https:\/\/www.griffinmachinery.com\/da\/centrifugal-sprojtetorrer\/\">centrifugal sprayt\u00f8rrere<\/a>, som vores virksomhed sendte til USA i midten af \u200b\u200baugust 2021, er g\u00e5et ind i installationsfasen.<\/p>\n<p>Denne centrifugal sprayt\u00f8rrer bruges hovedsageligt til t\u00f8rring af f\u00f8devarer. Vores firmas teknikere har foretaget mange forbedringer i den relaterede procesteknologi for dette udstyr. Sammenlignet med det originale udstyr har dette udstyr mange fordele med hensyn til struktur, energibesparelse og forarbejdningskvalitet, v\u00e6sentligt forbedret.<\/p>\n\t<h2>\n\t\t\t\t\tKom i kontakt med os\n\t\t\t\t<\/h2>\n\t\t\t<p>Griffin Machinery, en erfaren og p\u00e5lidelig partner.<\/p>\n<p>Hvis du ogs\u00e5 leder efter en sk\u00e5nsom, men effektiv m\u00e5de at t\u00f8rre dit produkt p\u00e5, s\u00e5 kontakt os venligst for r\u00e5d. Vores team st\u00e5r klar til at hj\u00e6lpe dig med at finde den rigtige l\u00f8sning til dit projekt.<\/p>\n\t<style type=\"text\/css\"><\/style><div class=\"ufaqsw_container_default ufaqsw_container_default_4496 ufaqsw_element_group_src\"> \n\n\t\t\t<h2 class=\"ufaqsw_faq_title ufaqsw_faq_title_4496\">Ofte Stillede Sp\u00f8rgsm\u00e5l<\/h2>\n\t\n\t\n\t\t<div class=\"ufaqsw_toggle_default ufaqsw_toggle_default_4496 ufaqsw_element_src\">\n\t\t\t<div class=\"ufaqsw-toggle-title-area-default ufaqsw-toggle-title-area-default_4496\"\n\t\t\trole=\"button\"\n\t\t\ttabindex=\"0\"\n\t\t\taria-expanded=\"false\"\n\t\t\taria-controls=\"ufaqsw_faq_answer_1_4496\"\n\t\t\taria-label=\"Hvor er din fabrik?\"\n\t\t\t>\n\t\t\t\t<div class=\"ufaqsw-title-name-default ufaqsw-title-name-default_4496\">\n\t\t\t\t\t<span class=\"ufaqsw-default-icon\">\n\t\t\t\t\t\t<i class=\"fa fa fa-plus\" aria-hidden=\"true\"><\/i>\n\t\t\t\t\t\t<i class=\"fa fa fa-minus\" id=\"ufaqsw_other_style\" aria-hidden=\"true\"><\/i>\n\t\t\t\t\t<\/span>\t\t\t\t\n\t\t\t\t\t<span class=\"ufaqsw-default-title ufaqsw_faq_question_src\">Hvor er din fabrik?<\/span>\n\t\t\t\t<\/div>\n\t\t\t<\/div>\n\t\t\t<div class=\"ufaqsw-toggle-inner-default ufaqsw-toggle-inner-default_4496 ufaqsw_faq_answer_src\"\n\t\t\tid=\"ufaqsw_faq_answer_1_4496\"\n\t\t\taria-hidden=\"true\"\n\t\t\taria-labelledby=\"ufaqsw_faq_answer_1_4496\"\n\t\t\tstyle=\"display:none\"\t\t\t>\n\t\t\tVi er beliggende i Changzhou City n\u00e6r Shanghai.\t\t\t<\/div>\n\t\t<\/div><!-- END OF TOGGLE -->\n\n\t\t\n\t\t<div class=\"ufaqsw_toggle_default ufaqsw_toggle_default_4496 ufaqsw_element_src\">\n\t\t\t<div class=\"ufaqsw-toggle-title-area-default ufaqsw-toggle-title-area-default_4496\"\n\t\t\trole=\"button\"\n\t\t\ttabindex=\"0\"\n\t\t\taria-expanded=\"false\"\n\t\t\taria-controls=\"ufaqsw_faq_answer_2_4496\"\n\t\t\taria-label=\"Hvad er kvaliteten af din maskine?\"\n\t\t\t>\n\t\t\t\t<div class=\"ufaqsw-title-name-default ufaqsw-title-name-default_4496\">\n\t\t\t\t\t<span class=\"ufaqsw-default-icon\">\n\t\t\t\t\t\t<i class=\"fa fa fa-plus\" aria-hidden=\"true\"><\/i>\n\t\t\t\t\t\t<i class=\"fa fa fa-minus\" id=\"ufaqsw_other_style\" aria-hidden=\"true\"><\/i>\n\t\t\t\t\t<\/span>\t\t\t\t\n\t\t\t\t\t<span class=\"ufaqsw-default-title ufaqsw_faq_question_src\">Hvad er kvaliteten af din maskine?<\/span>\n\t\t\t\t<\/div>\n\t\t\t<\/div>\n\t\t\t<div class=\"ufaqsw-toggle-inner-default ufaqsw-toggle-inner-default_4496 ufaqsw_faq_answer_src\"\n\t\t\tid=\"ufaqsw_faq_answer_2_4496\"\n\t\t\taria-hidden=\"true\"\n\t\t\taria-labelledby=\"ufaqsw_faq_answer_2_4496\"\n\t\t\tstyle=\"display:none\"\t\t\t>\n\t\t\t<p>Vores virksomhed f\u00f8lger strenge kvalitetskontroller og forskellige systematiske procedurer. Vi s\u00f8rger for kvalitet i alle faser af fremstillingsprocessen. Du kan v\u00e6re helt sikker p\u00e5 kvaliteten.<\/p>\n\t\t\t<\/div>\n\t\t<\/div><!-- END OF TOGGLE -->\n\n\t\t\n\t\t<div class=\"ufaqsw_toggle_default ufaqsw_toggle_default_4496 ufaqsw_element_src\">\n\t\t\t<div class=\"ufaqsw-toggle-title-area-default ufaqsw-toggle-title-area-default_4496\"\n\t\t\trole=\"button\"\n\t\t\ttabindex=\"0\"\n\t\t\taria-expanded=\"false\"\n\t\t\taria-controls=\"ufaqsw_faq_answer_3_4496\"\n\t\t\taria-label=\"Hvad er garantiperioden?\"\n\t\t\t>\n\t\t\t\t<div class=\"ufaqsw-title-name-default ufaqsw-title-name-default_4496\">\n\t\t\t\t\t<span class=\"ufaqsw-default-icon\">\n\t\t\t\t\t\t<i class=\"fa fa fa-plus\" aria-hidden=\"true\"><\/i>\n\t\t\t\t\t\t<i class=\"fa fa fa-minus\" id=\"ufaqsw_other_style\" aria-hidden=\"true\"><\/i>\n\t\t\t\t\t<\/span>\t\t\t\t\n\t\t\t\t\t<span class=\"ufaqsw-default-title ufaqsw_faq_question_src\">Hvad er garantiperioden?<\/span>\n\t\t\t\t<\/div>\n\t\t\t<\/div>\n\t\t\t<div class=\"ufaqsw-toggle-inner-default ufaqsw-toggle-inner-default_4496 ufaqsw_faq_answer_src\"\n\t\t\tid=\"ufaqsw_faq_answer_3_4496\"\n\t\t\taria-hidden=\"true\"\n\t\t\taria-labelledby=\"ufaqsw_faq_answer_3_4496\"\n\t\t\tstyle=\"display:none\"\t\t\t>\n\t\t\t<p>24 timers rettidigt svar p\u00e5 mail og telefonopkald. Vi yder et \u00e5rs garanti for at sikre, at din maskine k\u00f8rer konstant.<\/p>\n\t\t\t<\/div>\n\t\t<\/div><!-- END OF TOGGLE -->\n\n\t\t\n\t\t<div class=\"ufaqsw_toggle_default ufaqsw_toggle_default_4496 ufaqsw_element_src\">\n\t\t\t<div class=\"ufaqsw-toggle-title-area-default ufaqsw-toggle-title-area-default_4496\"\n\t\t\trole=\"button\"\n\t\t\ttabindex=\"0\"\n\t\t\taria-expanded=\"false\"\n\t\t\taria-controls=\"ufaqsw_faq_answer_4_4496\"\n\t\t\taria-label=\"Hvad er betalingsbetingelserne?\"\n\t\t\t>\n\t\t\t\t<div class=\"ufaqsw-title-name-default ufaqsw-title-name-default_4496\">\n\t\t\t\t\t<span class=\"ufaqsw-default-icon\">\n\t\t\t\t\t\t<i class=\"fa fa fa-plus\" aria-hidden=\"true\"><\/i>\n\t\t\t\t\t\t<i class=\"fa fa fa-minus\" id=\"ufaqsw_other_style\" aria-hidden=\"true\"><\/i>\n\t\t\t\t\t<\/span>\t\t\t\t\n\t\t\t\t\t<span class=\"ufaqsw-default-title ufaqsw_faq_question_src\">Hvad er betalingsbetingelserne?<\/span>\n\t\t\t\t<\/div>\n\t\t\t<\/div>\n\t\t\t<div class=\"ufaqsw-toggle-inner-default ufaqsw-toggle-inner-default_4496 ufaqsw_faq_answer_src\"\n\t\t\tid=\"ufaqsw_faq_answer_4_4496\"\n\t\t\taria-hidden=\"true\"\n\t\t\taria-labelledby=\"ufaqsw_faq_answer_4_4496\"\n\t\t\tstyle=\"display:none\"\t\t\t>\n\t\t\t<p>Vores normale betalingsbetingelse er 30% TT p\u00e5 forh\u00e5nd, 70% TT f\u00f8r forsendelse.<\/p>\n\t\t\t<\/div>\n\t\t<\/div><!-- END OF TOGGLE -->\n\n\t\t\n\t\t<div class=\"ufaqsw_toggle_default ufaqsw_toggle_default_4496 ufaqsw_element_src\">\n\t\t\t<div class=\"ufaqsw-toggle-title-area-default ufaqsw-toggle-title-area-default_4496\"\n\t\t\trole=\"button\"\n\t\t\ttabindex=\"0\"\n\t\t\taria-expanded=\"false\"\n\t\t\taria-controls=\"ufaqsw_faq_answer_5_4496\"\n\t\t\taria-label=\"Inkluderer din pris fragt?\"\n\t\t\t>\n\t\t\t\t<div class=\"ufaqsw-title-name-default ufaqsw-title-name-default_4496\">\n\t\t\t\t\t<span class=\"ufaqsw-default-icon\">\n\t\t\t\t\t\t<i class=\"fa fa fa-plus\" aria-hidden=\"true\"><\/i>\n\t\t\t\t\t\t<i class=\"fa fa fa-minus\" id=\"ufaqsw_other_style\" aria-hidden=\"true\"><\/i>\n\t\t\t\t\t<\/span>\t\t\t\t\n\t\t\t\t\t<span class=\"ufaqsw-default-title ufaqsw_faq_question_src\">Inkluderer din pris fragt?<\/span>\n\t\t\t\t<\/div>\n\t\t\t<\/div>\n\t\t\t<div class=\"ufaqsw-toggle-inner-default ufaqsw-toggle-inner-default_4496 ufaqsw_faq_answer_src\"\n\t\t\tid=\"ufaqsw_faq_answer_5_4496\"\n\t\t\taria-hidden=\"true\"\n\t\t\taria-labelledby=\"ufaqsw_faq_answer_5_4496\"\n\t\t\tstyle=\"display:none\"\t\t\t>\n\t\t\t<p>Vores s\u00e6dvanlige pris er baseret p\u00e5 FOB Shanghai. Vi kan give et CIF-tilbud efter anmodning.<\/p>\n\t\t\t<\/div>\n\t\t<\/div><!-- END OF TOGGLE -->\n\n\t\t\n<\/div>\n\n\t<iframe src=\"https:\/\/www.google.com\/maps\/embed?pb=!1m18!1m12!1m3!1d3390.2927421824006!2d119.88542131515791!3d31.817019981272452!2m3!1f0!2f0!3f0!3m2!1i1024!2i768!4f13.1!3m3!1m2!1s0x35b4149e3c70d0b3%3A0x8fff5da241c321f8!2sYun%20He%20Lu%2C%20China%2C%20213023!5e0!3m2!1sen!2sus!4v1649332227824!5m2!1sen!2sus\" width=\"100%\" height=\"450\" allowfullscreen=\"\" loading=\"lazy\" referrerpolicy=\"no-referrer-when-downgrade\"><\/iframe>\n\t\n<div class=\"wpcf7 no-js\" id=\"wpcf7-f4491-o1\" lang=\"da-DK\" dir=\"ltr\" data-wpcf7-id=\"4491\">\n<div class=\"screen-reader-response\"><p role=\"status\" aria-live=\"polite\" aria-atomic=\"true\"><\/p> <ul><\/ul><\/div>\n<form action=\"\/da\/wp-json\/wp\/v2\/pages\/6173#wpcf7-f4491-o1\" method=\"post\" class=\"wpcf7-form init\" aria-label=\"Kontaktformular\" novalidate=\"novalidate\" data-status=\"init\">\n<fieldset class=\"hidden-fields-container\"><input type=\"hidden\" name=\"_wpcf7\" value=\"4491\" \/><input type=\"hidden\" name=\"_wpcf7_version\" value=\"6.1.5\" \/><input type=\"hidden\" name=\"_wpcf7_locale\" value=\"da_DK\" \/><input type=\"hidden\" name=\"_wpcf7_unit_tag\" value=\"wpcf7-f4491-o1\" \/><input type=\"hidden\" name=\"_wpcf7_container_post\" value=\"0\" \/><input type=\"hidden\" name=\"_wpcf7_posted_data_hash\" value=\"\" \/><input type=\"hidden\" name=\"_wpcf7_recaptcha_response\" value=\"\" \/>\n<\/fieldset>\n<p><label> Dit navn<br \/>\n<span class=\"wpcf7-form-control-wrap\" data-name=\"your-name\"><input size=\"40\" maxlength=\"400\" class=\"wpcf7-form-control wpcf7-text wpcf7-validates-as-required\" aria-required=\"true\" aria-invalid=\"false\" value=\"\" type=\"text\" name=\"your-name\" \/><\/span> <\/label>\n<\/p>\n<p><label> Din e-mail<br \/>\n<span class=\"wpcf7-form-control-wrap\" data-name=\"your-email\"><input size=\"40\" maxlength=\"400\" class=\"wpcf7-form-control wpcf7-email wpcf7-validates-as-required wpcf7-text wpcf7-validates-as-email\" aria-required=\"true\" aria-invalid=\"false\" value=\"\" type=\"email\" name=\"your-email\" \/><\/span> <\/label>\n<\/p>\n<p><label> Dit telefonnummer (valgfrit)<br \/>\n<span class=\"wpcf7-form-control-wrap\" data-name=\"tel-157\"><input size=\"40\" maxlength=\"400\" class=\"wpcf7-form-control wpcf7-tel wpcf7-text wpcf7-validates-as-tel\" aria-invalid=\"false\" value=\"\" type=\"tel\" name=\"tel-157\" \/><\/span> <\/label>\n<\/p>\n<p><label> Din besked<br \/>\n<span class=\"wpcf7-form-control-wrap\" data-name=\"your-message\"><textarea cols=\"40\" rows=\"10\" maxlength=\"2000\" class=\"wpcf7-form-control wpcf7-textarea wpcf7-validates-as-required\" aria-required=\"true\" aria-invalid=\"false\" name=\"your-message\"><\/textarea><\/span> <\/label>\n<\/p>\n<p><span class=\"wpcf7-form-control-wrap\" data-name=\"quiz-747\"><label><span class=\"wpcf7-quiz-label\">2+6=?<\/span> <input size=\"40\" class=\"wpcf7-form-control wpcf7-quiz\" autocomplete=\"off\" aria-required=\"true\" aria-invalid=\"false\" type=\"text\" name=\"quiz-747\" \/><\/label><input type=\"hidden\" name=\"_wpcf7_quiz_answer_quiz-747\" value=\"b92383fac706b700c4f8d69faa457125\" \/><\/span>\n<\/p>\n<p><input class=\"wpcf7-form-control wpcf7-submit has-spinner\" type=\"submit\" value=\"Indsend\" \/>\n<\/p><div class=\"wpcf7-response-output\" aria-hidden=\"true\"><\/div>\n<\/form>\n<\/div>\n\n\n","protected":false},"excerpt":{"rendered":"","protected":false},"author":1,"featured_media":0,"parent":0,"menu_order":0,"comment_status":"closed","ping_status":"closed","template":"","meta":{"site-sidebar-layout":"no-sidebar","site-content-layout":"page-builder","ast-site-content-layout":"default","site-content-style":"default","site-sidebar-style":"default","ast-global-header-display":"","ast-banner-title-visibility":"","ast-main-header-display":"","ast-hfb-above-header-display":"","ast-hfb-below-header-display":"","ast-hfb-mobile-header-display":"","site-post-title":"disabled","ast-breadcrumbs-content":"","ast-featured-img":"disabled","footer-sml-layout":"","ast-disable-related-posts":"","theme-transparent-header-meta":"default","adv-header-id-meta":"","stick-header-meta":"default","header-above-stick-meta":"","header-main-stick-meta":"","header-below-stick-meta":"","astra-migrate-meta-layouts":"default","ast-page-background-enabled":"default","ast-page-background-meta":{"desktop":{"background-color":"","background-image":"","background-repeat":"repeat","background-position":"center center","background-size":"auto","background-attachment":"scroll","background-type":"","background-media":"","overlay-type":"","overlay-color":"","overlay-opacity":"","overlay-gradient":""},"tablet":{"background-color":"","background-image":"","background-repeat":"repeat","background-position":"center center","background-size":"auto","background-attachment":"scroll","background-type":"","background-media":"","overlay-type":"","overlay-color":"","overlay-opacity":"","overlay-gradient":""},"mobile":{"background-color":"","background-image":"","background-repeat":"repeat","background-position":"center center","background-size":"auto","background-attachment":"scroll","background-type":"","background-media":"","overlay-type":"","overlay-color":"","overlay-opacity":"","overlay-gradient":""}},"ast-content-background-meta":{"desktop":{"background-color":"var(--ast-global-color-5)","background-image":"","background-repeat":"repeat","background-position":"center center","background-size":"auto","background-attachment":"scroll","background-type":"","background-media":"","overlay-type":"","overlay-color":"","overlay-opacity":"","overlay-gradient":""},"tablet":{"background-color":"var(--ast-global-color-5)","background-image":"","background-repeat":"repeat","background-position":"center center","background-size":"auto","background-attachment":"scroll","background-type":"","background-media":"","overlay-type":"","overlay-color":"","overlay-opacity":"","overlay-gradient":""},"mobile":{"background-color":"var(--ast-global-color-5)","background-image":"","background-repeat":"repeat","background-position":"center center","background-size":"auto","background-attachment":"scroll","background-type":"","background-media":"","overlay-type":"","overlay-color":"","overlay-opacity":"","overlay-gradient":""}},"footnotes":""},"class_list":["post-6173","page","type-page","status-publish","hentry"],"_links":{"self":[{"href":"https:\/\/www.griffinmachinery.com\/da\/wp-json\/wp\/v2\/pages\/6173","targetHints":{"allow":["GET"]}}],"collection":[{"href":"https:\/\/www.griffinmachinery.com\/da\/wp-json\/wp\/v2\/pages"}],"about":[{"href":"https:\/\/www.griffinmachinery.com\/da\/wp-json\/wp\/v2\/types\/page"}],"author":[{"embeddable":true,"href":"https:\/\/www.griffinmachinery.com\/da\/wp-json\/wp\/v2\/users\/1"}],"replies":[{"embeddable":true,"href":"https:\/\/www.griffinmachinery.com\/da\/wp-json\/wp\/v2\/comments?post=6173"}],"version-history":[{"count":0,"href":"https:\/\/www.griffinmachinery.com\/da\/wp-json\/wp\/v2\/pages\/6173\/revisions"}],"wp:attachment":[{"href":"https:\/\/www.griffinmachinery.com\/da\/wp-json\/wp\/v2\/media?parent=6173"}],"curies":[{"name":"wp","href":"https:\/\/api.w.org\/{rel}","templated":true}]}}