{"id":4222,"date":"2022-04-07T05:49:07","date_gmt":"2022-04-07T05:49:07","guid":{"rendered":"https:\/\/www.griffinmachinery.com\/betingelser-og-vilkaar\/"},"modified":"2022-05-19T07:24:24","modified_gmt":"2022-05-19T07:24:24","slug":"betingelser-og-vilkaar","status":"publish","type":"page","link":"https:\/\/www.griffinmachinery.com\/da\/betingelser-og-vilkaar\/","title":{"rendered":"Betingelser og vilk\u00e5r"},"content":{"rendered":"\n\n\t<h3>Oversigt<\/h3>\n<p>Dette websted drives af GriffinMachinery. P\u00e5 hele webstedet henviser udtrykkene &#8220;vi&#8221;, &#8220;os&#8221; og &#8220;vores&#8221; til GriffinMachinery. GriffinMachinery tilbyder dette websted, herunder alle oplysninger, v\u00e6rkt\u00f8jer og tjenester, der er tilg\u00e6ngelige fra dette websted til dig, brugeren, p\u00e5 betingelse af din accept af alle vilk\u00e5r, betingelser, politikker og meddelelser, der er anf\u00f8rt her.<\/p>\n<p>Ved at bes\u00f8ge vores websted og\/eller k\u00f8be noget fra os, deltager du i vores &#8220;service&#8221; og accepterer at v\u00e6re bundet af f\u00f8lgende vilk\u00e5r og betingelser (&#8220;Servicevilk\u00e5r&#8221;, &#8220;Vilk\u00e5r&#8221;), herunder de yderligere vilk\u00e5r og politikker, der henvises til heri og\/eller er tilg\u00e6ngelige via hyperlink. Disse servicevilk\u00e5r g\u00e6lder for alle brugere af webstedet, herunder uden begr\u00e6nsning brugere, der er browsere, s\u00e6lgere, kunder, handlende og\/eller bidragydere af indhold.<\/p>\n<p>L\u00e6s venligst disse servicevilk\u00e5r omhyggeligt, f\u00f8r du f\u00e5r adgang til eller bruger vores websted. Ved at f\u00e5 adgang til eller bruge nogen del af webstedet accepterer du at v\u00e6re bundet af disse servicevilk\u00e5r. Hvis du ikke accepterer alle vilk\u00e5rene og betingelserne i denne aftale, m\u00e5 du ikke f\u00e5 adgang til webstedet eller bruge nogen tjenester. Hvis disse servicevilk\u00e5r betragtes som et tilbud, er accept udtrykkeligt begr\u00e6nset til disse servicevilk\u00e5r.<\/p>\n<p>Alle nye funktioner eller v\u00e6rkt\u00f8jer, der tilf\u00f8jes til den nuv\u00e6rende butik, er ogs\u00e5 underlagt servicevilk\u00e5rene. Du kan til enhver tid se den seneste version af vilk\u00e5rene for service p\u00e5 denne side. Vi forbeholder os ret til at opdatere, \u00e6ndre eller erstatte enhver del af disse servicevilk\u00e5r ved at offentligg\u00f8re opdateringer og\/eller \u00e6ndringer p\u00e5 vores websted. Det er dit ansvar at tjekke denne side regelm\u00e6ssigt for \u00e6ndringer. Din fortsatte brug af eller adgang til webstedet efter offentligg\u00f8relsen af \u00e6ndringer udg\u00f8r en accept af disse \u00e6ndringer.<\/p>\n<p>Vores butik er hostet p\u00e5 Shopify Inc. De forsyner os med en online e-handelsplatform, der g\u00f8r det muligt for os at s\u00e6lge vores produkter og tjenester til dig.<\/p>\n<h2>Afsnit 1 &#8211; Betingelser for onlinebutik<\/h2>\n<p>Ved at acceptere disse servicevilk\u00e5r erkl\u00e6rer du, at du er mindst myndig i den stat eller provins, hvor du bor, eller at du er myndig i den stat eller provins, hvor du bor, og at du har givet os dit samtykke til at tillade, at dine mindre\u00e5rige p\u00e5r\u00f8rende kan bruge dette websted.<\/p>\n<p>Du m\u00e5 ikke bruge vores produkter til ulovlige eller uautoriserede form\u00e5l, og du m\u00e5 heller ikke, ved brug af tjenesten, overtr\u00e6de nogen love i din jurisdiktion (herunder, men ikke begr\u00e6nset til, ophavsretslove).<\/p>\n<p>Du m\u00e5 ikke overf\u00f8re orme eller vira eller anden kode af destruktiv karakter.<\/p>\n<p>Et brud p\u00e5 eller en overtr\u00e6delse af vilk\u00e5rene vil medf\u00f8re \u00f8jeblikkelig opsigelse af dine tjenester.<\/p>\n<h2>Afsnit 2 &#8211; Generelle betingelser<\/h2>\n<p>Vi forbeholder os ret til at n\u00e6gte service til enhver person af enhver grund til enhver tid.<\/p>\n<p>Du er klar over, at dit indhold (ikke inklusive kreditkortoplysninger) kan blive overf\u00f8rt ukrypteret og involvere (a) transmissioner over forskellige netv\u00e6rk og (b) \u00e6ndringer for at overholde og tilpasse sig de tekniske krav til de tilsluttende netv\u00e6rk eller enheder. Kreditkortoplysninger er altid krypteret under overf\u00f8rsel over netv\u00e6rk.<\/p>\n<p>Du accepterer ikke at reproducere, duplikere, kopiere, s\u00e6lge, videres\u00e6lge eller udnytte nogen del af tjenesten, brugen af tjenesten eller adgang til tjenesten eller nogen kontakt p\u00e5 det websted, hvorigennem tjenesten leveres, uden udtrykkelig skriftlig tilladelse fra os.<\/p>\n<p>De overskrifter, der anvendes i denne aftale, er kun medtaget for nemheds skyld og begr\u00e6nser eller p\u00e5virker ikke p\u00e5 anden m\u00e5de disse vilk\u00e5r.<\/p>\n<h2>Afsnit 3 &#8211; Oplysningernes n\u00f8jagtighed, fuldst\u00e6ndighed og aktualitet<\/h2>\n<p>Vi er ikke ansvarlige, hvis oplysninger, der stilles til r\u00e5dighed p\u00e5 dette websted, ikke er n\u00f8jagtige, fuldst\u00e6ndige eller aktuelle. Materialet p\u00e5 dette websted er kun til generel information og b\u00f8r ikke anvendes som det eneste grundlag for at tr\u00e6ffe beslutninger uden at konsultere prim\u00e6re, mere n\u00f8jagtige, mere komplette eller mere aktuelle informationskilder. Enhver tillid til materialet p\u00e5 dette websted sker p\u00e5 egen risiko.<\/p>\n<p>Dette websted kan indeholde visse historiske oplysninger. Historiske oplysninger er n\u00f8dvendigvis ikke aktuelle og er kun til orientering. Vi forbeholder os ret til at \u00e6ndre indholdet af dette websted til enhver tid, men vi har ingen forpligtelse til at opdatere oplysninger p\u00e5 vores websted. Du accepterer, at det er dit ansvar at overv\u00e5ge \u00e6ndringer p\u00e5 vores websted.<\/p>\n<h2>Afsnit 4 &#8211; \u00c6ndringer af tjenesten og priserne<\/h2>\n<p>Priserne for vores produkter kan \u00e6ndres uden varsel.<\/p>\n<p>Vi forbeholder os ret til til enhver tid at \u00e6ndre eller afbryde tjenesten (eller dele eller indhold heraf) uden varsel.<\/p>\n<p>Vi er ikke ansvarlige over for dig eller nogen tredjepart for nogen \u00e6ndring, pris\u00e6ndring, suspension eller oph\u00f8r af Tjenesten.<\/p>\n<h2>Afsnit 5 &#8211; Produkter eller tjenesteydelser (hvis relevant)<\/h2>\n<p>Visse produkter eller tjenester kan udelukkende v\u00e6re tilg\u00e6ngelige online via webstedet. Disse produkter eller tjenester kan have begr\u00e6nsede m\u00e6ngder og kan kun returneres eller ombyttes i henhold til vores returpolitik.<\/p>\n<p>Vi har gjort vores bedste for at vise s\u00e5 n\u00f8jagtigt som muligt de farver og billeder af vores produkter, der vises i butikken. Vi kan ikke garantere, at din computersk\u00e6rms visning af en farve vil v\u00e6re n\u00f8jagtig.<\/p>\n<p>Vi forbeholder os ret til, men er ikke forpligtet til, at begr\u00e6nse salget af vores produkter eller tjenester til en person, geografisk region eller jurisdiktion. Vi kan ud\u00f8ve denne ret fra sag til sag. Vi forbeholder os ret til at begr\u00e6nse m\u00e6ngderne af de produkter eller tjenester, som vi tilbyder. Alle beskrivelser af produkter eller produktpriser kan til enhver tid \u00e6ndres uden varsel og efter vores eget sk\u00f8n. Vi forbeholder os ret til at afvikle ethvert produkt til enhver tid. Ethvert tilbud om et produkt eller en tjenesteydelse p\u00e5 dette websted er ugyldigt, hvor det er forbudt.<\/p>\n<p>Vi garanterer ikke, at kvaliteten af produkter, tjenester, oplysninger eller andet materiale, som du har k\u00f8bt eller f\u00e5et, vil opfylde dine forventninger, eller at eventuelle fejl i tjenesten vil blive rettet.<\/p>\n<h2>Afsnit 6 &#8211; N\u00f8jagtighed af fakturerings- og kontooplysninger<\/h2>\n<p>Vi forbeholder os retten til at afvise enhver ordre, som du afgiver hos os. Vi kan efter eget sk\u00f8n begr\u00e6nse eller annullere de k\u00f8bte m\u00e6ngder pr. person, pr. husstand eller pr. ordre. Disse begr\u00e6nsninger kan omfatte ordrer afgivet af eller under den samme kundekonto, det samme kreditkort og\/eller ordrer, der anvender den samme fakturerings- og\/eller leveringsadresse. I tilf\u00e6lde af at vi foretager en \u00e6ndring eller annullerer en ordre, kan vi fors\u00f8ge at underrette dig ved at kontakte den e-mail og\/eller faktureringsadresse\/telefonnummer, der blev oplyst p\u00e5 det tidspunkt, hvor ordren blev foretaget. Vi forbeholder os ret til at begr\u00e6nse eller forbyde ordrer, som efter vores egen vurdering ser ud til at v\u00e6re afgivet af forhandlere, forhandlere eller distribut\u00f8rer.<\/p>\n<p>Du accepterer at give aktuelle, fuldst\u00e6ndige og n\u00f8jagtige k\u00f8bs- og kontooplysninger for alle k\u00f8b, der foretages i vores butik. Du accepterer straks at opdatere din konto og andre oplysninger, herunder din e-mailadresse og kreditkortnumre og udl\u00f8bsdatoer, s\u00e5 vi kan gennemf\u00f8re dine transaktioner og kontakte dig efter behov.<\/p>\n<p>Du kan l\u00e6se mere detaljeret om vores Returpolitik.<\/p>\n<h2>Afsnit 7 &#8211; Valgfrie v\u00e6rkt\u00f8jer<\/h2>\nVi kan give dig adgang til v\u00e6rkt\u00f8jer fra tredjeparter, som vi hverken overv\u00e5ger eller har nogen kontrol eller indflydelse over.<br \/>\nDu anerkender og accepterer, at vi giver adgang til s\u00e5danne v\u00e6rkt\u00f8jer &#8220;som de er&#8221; og &#8220;som de er tilg\u00e6ngelige&#8221; uden nogen form for garantier, erkl\u00e6ringer eller betingelser af nogen art og uden nogen form for godkendelse. Vi har intet ansvar af nogen art, der opst\u00e5r som f\u00f8lge af eller er relateret til din brug af valgfrie v\u00e6rkt\u00f8jer fra tredjeparter.\n<p>Enhver brug af valgfrie v\u00e6rkt\u00f8jer, der tilbydes via webstedet, sker udelukkende p\u00e5 egen risiko og efter eget sk\u00f8n, og du b\u00f8r sikre dig, at du er bekendt med og godkender de vilk\u00e5r, som den eller de relevante tredjepartsudbydere stiller v\u00e6rkt\u00f8jer til r\u00e5dighed p\u00e5.<\/p>\n<p>Vi kan ogs\u00e5 i fremtiden tilbyde nye tjenester og\/eller funktioner via webstedet (herunder frigivelse af nye v\u00e6rkt\u00f8jer og ressourcer). S\u00e5danne nye funktioner og\/eller tjenester er ogs\u00e5 omfattet af disse servicevilk\u00e5r.<\/p>\n<h2>Afsnit 8 &#8211; Links fra tredjeparter<\/h2>\n<p>Visse indhold, produkter og tjenester, der er tilg\u00e6ngelige via vores tjeneste, kan omfatte materialer fra tredjeparter.<\/p>\n<p>Tredjepartslinks p\u00e5 dette websted kan lede dig til tredjepartswebsteder, som ikke er tilknyttet os. Vi er ikke ansvarlige for at unders\u00f8ge eller evaluere indholdet eller n\u00f8jagtigheden, og vi garanterer ikke og har intet ansvar eller ansvar for tredjeparts materialer eller websteder eller for andre materialer, produkter eller tjenester fra tredjeparter.<\/p>\n<p>Vi er ikke ansvarlige for eventuelle skader eller skader i forbindelse med k\u00f8b eller brug af varer, tjenester, ressourcer, indhold eller andre transaktioner, der foretages i forbindelse med tredjeparters websteder. Gennemg\u00e5 venligst tredjepartens politikker og praksis omhyggeligt og s\u00f8rg for at forst\u00e5 dem, f\u00f8r du foretager en transaktion. Klager, krav, bekymringer eller sp\u00f8rgsm\u00e5l vedr\u00f8rende produkter fra tredjeparter skal rettes til tredjeparten.<\/p>\n<h2>Afsnit 9 &#8211; Brugerkommentarer, feedback og andre indsendelser<\/h2>\n<p>Hvis du p\u00e5 vores anmodning sender visse specifikke indsendelser (f.eks. konkurrencebidrag) eller uden anmodning fra os sender kreative id\u00e9er, forslag, forslag, planer eller andre materialer, uanset om det er online, via e-mail, med post eller p\u00e5 anden m\u00e5de (samlet set &#8220;kommentarer&#8221;), accepterer du, at vi til enhver tid og uden begr\u00e6nsning kan redigere, kopiere, offentligg\u00f8re, distribuere, overs\u00e6tte og p\u00e5 anden m\u00e5de bruge kommentarer, som du sender til os, i ethvert medie. Vi er og skal ikke v\u00e6re forpligtet til (1) at holde kommentarer fortrolige; (2) at betale kompensation for kommentarer; eller (3) at svare p\u00e5 kommentarer.<\/p>\n<p>Vi kan, men har ingen forpligtelse til at overv\u00e5ge, redigere eller fjerne indhold, som vi efter eget sk\u00f8n finder ulovligt, st\u00f8dende, truende, injurierende, \u00e6rekr\u00e6nkende, \u00e6rekr\u00e6nkende, pornografisk, obsk\u00f8nt eller p\u00e5 anden m\u00e5de anst\u00f8deligt eller som kr\u00e6nker en parts intellektuelle ejendomsret eller disse servicevilk\u00e5r.<\/p>\n<p>Du accepterer, at dine kommentarer ikke vil kr\u00e6nke nogen tredjeparts rettigheder, herunder ophavsret, varem\u00e6rker, privatlivets fred, personlighed eller andre personlige eller ejendomsretlige rettigheder. Du accepterer endvidere, at dine kommentarer ikke indeholder injurierende eller p\u00e5 anden m\u00e5de ulovligt, kr\u00e6nkende eller uanst\u00e6ndigt materiale eller indeholder computervirus eller anden malware, der p\u00e5 nogen m\u00e5de kan p\u00e5virke driften af tjenesten eller et relateret websted. Du m\u00e5 ikke bruge en falsk e-mailadresse, udgive dig for at v\u00e6re en anden end dig selv eller p\u00e5 anden m\u00e5de vildlede os eller tredjeparter med hensyn til kommentarernes oprindelse. Du er alene ansvarlig for alle dine kommentarer og deres n\u00f8jagtighed. Vi p\u00e5tager os intet ansvar og p\u00e5tager os intet ansvar for kommentarer, som du eller en tredjepart har indsendt.<\/p>\n<h2>Afsnit 10 &#8211; Personlige oplysninger<\/h2>\n<p>Din indsendelse af personlige oplysninger via butikken er underlagt vores privatlivspolitik. For at se vores privatlivspolitik.<\/p>\n<h2>Afsnit 11 &#8211; Fejl, un\u00f8jagtigheder og udeladelser<\/h2>\n<p>Lejlighedsvis kan der v\u00e6re oplysninger p\u00e5 vores websted eller i tjenesten, der indeholder typografiske fejl, un\u00f8jagtigheder eller udeladelser, der kan vedr\u00f8re produktbeskrivelser, priser, kampagner, tilbud, produktforsendelsesomkostninger, transittider og tilg\u00e6ngelighed. Vi forbeholder os ret til at rette eventuelle fejl, un\u00f8jagtigheder eller udeladelser og til at \u00e6ndre eller opdatere oplysninger eller annullere ordrer, hvis oplysninger i tjenesten eller p\u00e5 et relateret websted er un\u00f8jagtige, n\u00e5r som helst og uden forudg\u00e5ende varsel.<\/p>\n<p>Vi p\u00e5tager os ingen forpligtelse til at opdatere, \u00e6ndre eller pr\u00e6cisere oplysninger i Tjenesten eller p\u00e5 et relateret websted, herunder uden begr\u00e6nsning prisoplysninger, medmindre det kr\u00e6ves i henhold til loven. Ingen af de angivne opdaterings- eller ajourf\u00f8ringsdatoer, der anvendes i tjenesten eller p\u00e5 et relateret websted, skal tages som udtryk for, at alle oplysninger i tjenesten eller p\u00e5 et relateret websted er blevet \u00e6ndret eller opdateret.<\/p>\n<h2>Afsnit 12 &#8211; Forbudt brug<\/h2>\n<p>Ud over andre forbud, der er fastsat i Servicevilk\u00e5rene, er det forbudt at bruge webstedet eller dets indhold:<\/p>\n<ul>\n<li>(a) til ethvert ulovligt form\u00e5l;<\/li>\n<li>(b) til at opfordre andre til at udf\u00f8re eller deltage i ulovlige handlinger;<\/li>\n<li>(c) til at overtr\u00e6de internationale, f\u00f8derale, provinsielle eller statslige regler, bestemmelser, love eller lokale forordninger;<\/li>\n<li>(d) at kr\u00e6nke eller overtr\u00e6de vores intellektuelle ejendomsrettigheder eller andres intellektuelle ejendomsrettigheder;<\/li>\n<li>(e) at chikanere, misbruge, forn\u00e6rme, kr\u00e6nke, skade, bagvaske, bagvaske, nedg\u00f8re, intimidere eller diskriminere p\u00e5 grundlag af k\u00f8n, seksuel orientering, religion, etnicitet, race, alder, national oprindelse eller handicap;<\/li>\n<li>(f) at indsende falske eller vildledende oplysninger;<\/li>\n<li>(g) at uploade eller overf\u00f8re virus eller enhver anden form for skadelig kode, der vil eller kan anvendes p\u00e5 en m\u00e5de, der p\u00e5 nogen m\u00e5de vil p\u00e5virke funktionaliteten eller driften af tjenesten eller af ethvert relateret websted, andre websteder eller internettet;<\/li>\n<li>(h) at indsamle eller spore andres personlige oplysninger;<\/li>\n<li>(i) at spamme, phish, pharm, pharm, pretext, spider, crawl eller scrape;<\/li>\n<li>(j) til ethvert obsk\u00f8nt eller umoralsk form\u00e5l;<\/li>\n<li>(k) for at forstyrre eller omg\u00e5 sikkerhedsfunktioner i tjenesten eller p\u00e5 et relateret websted, andre websteder eller internettet. Vi forbeholder os retten til at opsige din brug af Tjenesten eller et relateret websted for overtr\u00e6delse af en af de forbudte anvendelser.<\/li>\n<\/ul>\n<h3>Afsnit 13 &#8211; Ansvarsfraskrivelse; begr\u00e6nsning af ansvar<\/h3>\n<p>Vi garanterer ikke, repr\u00e6senterer eller garanterer ikke, at din brug af vores tjeneste vil v\u00e6re uafbrudt, rettidig, sikker eller fejlfri. Vi garanterer ikke, at de resultater, der kan opn\u00e5s ved brug af tjenesten, vil v\u00e6re n\u00f8jagtige eller p\u00e5lidelige.<\/p>\n<p>Du accepterer, at vi fra tid til anden kan fjerne tjenesten for ubestemte perioder eller annullere tjenesten til enhver tid uden at give dig besked.<\/p>\n<p>Du accepterer udtrykkeligt, at din brug af eller manglende evne til at bruge tjenesten sker p\u00e5 din egen risiko. Tjenesten og alle produkter og tjenester, der leveres til dig via tjenesten, leveres (medmindre det udtrykkeligt er angivet af os) &#8220;som de er&#8221; og &#8220;som de er tilg\u00e6ngelige til din brug, uden nogen form for repr\u00e6sentation, garantier eller betingelser af nogen art, hverken udtrykkelige eller underforst\u00e5ede, herunder alle underforst\u00e5ede garantier eller betingelser for salgbarhed, salgbarhed, egnethed til et bestemt form\u00e5l, holdbarhed, ejendomsret og ikke-kr\u00e6nkelse.<\/p>\n<p>Under ingen omst\u00e6ndigheder skal GriffinMachinery, vores direkt\u00f8rer, officerer, medarbejdere, s\u00f8sterselskaber, agenter, entrepren\u00f8rer, praktikanter, leverand\u00f8rer, tjenesteudbydere eller licensgivere v\u00e6re ansvarlige for nogen skade, tab, krav eller nogen direkte, indirekte, tilf\u00e6ldige, straffende, s\u00e6rlige eller f\u00f8lgeskader af nogen art, herunder, uden begr\u00e6nsning tabt fortjeneste, tabt indtjening, tabte besparelser, tab af data, erstatningsomkostninger eller lignende skader, uanset om de er baseret p\u00e5 kontrakt, tort (herunder uagtsomhed), ansvar eller p\u00e5 anden m\u00e5de, der opst\u00e5r som f\u00f8lge af din brug af tjenesten eller produkter, der er fremskaffet ved hj\u00e6lp af tjenesten, eller for ethvert andet krav, der p\u00e5 nogen m\u00e5de er relateret til din brug af tjenesten eller et produkt, herunder, men ikke begr\u00e6nset til, eventuelle fejl eller udeladelser i indhold eller tab eller skader af nogen art, der opst\u00e5r som f\u00f8lge af brugen af tjenesten eller indhold (eller produkt), der er offentliggjort, transmitteret eller p\u00e5 anden m\u00e5de gjort tilg\u00e6ngeligt via tjenesten, selv om de er underrettet om deres mulighed. Da nogle stater eller jurisdiktioner ikke tillader udelukkelse eller begr\u00e6nsning af ansvar for f\u00f8lgeskader eller tilf\u00e6ldige skader, skal vores ansvar i s\u00e5danne stater eller jurisdiktioner begr\u00e6nses til det maksimalt tilladte i henhold til loven.<\/p>\n<h3>Afsnit 14 &#8211; Erstatning<\/h3>\n<p>Du accepterer at holde GriffinMachinery og vores moderselskab, datterselskaber, associerede selskaber, partnere, officerer, direkt\u00f8rer, agenter, entrepren\u00f8rer, licensgivere, tjenesteudbydere, underleverand\u00f8rer, leverand\u00f8rer, praktikanter og medarbejdere skadesl\u00f8se for ethvert krav eller krav, herunder rimelige advokatsal\u00e6rer, der frems\u00e6ttes af en tredjepart p\u00e5 grund af eller som f\u00f8lge af din overtr\u00e6delse af disse servicevilk\u00e5r eller de dokumenter, som de inkorporerer ved henvisning, eller din overtr\u00e6delse af enhver lov eller en tredjeparts rettigheder.<\/p>\n<h3>Afsnit 15 &#8211; Adskillelighed<\/h3>\n<p>I tilf\u00e6lde af at en bestemmelse i disse servicevilk\u00e5r anses for at v\u00e6re ulovlig, ugyldig eller ikke kan h\u00e5ndh\u00e6ves, skal en s\u00e5dan bestemmelse ikke desto mindre kunne h\u00e5ndh\u00e6ves i det omfang, det er tilladt i henhold til g\u00e6ldende lov, og den del, der ikke kan h\u00e5ndh\u00e6ves, skal anses for at v\u00e6re adskilt fra disse servicevilk\u00e5r, og en s\u00e5dan afg\u00f8relse skal ikke p\u00e5virke gyldigheden og h\u00e5ndh\u00e6velsen af andre resterende bestemmelser.<\/p>\n<h3>Afsnit 16 &#8211; Opsigelse<\/h3>\n<p>Parternes forpligtelser og ansvar, der er p\u00e5taget f\u00f8r opsigelsesdatoen, skal overleve opsigelsen af denne aftale i alle henseender.<\/p>\nDisse servicevilk\u00e5r er g\u00e6ldende, medmindre og indtil de opsiges af enten dig eller os. Du kan til enhver tid opsige disse servicevilk\u00e5r ved at meddele os, at du ikke l\u00e6ngere \u00f8nsker at bruge vores tjenester, eller n\u00e5r du oph\u00f8rer med at bruge vores websted.<br \/>\nHvis du efter vores egen vurdering ikke overholder, eller hvis vi har mistanke om, at du ikke har overholdt et vilk\u00e5r eller en bestemmelse i disse servicevilk\u00e5r, kan vi ogs\u00e5 opsige denne aftale til enhver tid uden varsel, og du forbliver ansvarlig for alle skyldige bel\u00f8b til og med opsigelsesdatoen; og\/eller kan i overensstemmelse hermed n\u00e6gte dig adgang til vores tjenester (eller en del heraf).\n<h3>Afsnit 17 &#8211; Hele aftalen<\/h3>\n<p>Hvis vi undlader at ud\u00f8ve eller h\u00e5ndh\u00e6ve en rettighed eller bestemmelse i disse servicevilk\u00e5r, udg\u00f8r det ikke et frafald af en s\u00e5dan rettighed eller bestemmelse.<\/p>\n<p>Disse Servicevilk\u00e5r og alle politikker eller driftsregler, som vi har offentliggjort p\u00e5 dette websted eller i forbindelse med Tjenesten, udg\u00f8r hele aftalen og forst\u00e5elsen mellem dig og os og regulerer din brug af Tjenesten, og erstatter alle tidligere eller samtidige aftaler, kommunikationer og forslag, mundtlige eller skriftlige, mellem dig og os (herunder, men ikke begr\u00e6nset til, tidligere versioner af Servicevilk\u00e5rene).<\/p>\n<p>Eventuelle tvetydigheder i fortolkningen af disse Servicevilk\u00e5r skal ikke fortolkes imod den part, der har udarbejdet dem.<\/p>\n<h3>Afsnit 18 &#8211; G\u00e6ldende lov<\/h3>\n<p>Disse Servicevilk\u00e5r og eventuelle separate aftaler, hvorved vi leverer tjenester til dig, skal v\u00e6re underlagt og fortolkes i overensstemmelse med lovgivningen i Kina.<\/p>\n<h3>Afsnit 19 &#8211; \u00c6ndringer af vilk\u00e5rene for service<\/h3>\n<p>Du kan til enhver tid l\u00e6se den seneste version af vilk\u00e5rene for service p\u00e5 denne side.<\/p>\n<p>Vi forbeholder os ret til efter eget sk\u00f8n at opdatere, \u00e6ndre eller erstatte enhver del af disse vilk\u00e5r for service ved at offentligg\u00f8re opdateringer og \u00e6ndringer p\u00e5 vores websted. Det er dit ansvar at tjekke vores websted regelm\u00e6ssigt for \u00e6ndringer.<\/p>\n<p>Din fortsatte brug af eller adgang til vores websted eller tjenesten efter offentligg\u00f8relsen af \u00e6ndringer af disse vilk\u00e5r for service udg\u00f8r en accept af disse \u00e6ndringer.<\/p>\n\n","protected":false},"excerpt":{"rendered":"<p>Oversigt Dette websted drives af GriffinMachinery. P\u00e5 hele webstedet henviser udtrykkene &#8220;vi&#8221;, &#8220;os&#8221; og &#8220;vores&#8221; til GriffinMachinery. GriffinMachinery tilbyder dette websted, herunder alle oplysninger, v\u00e6rkt\u00f8jer og tjenester, der er tilg\u00e6ngelige fra dette websted til dig, [&hellip;]<\/p>\n","protected":false},"author":1,"featured_media":0,"parent":0,"menu_order":0,"comment_status":"closed","ping_status":"closed","template":"","meta":{"site-sidebar-layout":"default","site-content-layout":"default","ast-site-content-layout":"default","site-content-style":"default","site-sidebar-style":"default","ast-global-header-display":"","ast-banner-title-visibility":"","ast-main-header-display":"","ast-hfb-above-header-display":"","ast-hfb-below-header-display":"","ast-hfb-mobile-header-display":"","site-post-title":"","ast-breadcrumbs-content":"","ast-featured-img":"","footer-sml-layout":"","ast-disable-related-posts":"","theme-transparent-header-meta":"default","adv-header-id-meta":"","stick-header-meta":"default","header-above-stick-meta":"","header-main-stick-meta":"","header-below-stick-meta":"","astra-migrate-meta-layouts":"default","ast-page-background-enabled":"default","ast-page-background-meta":{"desktop":{"background-color":"","background-image":"","background-repeat":"repeat","background-position":"center center","background-size":"auto","background-attachment":"scroll","background-type":"","background-media":"","overlay-type":"","overlay-color":"","overlay-opacity":"","overlay-gradient":""},"tablet":{"background-color":"","background-image":"","background-repeat":"repeat","background-position":"center center","background-size":"auto","background-attachment":"scroll","background-type":"","background-media":"","overlay-type":"","overlay-color":"","overlay-opacity":"","overlay-gradient":""},"mobile":{"background-color":"","background-image":"","background-repeat":"repeat","background-position":"center center","background-size":"auto","background-attachment":"scroll","background-type":"","background-media":"","overlay-type":"","overlay-color":"","overlay-opacity":"","overlay-gradient":""}},"ast-content-background-meta":{"desktop":{"background-color":"var(--ast-global-color-5)","background-image":"","background-repeat":"repeat","background-position":"center center","background-size":"auto","background-attachment":"scroll","background-type":"","background-media":"","overlay-type":"","overlay-color":"","overlay-opacity":"","overlay-gradient":""},"tablet":{"background-color":"var(--ast-global-color-5)","background-image":"","background-repeat":"repeat","background-position":"center center","background-size":"auto","background-attachment":"scroll","background-type":"","background-media":"","overlay-type":"","overlay-color":"","overlay-opacity":"","overlay-gradient":""},"mobile":{"background-color":"var(--ast-global-color-5)","background-image":"","background-repeat":"repeat","background-position":"center center","background-size":"auto","background-attachment":"scroll","background-type":"","background-media":"","overlay-type":"","overlay-color":"","overlay-opacity":"","overlay-gradient":""}},"footnotes":""},"class_list":["post-4222","page","type-page","status-publish","hentry"],"_links":{"self":[{"href":"https:\/\/www.griffinmachinery.com\/da\/wp-json\/wp\/v2\/pages\/4222","targetHints":{"allow":["GET"]}}],"collection":[{"href":"https:\/\/www.griffinmachinery.com\/da\/wp-json\/wp\/v2\/pages"}],"about":[{"href":"https:\/\/www.griffinmachinery.com\/da\/wp-json\/wp\/v2\/types\/page"}],"author":[{"embeddable":true,"href":"https:\/\/www.griffinmachinery.com\/da\/wp-json\/wp\/v2\/users\/1"}],"replies":[{"embeddable":true,"href":"https:\/\/www.griffinmachinery.com\/da\/wp-json\/wp\/v2\/comments?post=4222"}],"version-history":[{"count":0,"href":"https:\/\/www.griffinmachinery.com\/da\/wp-json\/wp\/v2\/pages\/4222\/revisions"}],"wp:attachment":[{"href":"https:\/\/www.griffinmachinery.com\/da\/wp-json\/wp\/v2\/media?parent=4222"}],"curies":[{"name":"wp","href":"https:\/\/api.w.org\/{rel}","templated":true}]}}