{"id":4221,"date":"2022-04-07T05:50:37","date_gmt":"2022-04-07T05:50:37","guid":{"rendered":"https:\/\/www.griffinmachinery.com\/privatlivspolitik\/"},"modified":"2022-05-19T07:27:19","modified_gmt":"2022-05-19T07:27:19","slug":"privatlivspolitik","status":"publish","type":"page","link":"https:\/\/www.griffinmachinery.com\/da\/privatlivspolitik\/","title":{"rendered":"Privatlivspolitik"},"content":{"rendered":"\n\n\t<p>Velkommen til GriffinMachinery! Hvis du bes\u00f8ger vores butik, betyder det, at du automatisk accepterer alle disse vilk\u00e5r og betingelser. L\u00e6s venligst omhyggeligt alle oplysninger om vores retningslinjer, vilk\u00e5r og aftaler.<\/p>\n<p>Det er meget vigtigt at passe p\u00e5 oplysningerne, fordi vi lever i et informationssamfund, og du m\u00e5 ikke undervurdere den m\u00e5de, hvorp\u00e5 oplysninger vil blive brugt og delt.<\/p>\n<p>Tillid er hj\u00f8rnestenen i venskab, og vi s\u00e6tter pris p\u00e5 din beslutning om at v\u00e6lge vores butik. Vi giver dig fuld adgang til forskellige typer af oplysninger vedr\u00f8rende din konto.<\/p>\n<p>Bem\u00e6rk desuden, at vores websted indeholder adskillige varem\u00e6rker, der kan tilh\u00f8re b\u00e5de vores virksomhed og tredjepartsvirksomheder.<\/p>\n<p>Brug af logoer, ikoner og servicenavne er forbudt p\u00e5 enhver m\u00e5de, der kan skabe forvirring blandt vores kunder, og vil blive betragtet som en overtr\u00e6delse af ophavsretsloven.<\/p>\n<p>Vi forbeholder os retten til at foretage \u00e6ndringer i disse vilk\u00e5r og betingelser til enhver tid uden forudg\u00e5ende meddelelser.<\/p>\n<p>Ved at bruge dette websted accepterer du vilk\u00e5rene i den seneste version af denne privatlivspolitik. L\u00e6s venligst vores brugsbetingelser for at forst\u00e5 de generelle regler for din brug af dette websted. Medmindre det er skrevet i andre ansvarsfraskrivelser, politikker, brugsbetingelser eller andre meddelelser p\u00e5 dette websted, er denne privatlivspolitik og brugsbetingelserne den fuldst\u00e6ndige aftale mellem dig og GriffinMachinery.com med hensyn til din brug af dette websted. Du kan v\u00e6re underlagt yderligere vilk\u00e5r, der kan g\u00e6lde, n\u00e5r du f\u00e5r adgang til bestemte tjenester eller materialer p\u00e5 visse omr\u00e5der p\u00e5 dette websted eller ved at f\u00f8lge et link fra dette websted.<\/p>\n<h3>Introduktion<\/h3>\n<p>De oplysninger, vi modtager, og hvordan vi bruger dem, afh\u00e6nger af, hvad du g\u00f8r, n\u00e5r du bes\u00f8ger vores websted. Vi indsamler og anvender dine ikke-personlige oplysninger (oplysninger, der ikke kan identificeres til dig personligt) p\u00e5 en anden m\u00e5de end dine personlige oplysninger.<\/p>\n<h3>Hvad er ikke-personlige oplysninger?<\/h3>\n<p>Ikke-personlige oplysninger er de oplysninger, som vi indsamler via dette websted, og som ikke identificerer os som en individuel person. De kan omfatte oplysninger som f.eks. f\u00f8lgende:<\/p>\n<ul>\n<li>den type webbrowsersoftware, du bruger (f.eks. Netscape Navigator eller Internet Explorer)<\/li>\n<li>navnet p\u00e5 det dom\u00e6ne, hvorfra du f\u00e5r adgang til internettet<\/li>\n<li>internetadressen p\u00e5 det websted, hvorfra du har linket direkte til vores websted<\/li>\n<li>dato og klokkesl\u00e6t for din adgang til vores websted<\/li>\n<li>hvilke sider du har bes\u00f8gt p\u00e5 vores websted<\/li>\n<li>de s\u00f8getermer, du bruger<\/li>\n<li>de links, som du klikker p\u00e5<\/li>\n<li>personlige oplysninger, der er blevet gjort ikke-personlige eller anonymiseret (dvs. oplysninger, der ikke l\u00e6ngere afspejler eller henviser til en individuelt identificerbar bruger)<\/li>\n<\/ul>\n<p>Hvis du bes\u00f8ger vores websted for at l\u00e6se eller downloade oplysninger, f.eks. oplysninger om en helbredstilstand eller om et af vores produkter, kan vi indsamle visse ikke-personlige oplysninger om dig fra din computer. Disse oplysninger indsamles fra din computers webbrowser: Hvis du kun l\u00e6ser eller downloader oplysninger p\u00e5 vores websted, indsamler vi ikke eller f\u00e5r kendskab til dit navn, din e-mail-adresse, din privatadresse eller andre personlige oplysninger om dig. Vi kan placere en tekstfil kaldet en cookie i browserfilerne p\u00e5 din computer, n\u00e5r du bes\u00f8ger den. Cookien kan blive gemt p\u00e5 din computers harddisk. De oplysninger, som vi indsamler ved hj\u00e6lp af cookies, er ikke-personlige oplysninger. Det st\u00e5r dig altid frit for at afvise vores cookies, hvis din browser tillader det, men visse dele af vores websted fungerer muligvis ikke korrekt for dig, hvis du g\u00f8r det. Vi tillader ikke andre tredjeparter end de virksomheder, som vi hyrer til at udf\u00f8re tjenester eller funktioner p\u00e5 vores vegne, at placere cookies p\u00e5 vores websted.<\/p>\n<h3>Hvad g\u00f8r GriffinMachinery.com med ikke-personlige oplysninger?<\/h3>\n<p>Da ikke-personlige oplysninger ikke kan identificere dig eller knyttes til dig p\u00e5 nogen m\u00e5de, er der ingen begr\u00e6nsninger p\u00e5 de m\u00e5der, vi kan bruge eller dele ikke-personlige oplysninger p\u00e5. Vi er altid p\u00e5 udkig efter m\u00e5der at betjene dig bedre og forbedre dette websted p\u00e5. Vi vil bruge ikke-personlige oplysninger fra dig til at hj\u00e6lpe os med at g\u00f8re dette websted mere nyttigt for de bes\u00f8gende. Vi vil ogs\u00e5 bruge ikke-personlige oplysninger til andre forretningsform\u00e5l. Vi kan f.eks. bruge ikke-personlige oplysninger eller aggregerede ikke-personlige oplysninger til at:<\/p>\n<ul>\n<li>udarbejde rapporter til intern brug for at udvikle programmer, produkter, tjenester eller indhold<\/li>\n<li>tilpasse de oplysninger eller tjenester, der er af interesse for dig<\/li>\n<li>dele dem med eller s\u00e6lge dem til tredjeparter<\/li>\n<li>levere aggregerede &#8220;trafikstatistikker&#8221; og &#8220;svarprocenter&#8221; til tredjeparter<\/li>\n<\/ul>\n<h3>Hvad er personlige oplysninger?<\/h3>\n<p>Personlige oplysninger er de oplysninger, vi indsamler via dette websted, som vi kan bruge til specifikt at identificere dig, f.eks. dine:<\/p>\n<ul>\n<li>navn<\/li>\n<li>dit telefonnummer<\/li>\n<li>din e-mailadresse<\/li>\n<li>serienummer for medicinsk udstyr<\/li>\n<li>personlige helbredsoplysninger<\/li>\n<li>f\u00f8dselsdato<\/li>\n<\/ul>\n<p>Nogle steder p\u00e5 dette websted har du mulighed for at sende os personlige oplysninger om dig selv, at v\u00e6lge at modtage bestemte oplysninger eller at deltage i en aktivitet. Du kan f.eks. udfylde en registreringsformular, en unders\u00f8gelse eller en e-mail-formular, og du kan v\u00e6lge at modtage undervisningsmateriale om vores produkter og behandlinger.<\/p>\n<p>Du kan ogs\u00e5 v\u00e6lge at give os mulighed for at tilpasse dine bes\u00f8g p\u00e5 webstedet, i hvilket tilf\u00e6lde vi vil bede dig om visse personlige oplysninger for at g\u00f8re dine bes\u00f8g p\u00e5 vores websted mere nyttige for dig. N\u00e5r disse oplysninger kombineres med de ikke-personlige oplysninger, som vi indsamler via cookies (beskrevet ovenfor), kan vi se, at du har bes\u00f8gt vores websted tidligere, og vi kan tilpasse din adgang til vores websted, f.eks. ved at fort\u00e6lle dig om nye funktioner, der kan v\u00e6re af interesse for dig.<\/p>\n<h3>Hvordan opbevarer og bruger GriffinMachinery.com personlige oplysninger?<\/h3>\n<p>Vi kan opbevare og bruge de personlige oplysninger, som vi indsamler fra dig via dette websted, til at give dig adgang til dette websted. Derudover kan vi opbevare og bruge dine personlige oplysninger:<\/p>\n<ul>\n<li>til at besvare dine anmodninger<\/li>\n<li>til at tilpasse din adgang til vores websted, f.eks. ved at fort\u00e6lle dig om nye funktioner, der kan v\u00e6re af interesse for dig<\/li>\n<li>til at udarbejde registre, herunder registre over dine personlige oplysninger<\/li>\n<li>for at kontakte dig med oplysninger, der kan v\u00e6re af interesse for dig, herunder oplysninger om kliniske fors\u00f8g og om produkter og tjenester fra os og fra andre<\/li>\n<li>til analytiske form\u00e5l og til at forske i, udvikle og forbedre programmer, produkter, tjenester og indhold<\/li>\n<li>at fjerne dine personlige identifikatorer (dit navn, din e-mailadresse, dit socialsikringsnummer osv.). I dette tilf\u00e6lde vil du ikke l\u00e6ngere blive identificeret som et enkelt unikt individ. N\u00e5r vi har afidentificeret oplysninger, er det ikke-personlige oplysninger, og vi kan behandle dem som andre ikke-personlige oplysninger.<\/li>\n<li>at h\u00e5ndh\u00e6ve denne erkl\u00e6ring om beskyttelse af personlige oplysninger og andre regler om din brug af dette websted<\/li>\n<li>for at beskytte vores rettigheder eller ejendom<\/li>\n<li>for at beskytte nogens sundhed, sikkerhed eller velf\u00e6rd<\/li>\n<li>for at overholde en lov eller forskrift, en retskendelse eller andre juridiske processer<\/li>\n<\/ul>\n<p>Vi har ikke en metode til at gennemg\u00e5 personlige eller ikke-personlige oplysninger, der er indsamlet via dette websted.<\/p>\n<h3>Deler GriffinMachinery.com nogensinde personlige oplysninger med tredjeparter?<\/h3>\n<p>GriffinMachinery.com vil ikke dele dine personlige oplysninger, der er indsamlet fra dette websted, med en ikke-relateret tredjepart uden din tilladelse, medmindre andet er angivet i denne erkl\u00e6ring om beskyttelse af personlige oplysninger.<\/p>\n<p>Som led i den almindelige forretningsgang kan vi dele visse personlige oplysninger med virksomheder, som vi hyrer til at udf\u00f8re tjenester eller funktioner p\u00e5 vores vegne. I alle tilf\u00e6lde, hvor vi deler dine personlige oplysninger med en tredjepart, vil vi ikke give dem tilladelse til at opbevare, videregive eller bruge dine oplysninger til andre, undtagen med henblik p\u00e5 at levere de tjenester, vi har bedt dem om at levere. Vi vil ikke s\u00e6lge, udveksle eller offentligg\u00f8re dine personlige oplysninger, undtagen i forbindelse med salg, fusion, opl\u00f8sning eller overtagelse af en virksomhed.<\/p>\n<p>Vi kan v\u00e6re juridisk tvunget til at frigive dine personlige oplysninger som svar p\u00e5 en retskendelse, st\u00e6vning, ransagningskendelse, lov eller forskrift. Vi kan samarbejde med de retsh\u00e5ndh\u00e6vende myndigheder i forbindelse med efterforskning og retsforf\u00f8lgelse af bes\u00f8gende p\u00e5 webstedet, der overtr\u00e6der vores regler eller udviser en adf\u00e6rd, der er skadelig for andre bes\u00f8gende (eller ulovlig).<\/p>\n<h3>Hvad med privatlivets fred p\u00e5 andre websteder?<\/h3>\n<p>Dette websted kan indeholde links til andre websteder. Nogle af disse websteder kan drives af GriffinMachinery, og andre kan drives af tredjeparter. Vi leverer linksene for din bekvemmelighed, men vi gennemg\u00e5r, kontrollerer eller overv\u00e5ger ikke privatlivspolitikken p\u00e5 websteder, der drives af andre. Denne erkl\u00e6ring om beskyttelse af personlige oplysninger g\u00e6lder ikke for andre websteder, heller ikke de andre websteder p\u00e5 GriffinMachinery.com. Vi er ikke ansvarlige for udf\u00f8relsen af websteder, der drives af tredjeparter, eller for dine forretningsforbindelser med dem. Derfor anbefaler vi, at du, n\u00e5r du forlader dette websted, gennemg\u00e5r hvert enkelt websteds praksis for beskyttelse af personlige oplysninger og drager dine egne konklusioner om tilstr\u00e6kkeligheden af denne praksis.<\/p>\n<h3>Kommunikerer GriffinMachinery.com nogensinde direkte med de bes\u00f8gende p\u00e5 dette websted?<\/h3>\n<p>Vi kan kontakte dig med j\u00e6vne mellemrum via e-mail, post eller telefon, hvis du accepterer denne kontakt for at give oplysninger om programmer, produkter, tjenester og indhold, der kan v\u00e6re af interesse for dig. Desuden giver nogle af funktionerne p\u00e5 dette websted dig mulighed for at kommunikere med os ved hj\u00e6lp af en onlineformular. Hvis din kommunikation kr\u00e6ver et svar fra os, sender vi dig et svar via e-mail. E-mailsvaret eller bekr\u00e6ftelsen kan indeholde dine personlige oplysninger, herunder personlige oplysninger om dit helbred, dit navn, din adresse osv. Vi kan ikke garantere, at vores e-mails til dig vil v\u00e6re sikre mod uautoriseret opfangning.<\/p>\n<h3>Hvad med sikkerheden p\u00e5 webstedet?<\/h3>\n<p>Sikkerhed er meget vigtig for os. Vi forst\u00e5r ogs\u00e5, at sikkerhed er vigtig for dig. Vi tager rimelige skridt for at beskytte dine personlige oplysninger mod tab, misbrug og uautoriseret adgang, videregivelse, \u00e6ndring eller \u00f8del\u00e6ggelse. Du skal huske p\u00e5, at ingen internetoverf\u00f8rsel nogensinde er 100 % sikker eller fejlfri. Is\u00e6r e-mail, der sendes til eller fra dette websted, er muligvis ikke sikkert, og du b\u00f8r derfor v\u00e6re s\u00e6rlig forsigtig med at beslutte, hvilke oplysninger du sender til os via e-mail.<\/p>\n\n","protected":false},"excerpt":{"rendered":"<p>Velkommen til GriffinMachinery! Hvis du bes\u00f8ger vores butik, betyder det, at du automatisk accepterer alle disse vilk\u00e5r og betingelser. L\u00e6s venligst omhyggeligt alle oplysninger om vores retningslinjer, vilk\u00e5r og aftaler. Det er meget vigtigt at [&hellip;]<\/p>\n","protected":false},"author":1,"featured_media":0,"parent":0,"menu_order":0,"comment_status":"closed","ping_status":"closed","template":"","meta":{"site-sidebar-layout":"default","site-content-layout":"default","ast-site-content-layout":"default","site-content-style":"default","site-sidebar-style":"default","ast-global-header-display":"","ast-banner-title-visibility":"","ast-main-header-display":"","ast-hfb-above-header-display":"","ast-hfb-below-header-display":"","ast-hfb-mobile-header-display":"","site-post-title":"","ast-breadcrumbs-content":"","ast-featured-img":"","footer-sml-layout":"","ast-disable-related-posts":"","theme-transparent-header-meta":"default","adv-header-id-meta":"","stick-header-meta":"default","header-above-stick-meta":"","header-main-stick-meta":"","header-below-stick-meta":"","astra-migrate-meta-layouts":"default","ast-page-background-enabled":"default","ast-page-background-meta":{"desktop":{"background-color":"","background-image":"","background-repeat":"repeat","background-position":"center center","background-size":"auto","background-attachment":"scroll","background-type":"","background-media":"","overlay-type":"","overlay-color":"","overlay-opacity":"","overlay-gradient":""},"tablet":{"background-color":"","background-image":"","background-repeat":"repeat","background-position":"center center","background-size":"auto","background-attachment":"scroll","background-type":"","background-media":"","overlay-type":"","overlay-color":"","overlay-opacity":"","overlay-gradient":""},"mobile":{"background-color":"","background-image":"","background-repeat":"repeat","background-position":"center center","background-size":"auto","background-attachment":"scroll","background-type":"","background-media":"","overlay-type":"","overlay-color":"","overlay-opacity":"","overlay-gradient":""}},"ast-content-background-meta":{"desktop":{"background-color":"var(--ast-global-color-5)","background-image":"","background-repeat":"repeat","background-position":"center center","background-size":"auto","background-attachment":"scroll","background-type":"","background-media":"","overlay-type":"","overlay-color":"","overlay-opacity":"","overlay-gradient":""},"tablet":{"background-color":"var(--ast-global-color-5)","background-image":"","background-repeat":"repeat","background-position":"center center","background-size":"auto","background-attachment":"scroll","background-type":"","background-media":"","overlay-type":"","overlay-color":"","overlay-opacity":"","overlay-gradient":""},"mobile":{"background-color":"var(--ast-global-color-5)","background-image":"","background-repeat":"repeat","background-position":"center center","background-size":"auto","background-attachment":"scroll","background-type":"","background-media":"","overlay-type":"","overlay-color":"","overlay-opacity":"","overlay-gradient":""}},"footnotes":""},"class_list":["post-4221","page","type-page","status-publish","hentry"],"_links":{"self":[{"href":"https:\/\/www.griffinmachinery.com\/da\/wp-json\/wp\/v2\/pages\/4221","targetHints":{"allow":["GET"]}}],"collection":[{"href":"https:\/\/www.griffinmachinery.com\/da\/wp-json\/wp\/v2\/pages"}],"about":[{"href":"https:\/\/www.griffinmachinery.com\/da\/wp-json\/wp\/v2\/types\/page"}],"author":[{"embeddable":true,"href":"https:\/\/www.griffinmachinery.com\/da\/wp-json\/wp\/v2\/users\/1"}],"replies":[{"embeddable":true,"href":"https:\/\/www.griffinmachinery.com\/da\/wp-json\/wp\/v2\/comments?post=4221"}],"version-history":[{"count":0,"href":"https:\/\/www.griffinmachinery.com\/da\/wp-json\/wp\/v2\/pages\/4221\/revisions"}],"wp:attachment":[{"href":"https:\/\/www.griffinmachinery.com\/da\/wp-json\/wp\/v2\/media?parent=4221"}],"curies":[{"name":"wp","href":"https:\/\/api.w.org\/{rel}","templated":true}]}}