{"id":4215,"date":"2018-06-18T06:57:57","date_gmt":"2018-06-18T06:57:57","guid":{"rendered":"https:\/\/www.griffinmachinery.com\/om-os\/"},"modified":"2023-05-16T10:43:21","modified_gmt":"2023-05-16T10:43:21","slug":"om-os","status":"publish","type":"page","link":"https:\/\/www.griffinmachinery.com\/da\/om-os\/","title":{"rendered":"Om os"},"content":{"rendered":"\n\n\t<h1>\n\t\t\t\t\tOm os\n\t\t\t\t<\/h1>\n\t<h2>\n\t\t\t\t\tVi er din trov\u00e6rdige partner\n\t\t\t\t<\/h2>\n\t\t\t<p>Griffin Technology Manufacturing Co., Ltd. en fabrik med mere end ti \u00e5rs erfaring med professionel og teknisk industriel service, er beliggende i Changzhou by i Jiangsu.<\/p>\n<p>\u00a0<\/p>\n<p>Vores virksomhed har 2 store moderne byggemaskiner produktionsanl\u00e6g, udstyret med hele linjen af pladeb\u00f8jning, lasersk\u00e6ring, automatisk polering, automatisk svejsning, optager et areal p\u00e5 500.000 kvadratmeter. Vi har ogs\u00e5 vores eget F&amp;U-team, som har en r\u00e6kke talenter, og et individuelt testlaboratorium.<\/p>\n<p>\u00a0<\/p>\n<p>Med rig erfaring, holder vi f\u00f8rende i design og fremstilling af kinesisk urteekstrakt spray t\u00f8rretumbler, aroma spray t\u00f8rretumbler, hydrolyseret protein spray t\u00f8rretumbler, t\u00f8rretumbler til t\u00f8rring af kokosn\u00f8dder, kokosn\u00f8ddek\u00f8d mesh b\u00e6ltet\u00f8rrer, farmaceutisk spray t\u00f8rretumbler, gr\u00f8ntsager og frugt dehydratorer (mesh b\u00e6ltet\u00f8rrer), br\u00f8d krumme fluid bed t\u00f8rretumbler, enzym spray t\u00f8rretumbler, kylling pulver produktionslinje, tang t\u00f8rring forarbejdning linje, gelatine produktion, WDG produktionslinje og s\u00e5 videre.<\/p>\n<p>\u00a0<\/p>\n<p>Baseret p\u00e5 at holde den stabile kvalitet af t\u00f8rring, blanding, granulering, knusning og sigtning maskiner, vi aktivt forskning og udvikling af nye produkter, ligesom rulle komprimatorer, luftstr\u00f8m transport og blandingssystemer, vakuum b\u00e6ltet\u00f8rrer, fors\u00f8ge at levere n\u00f8glef\u00e6rdige projekter til vores kunder.<\/p>\n\t\t\t\t<img loading=\"lazy\" decoding=\"async\" src=\"https:\/\/www.griffinmachinery.com\/wp-content\/uploads\/2022\/03\/company.jpg\" alt=\"virksomhed\" itemprop=\"image\" height=\"853\" width=\"1280\" title=\"virksomhed\" onerror=\"this.style.display='none'\"  \/>\n\t\t\t\t<img loading=\"lazy\" decoding=\"async\" src=\"https:\/\/www.griffinmachinery.com\/wp-content\/uploads\/2022\/03\/factory.jpg\" alt=\"fabrik\" itemprop=\"image\" height=\"853\" width=\"1280\" title=\"fabrik\" onerror=\"this.style.display='none'\"  \/>\n\t<h3>\n\t\t\t\t\tTallene taler for sig selv!\n\t\t\t\t<\/h3>\n\t\t\t\n\t<h2>\n\t\t\t\t\t20 +\n\t\t\t\t<\/h2>\n\t\t\t<p>Kurateret udstyr<\/p>\n\t<h2>\n\t\t\t\t\t200 +\n\t\t\t\t<\/h2>\n\t\t\t<p>Projekter og applikationer<\/p>\n\t<h2>\n\t\t\t\t\t12+\n\t\t\t\t<\/h2>\n\t\t\t<p>Kategorier af maskiner<\/p>\n\t\t\t\t<img decoding=\"async\" src=\"https:\/\/www.griffinmachinery.com\/wp-content\/uploads\/2022\/03\/image1.jpg\" alt=\"image1\" itemprop=\"image\"\/>\n\t<h2>\n\t\t\t\t\tCertificerede produkter\n\t\t\t\t<\/h2>\n\t\t\t\t<img decoding=\"async\" src=\"https:\/\/www.griffinmachinery.com\/wp-content\/uploads\/2022\/03\/certifications.png\" alt=\"certifications\" itemprop=\"image\"\/>\n\t\t\t<p>Griffin producerede t\u00f8rremaskiner blev eksporteret til mange lande med god drift. Alle produkterne er af standardkvalitet og har best\u00e5et CE-, ISO- og SGS-certificeringerne.<\/p>\n<p>\u00a0<\/p>\n<p>Vi har specialiseret os i forskning og udvikling af industrielle t\u00f8rretumbler, s\u00e5som sprayt\u00f8rrer, mesh b\u00e6ltet\u00f8rrer, fluid bed drye, flash t\u00f8rretumbler, luftstr\u00f8m t\u00f8rretumbler, vakuum t\u00f8rretumbler, pladet\u00f8rrer, og s\u00e5 videre.<\/p>\n<p>\u00a0<\/p>\n<p>Som hj\u00e6lpemaskiner til t\u00f8rremaskine leverer vi ogs\u00e5 blander, granulator, kv\u00e6rn og screener, rullekomprimator, luftstr\u00f8msblandingssystem og luftstr\u00f8mstransport\u00f8r.<\/p>\n\t<ul>\n\t\t<li><a href=\"https:\/\/www.griffinmachinery.com\/da\/spraytoerrere\/\" target=\"_self\" rel=\"noopener\"><\/a>\t\t\t\t\n\t\tSprayt\u00f8rrer<\/li><li><a href=\"https:\/\/www.griffinmachinery.com\/da\/fluid-bed-torrer\/\" target=\"_self\" rel=\"noopener\"><\/a>\t\t\t\t\n\t\tFluid Bed t\u00f8rrer<\/li><li><a href=\"https:\/\/www.griffinmachinery.com\/da\/vakuumtorrer\/\" target=\"_self\" rel=\"noopener\"><\/a>\t\t\t\t\n\t\tVakuumt\u00f8rrer<\/li><li><a href=\"https:\/\/www.griffinmachinery.com\/da\/mesh-belt-torretumbler\/\" target=\"_self\" rel=\"noopener\"><\/a>\t\t\t\t\n\t\tMesh b\u00e6ltet\u00f8rrer<\/li>\t<\/ul>\n\t<ul>\n\t\t<li><a href=\"https:\/\/www.griffinmachinery.com\/da\/luftstromstorrer\/\" target=\"_self\" rel=\"noopener\"><\/a>\t\t\t\t\n\t\tluftstr\u00f8mst\u00f8rrerens<\/li><li><a href=\"https:\/\/www.griffinmachinery.com\/da\/skivetorrer\/\" target=\"_self\" rel=\"noopener\"><\/a>\t\t\t\t\n\t\tRoterende Skivt\u00f8rrer<\/li><li><a href=\"https:\/\/www.griffinmachinery.com\/da\/centrifugering-flash-torring\/\" target=\"_self\" rel=\"noopener\"><\/a>\t\t\t\t\n\t\tSpin Flash T\u00f8rringsudstyr<\/li><li><a href=\"https:\/\/www.griffinmachinery.com\/da\/roterende-ovn-torretumbler\/\" target=\"_self\" rel=\"noopener\"><\/a>\t\t\t\t\n\t\tRoterende ovnt\u00f8rrer<\/li>\t<\/ul>\n<h2>\n\t\tVores tjenester\n\t<\/h2>\n\t<p>Hvis du st\u00f8der p\u00e5 problemer i fremtiden under testprocessen, lover vi, at vi vil give dig et svar inden for 48 timer og en l\u00f8sning inden for 3 arbejdsdage. Vi kan tilbyde en betjeningsvideo og en betjeningsvejledning. Vi kan tilbyde en videokonference.<\/p>\n\t<h3>\n\t\t\t\t\tForudg\u00e5ende\n\t\t\t\t<\/h3>\n\t\t\t<ul>\n<li>24 timers online service til din r\u00e5dgivning.<\/li>\n<li>Hj\u00e6lp til at v\u00e6lge den rigtige model og en r\u00e6kke tjenester, person, r\u00e5dgivning.<\/li>\n<li>Accepteret tilpasning til alle former for specielle specifikationer for alle former for specielle produkter.<\/li>\n<li>Vi v\u00e6rds\u00e6tter den foresp\u00f8rgsel, der sendes til os rettidigt, hvilket sikrer et hurtigt og konkurrencedygtigt tilbud.<\/li>\n<\/ul>\n\t<h3>\n\t\t\t\t\tEftersalgsservice\n\t\t\t\t<\/h3>\n\t\t\t<ul>\n<li>Vi behandler dine klager inden for 24 timer og l\u00f8ser dem inden for 3 arbejdsdage.<\/li>\n<li>Tr\u00e6ning i installation af maskinen, tr\u00e6ning i brug af maskinen. Vi tilbyder en betjeningsvideo og en engelsk betjeningsvejledning. Vi kan tilbyde video-con.<\/li>\n<li>1 \u00e5rs garantiservice og vedligeholdelse hele livet; vores ingeni\u00f8rer kunne tage til dit sted for bedre service n\u00f8dvendigvis.<\/li>\n<\/ul>\n\t<h3>\n\t\t\t\t\tForpligtelse\n\t\t\t\t<\/h3>\n\t\t\t<ul>\n<li>Vi underskriver en forpligtelseserkl\u00e6ring, samtidig med at vi underskriver kontrakten, hvilket<\/li>\n<li>vil \u00f8ge din tillid til os.<br \/>Alle varer er d\u00e6kket med film og luftboblefilm, f\u00f8r de l\u00e6gges i den st\u00e6rke tr\u00e6kasse.<\/li>\n<\/ul>\n\n","protected":false},"excerpt":{"rendered":"<p>Om os Vi er din trov\u00e6rdige partner Griffin Technology Manufacturing Co., Ltd. en fabrik med mere end ti \u00e5rs erfaring med professionel og teknisk industriel service, er beliggende i Changzhou by i Jiangsu. \u00a0 Vores [&hellip;]<\/p>\n","protected":false},"author":1,"featured_media":0,"parent":0,"menu_order":0,"comment_status":"closed","ping_status":"closed","template":"","meta":{"site-sidebar-layout":"no-sidebar","site-content-layout":"page-builder","ast-site-content-layout":"default","site-content-style":"default","site-sidebar-style":"default","ast-global-header-display":"","ast-banner-title-visibility":"","ast-main-header-display":"","ast-hfb-above-header-display":"","ast-hfb-below-header-display":"","ast-hfb-mobile-header-display":"","site-post-title":"disabled","ast-breadcrumbs-content":"","ast-featured-img":"disabled","footer-sml-layout":"","ast-disable-related-posts":"","theme-transparent-header-meta":"enabled","adv-header-id-meta":"","stick-header-meta":"default","header-above-stick-meta":"","header-main-stick-meta":"","header-below-stick-meta":"","astra-migrate-meta-layouts":"default","ast-page-background-enabled":"default","ast-page-background-meta":{"desktop":{"background-color":"","background-image":"","background-repeat":"repeat","background-position":"center center","background-size":"auto","background-attachment":"scroll","background-type":"","background-media":"","overlay-type":"","overlay-color":"","overlay-opacity":"","overlay-gradient":""},"tablet":{"background-color":"","background-image":"","background-repeat":"repeat","background-position":"center center","background-size":"auto","background-attachment":"scroll","background-type":"","background-media":"","overlay-type":"","overlay-color":"","overlay-opacity":"","overlay-gradient":""},"mobile":{"background-color":"","background-image":"","background-repeat":"repeat","background-position":"center center","background-size":"auto","background-attachment":"scroll","background-type":"","background-media":"","overlay-type":"","overlay-color":"","overlay-opacity":"","overlay-gradient":""}},"ast-content-background-meta":{"desktop":{"background-color":"var(--ast-global-color-5)","background-image":"","background-repeat":"repeat","background-position":"center center","background-size":"auto","background-attachment":"scroll","background-type":"","background-media":"","overlay-type":"","overlay-color":"","overlay-opacity":"","overlay-gradient":""},"tablet":{"background-color":"var(--ast-global-color-5)","background-image":"","background-repeat":"repeat","background-position":"center center","background-size":"auto","background-attachment":"scroll","background-type":"","background-media":"","overlay-type":"","overlay-color":"","overlay-opacity":"","overlay-gradient":""},"mobile":{"background-color":"var(--ast-global-color-5)","background-image":"","background-repeat":"repeat","background-position":"center center","background-size":"auto","background-attachment":"scroll","background-type":"","background-media":"","overlay-type":"","overlay-color":"","overlay-opacity":"","overlay-gradient":""}},"footnotes":""},"class_list":["post-4215","page","type-page","status-publish","hentry"],"_links":{"self":[{"href":"https:\/\/www.griffinmachinery.com\/da\/wp-json\/wp\/v2\/pages\/4215","targetHints":{"allow":["GET"]}}],"collection":[{"href":"https:\/\/www.griffinmachinery.com\/da\/wp-json\/wp\/v2\/pages"}],"about":[{"href":"https:\/\/www.griffinmachinery.com\/da\/wp-json\/wp\/v2\/types\/page"}],"author":[{"embeddable":true,"href":"https:\/\/www.griffinmachinery.com\/da\/wp-json\/wp\/v2\/users\/1"}],"replies":[{"embeddable":true,"href":"https:\/\/www.griffinmachinery.com\/da\/wp-json\/wp\/v2\/comments?post=4215"}],"version-history":[{"count":0,"href":"https:\/\/www.griffinmachinery.com\/da\/wp-json\/wp\/v2\/pages\/4215\/revisions"}],"wp:attachment":[{"href":"https:\/\/www.griffinmachinery.com\/da\/wp-json\/wp\/v2\/media?parent=4215"}],"curies":[{"name":"wp","href":"https:\/\/api.w.org\/{rel}","templated":true}]}}