{"id":10052,"date":"2022-11-01T10:10:27","date_gmt":"2022-11-01T10:10:27","guid":{"rendered":"https:\/\/www.griffinmachinery.com\/kemisk-industritoerring\/"},"modified":"2023-04-10T07:36:29","modified_gmt":"2023-04-10T07:36:29","slug":"kemisk-industritoerring","status":"publish","type":"page","link":"https:\/\/www.griffinmachinery.com\/da\/kemisk-industritoerring\/","title":{"rendered":"Kemisk industrit\u00f8rring"},"content":{"rendered":"\n<h3>\n\t\tT\u00f8rremaskiner anvendt i kemisk industri\n\t<\/h3>\n\t<p>Zhongsheng Chemicals projekt med en \u00e5rlig produktion p\u00e5 100.000 tons hydrosulfit er i fuld gang.<\/p>\n<p>Den samlede investering af dette natriumdithionit(Na2S2O4)-projekt er 100 millioner dollars, der d\u00e6kker et areal p\u00e5 mere end 150.000 kvadratmeter.<\/p>\n<p>En ny 100.000 tons hydrosulfit produktionslinje vil blive bygget med en \u00e5rlig produktion p\u00e5 60.000 tons natriumdithionit og biprodukter s\u00e5som natriumsulfit og kuldioxid.<\/p>\n\t\t\t<a href=\"#\" role=\"button\">\n\t\t\t\t\t\t\tKom i kontakt med os nu\n\t\t\t<\/a>\n\t\t\n<div class=\"wpcf7 no-js\" id=\"wpcf7-f4491-o1\" lang=\"da-DK\" dir=\"ltr\" data-wpcf7-id=\"4491\">\n<div class=\"screen-reader-response\"><p role=\"status\" aria-live=\"polite\" aria-atomic=\"true\"><\/p> <ul><\/ul><\/div>\n<form action=\"\/da\/wp-json\/wp\/v2\/pages\/10052#wpcf7-f4491-o1\" method=\"post\" class=\"wpcf7-form init\" aria-label=\"Kontaktformular\" novalidate=\"novalidate\" data-status=\"init\">\n<fieldset class=\"hidden-fields-container\"><input type=\"hidden\" name=\"_wpcf7\" value=\"4491\" \/><input type=\"hidden\" name=\"_wpcf7_version\" value=\"6.1.5\" \/><input type=\"hidden\" name=\"_wpcf7_locale\" value=\"da_DK\" \/><input type=\"hidden\" name=\"_wpcf7_unit_tag\" value=\"wpcf7-f4491-o1\" \/><input type=\"hidden\" name=\"_wpcf7_container_post\" value=\"0\" \/><input type=\"hidden\" name=\"_wpcf7_posted_data_hash\" value=\"\" \/><input type=\"hidden\" name=\"_wpcf7_recaptcha_response\" value=\"\" \/>\n<\/fieldset>\n<p><label> Dit navn<br \/>\n<span class=\"wpcf7-form-control-wrap\" data-name=\"your-name\"><input size=\"40\" maxlength=\"400\" class=\"wpcf7-form-control wpcf7-text wpcf7-validates-as-required\" aria-required=\"true\" aria-invalid=\"false\" value=\"\" type=\"text\" name=\"your-name\" \/><\/span> <\/label>\n<\/p>\n<p><label> Din e-mail<br \/>\n<span class=\"wpcf7-form-control-wrap\" data-name=\"your-email\"><input size=\"40\" maxlength=\"400\" class=\"wpcf7-form-control wpcf7-email wpcf7-validates-as-required wpcf7-text wpcf7-validates-as-email\" aria-required=\"true\" aria-invalid=\"false\" value=\"\" type=\"email\" name=\"your-email\" \/><\/span> <\/label>\n<\/p>\n<p><label> Dit telefonnummer (valgfrit)<br \/>\n<span class=\"wpcf7-form-control-wrap\" data-name=\"tel-157\"><input size=\"40\" maxlength=\"400\" class=\"wpcf7-form-control wpcf7-tel wpcf7-text wpcf7-validates-as-tel\" aria-invalid=\"false\" value=\"\" type=\"tel\" name=\"tel-157\" \/><\/span> <\/label>\n<\/p>\n<p><label> Din besked<br \/>\n<span class=\"wpcf7-form-control-wrap\" data-name=\"your-message\"><textarea cols=\"40\" rows=\"10\" maxlength=\"2000\" class=\"wpcf7-form-control wpcf7-textarea wpcf7-validates-as-required\" aria-required=\"true\" aria-invalid=\"false\" name=\"your-message\"><\/textarea><\/span> <\/label>\n<\/p>\n<p><span class=\"wpcf7-form-control-wrap\" data-name=\"quiz-747\"><label><span class=\"wpcf7-quiz-label\">2+6=?<\/span> <input size=\"40\" class=\"wpcf7-form-control wpcf7-quiz\" autocomplete=\"off\" aria-required=\"true\" aria-invalid=\"false\" type=\"text\" name=\"quiz-747\" \/><\/label><input type=\"hidden\" name=\"_wpcf7_quiz_answer_quiz-747\" value=\"b92383fac706b700c4f8d69faa457125\" \/><\/span>\n<\/p>\n<p><input class=\"wpcf7-form-control wpcf7-submit has-spinner\" type=\"submit\" value=\"Indsend\" \/>\n<\/p><div class=\"wpcf7-response-output\" aria-hidden=\"true\"><\/div>\n<\/form>\n<\/div>\n\t\n<h2>\n\t\tNatriumdithionit(Na2S2O4)-pulver\n\t<\/h2>\n\t\t\t\t<img loading=\"lazy\" decoding=\"async\" src=\"https:\/\/www.griffinmachinery.com\/wp-content\/uploads\/2022\/11\/sodium-dithionite-powder.png\" alt=\"sodium dithionite powder\" itemprop=\"image\" height=\"588\" width=\"1024\" title=\"sodium dithionite powder\" onerror=\"this.style.display='none'\"  \/>\n\t<p>Natriumdithionit er et reduktionsmiddel og er et milj\u00f8venligt kemisk produkt. Det er meget udbredt i tekstil, trykning og farvning, papirfremstilling, kemisk industri, let industri, medicin, elektronik, f\u00f8devarer og andre industrier.<\/p>\n<p>Med overf\u00f8rslen af \u200b\u200bpapir- og tekstilindustrien til Syd\u00f8stasien er eftersp\u00f8rgslen efter natriumdithionitpulver stigende. Den globale \u00e5rlige eftersp\u00f8rgsel er omkring 2 millioner tons.<\/p>\n\t<h2>\n\t\t\t\t\tProjektoversigt\n\t\t\t\t<\/h2>\n\t\t\t<p>Projektet er placeret i den kemiske industripark, Yulin City, Guangxi-provinsen. Byggeriet startede officielt i oktober 2021.<\/p>\n\t\t\t\t<img loading=\"lazy\" decoding=\"async\" src=\"https:\/\/www.griffinmachinery.com\/wp-content\/uploads\/2022\/11\/sodium-dithionite-project-overview.jpg\" alt=\"sodium dithionite project overview\" itemprop=\"image\" height=\"607\" width=\"1080\" title=\"sodium dithionite project overview\" onerror=\"this.style.display='none'\"  \/>\n\t<p>Med produktionsv\u00e6rkstederne s\u00e5som syntese, neutralisering, t\u00f8rring og Jiaoya, samt hovedbygninger s\u00e5som energi, lager og omfattende bygninger, er opf\u00f8relsen af \u200b\u200balle v\u00e6rksteder stort set afsluttet.<\/p>\n<p>Ankomsten af \u200b\u200bpartier af storstilet t\u00f8rreudstyr indikerer, at installationsstadiet skrider hurtigt frem, og det forventes, at fors\u00f8gsproduktion kan gennemf\u00f8res som planlagt i februar 2023.<\/p>\n<h5>\n\t\tT\u00f8rrev\u00e6rksted\n\t<\/h5>\n\t\t\t\t<img loading=\"lazy\" decoding=\"async\" src=\"https:\/\/www.griffinmachinery.com\/wp-content\/uploads\/2022\/11\/drying-workshop.jpg\" alt=\"drying workshop\" itemprop=\"image\" height=\"810\" width=\"1080\" title=\"drying workshop\" onerror=\"this.style.display='none'\"  \/>\n<h5>\n\t\tInstallation af t\u00f8rretumbler\n\t<\/h5>\n\t\t\t\t<img loading=\"lazy\" decoding=\"async\" src=\"https:\/\/www.griffinmachinery.com\/wp-content\/uploads\/2022\/11\/dryer-installation.jpg\" alt=\"dryer installation\" itemprop=\"image\" height=\"810\" width=\"1080\" title=\"dryer installation\" onerror=\"this.style.display='none'\"  \/>\n<h5>\n\t\tSvovldioxid anl\u00e6g\n\t<\/h5>\n\t\t\t\t<img loading=\"lazy\" decoding=\"async\" src=\"https:\/\/www.griffinmachinery.com\/wp-content\/uploads\/2022\/11\/sulfur-dioxide-plant.jpg\" alt=\"sulfur dioxide plant\" itemprop=\"image\" height=\"810\" width=\"1080\" title=\"sulfur dioxide plant\" onerror=\"this.style.display='none'\"  \/>\n<h5>\n\t\tMilj\u00f8behandlingsanl\u00e6g\n\t<\/h5>\n\t\t\t\t<img loading=\"lazy\" decoding=\"async\" src=\"https:\/\/www.griffinmachinery.com\/wp-content\/uploads\/2022\/11\/environmental-treatment-facilities.jpg\" alt=\"environmental treatment facilities\" itemprop=\"image\" height=\"810\" width=\"1080\" title=\"environmental treatment facilities\" onerror=\"this.style.display='none'\"  \/>\n\t<h2>\n\t\t\t\t\tKom i kontakt med os\n\t\t\t\t<\/h2>\n\t\t\t<p>Griffin Machinery, en erfaren og p\u00e5lidelig partner. Hvis du ogs\u00e5 leder efter en sk\u00e5nsom, men effektiv m\u00e5de at t\u00f8rre dit produkt p\u00e5, s\u00e5 kontakt os venligst for r\u00e5d. Vores team st\u00e5r klar til at hj\u00e6lpe dig med at finde den rigtige l\u00f8sning til dit projekt.<\/p>\n\t<style type=\"text\/css\"><\/style><div class=\"ufaqsw_container_default ufaqsw_container_default_4496 ufaqsw_element_group_src\"> \n\n\t\t\t<h2 class=\"ufaqsw_faq_title ufaqsw_faq_title_4496\">Ofte Stillede Sp\u00f8rgsm\u00e5l<\/h2>\n\t\n\t\n\t\t<div class=\"ufaqsw_toggle_default ufaqsw_toggle_default_4496 ufaqsw_element_src\">\n\t\t\t<div class=\"ufaqsw-toggle-title-area-default ufaqsw-toggle-title-area-default_4496\"\n\t\t\trole=\"button\"\n\t\t\ttabindex=\"0\"\n\t\t\taria-expanded=\"false\"\n\t\t\taria-controls=\"ufaqsw_faq_answer_1_4496\"\n\t\t\taria-label=\"Hvor er din fabrik?\"\n\t\t\t>\n\t\t\t\t<div class=\"ufaqsw-title-name-default ufaqsw-title-name-default_4496\">\n\t\t\t\t\t<span class=\"ufaqsw-default-icon\">\n\t\t\t\t\t\t<i class=\"fa fa fa-plus\" aria-hidden=\"true\"><\/i>\n\t\t\t\t\t\t<i class=\"fa fa fa-minus\" id=\"ufaqsw_other_style\" aria-hidden=\"true\"><\/i>\n\t\t\t\t\t<\/span>\t\t\t\t\n\t\t\t\t\t<span class=\"ufaqsw-default-title ufaqsw_faq_question_src\">Hvor er din fabrik?<\/span>\n\t\t\t\t<\/div>\n\t\t\t<\/div>\n\t\t\t<div class=\"ufaqsw-toggle-inner-default ufaqsw-toggle-inner-default_4496 ufaqsw_faq_answer_src\"\n\t\t\tid=\"ufaqsw_faq_answer_1_4496\"\n\t\t\taria-hidden=\"true\"\n\t\t\taria-labelledby=\"ufaqsw_faq_answer_1_4496\"\n\t\t\tstyle=\"display:none\"\t\t\t>\n\t\t\tVi er beliggende i Changzhou City n\u00e6r Shanghai.\t\t\t<\/div>\n\t\t<\/div><!-- END OF TOGGLE -->\n\n\t\t\n\t\t<div class=\"ufaqsw_toggle_default ufaqsw_toggle_default_4496 ufaqsw_element_src\">\n\t\t\t<div class=\"ufaqsw-toggle-title-area-default ufaqsw-toggle-title-area-default_4496\"\n\t\t\trole=\"button\"\n\t\t\ttabindex=\"0\"\n\t\t\taria-expanded=\"false\"\n\t\t\taria-controls=\"ufaqsw_faq_answer_2_4496\"\n\t\t\taria-label=\"Hvad er kvaliteten af din maskine?\"\n\t\t\t>\n\t\t\t\t<div class=\"ufaqsw-title-name-default ufaqsw-title-name-default_4496\">\n\t\t\t\t\t<span class=\"ufaqsw-default-icon\">\n\t\t\t\t\t\t<i class=\"fa fa fa-plus\" aria-hidden=\"true\"><\/i>\n\t\t\t\t\t\t<i class=\"fa fa fa-minus\" id=\"ufaqsw_other_style\" aria-hidden=\"true\"><\/i>\n\t\t\t\t\t<\/span>\t\t\t\t\n\t\t\t\t\t<span class=\"ufaqsw-default-title ufaqsw_faq_question_src\">Hvad er kvaliteten af din maskine?<\/span>\n\t\t\t\t<\/div>\n\t\t\t<\/div>\n\t\t\t<div class=\"ufaqsw-toggle-inner-default ufaqsw-toggle-inner-default_4496 ufaqsw_faq_answer_src\"\n\t\t\tid=\"ufaqsw_faq_answer_2_4496\"\n\t\t\taria-hidden=\"true\"\n\t\t\taria-labelledby=\"ufaqsw_faq_answer_2_4496\"\n\t\t\tstyle=\"display:none\"\t\t\t>\n\t\t\t<p>Vores virksomhed f\u00f8lger strenge kvalitetskontroller og forskellige systematiske procedurer. Vi s\u00f8rger for kvalitet i alle faser af fremstillingsprocessen. Du kan v\u00e6re helt sikker p\u00e5 kvaliteten.<\/p>\n\t\t\t<\/div>\n\t\t<\/div><!-- END OF TOGGLE -->\n\n\t\t\n\t\t<div class=\"ufaqsw_toggle_default ufaqsw_toggle_default_4496 ufaqsw_element_src\">\n\t\t\t<div class=\"ufaqsw-toggle-title-area-default ufaqsw-toggle-title-area-default_4496\"\n\t\t\trole=\"button\"\n\t\t\ttabindex=\"0\"\n\t\t\taria-expanded=\"false\"\n\t\t\taria-controls=\"ufaqsw_faq_answer_3_4496\"\n\t\t\taria-label=\"Hvad er garantiperioden?\"\n\t\t\t>\n\t\t\t\t<div class=\"ufaqsw-title-name-default ufaqsw-title-name-default_4496\">\n\t\t\t\t\t<span class=\"ufaqsw-default-icon\">\n\t\t\t\t\t\t<i class=\"fa fa fa-plus\" aria-hidden=\"true\"><\/i>\n\t\t\t\t\t\t<i class=\"fa fa fa-minus\" id=\"ufaqsw_other_style\" aria-hidden=\"true\"><\/i>\n\t\t\t\t\t<\/span>\t\t\t\t\n\t\t\t\t\t<span class=\"ufaqsw-default-title ufaqsw_faq_question_src\">Hvad er garantiperioden?<\/span>\n\t\t\t\t<\/div>\n\t\t\t<\/div>\n\t\t\t<div class=\"ufaqsw-toggle-inner-default ufaqsw-toggle-inner-default_4496 ufaqsw_faq_answer_src\"\n\t\t\tid=\"ufaqsw_faq_answer_3_4496\"\n\t\t\taria-hidden=\"true\"\n\t\t\taria-labelledby=\"ufaqsw_faq_answer_3_4496\"\n\t\t\tstyle=\"display:none\"\t\t\t>\n\t\t\t<p>24 timers rettidigt svar p\u00e5 mail og telefonopkald. Vi yder et \u00e5rs garanti for at sikre, at din maskine k\u00f8rer konstant.<\/p>\n\t\t\t<\/div>\n\t\t<\/div><!-- END OF TOGGLE -->\n\n\t\t\n\t\t<div class=\"ufaqsw_toggle_default ufaqsw_toggle_default_4496 ufaqsw_element_src\">\n\t\t\t<div class=\"ufaqsw-toggle-title-area-default ufaqsw-toggle-title-area-default_4496\"\n\t\t\trole=\"button\"\n\t\t\ttabindex=\"0\"\n\t\t\taria-expanded=\"false\"\n\t\t\taria-controls=\"ufaqsw_faq_answer_4_4496\"\n\t\t\taria-label=\"Hvad er betalingsbetingelserne?\"\n\t\t\t>\n\t\t\t\t<div class=\"ufaqsw-title-name-default ufaqsw-title-name-default_4496\">\n\t\t\t\t\t<span class=\"ufaqsw-default-icon\">\n\t\t\t\t\t\t<i class=\"fa fa fa-plus\" aria-hidden=\"true\"><\/i>\n\t\t\t\t\t\t<i class=\"fa fa fa-minus\" id=\"ufaqsw_other_style\" aria-hidden=\"true\"><\/i>\n\t\t\t\t\t<\/span>\t\t\t\t\n\t\t\t\t\t<span class=\"ufaqsw-default-title ufaqsw_faq_question_src\">Hvad er betalingsbetingelserne?<\/span>\n\t\t\t\t<\/div>\n\t\t\t<\/div>\n\t\t\t<div class=\"ufaqsw-toggle-inner-default ufaqsw-toggle-inner-default_4496 ufaqsw_faq_answer_src\"\n\t\t\tid=\"ufaqsw_faq_answer_4_4496\"\n\t\t\taria-hidden=\"true\"\n\t\t\taria-labelledby=\"ufaqsw_faq_answer_4_4496\"\n\t\t\tstyle=\"display:none\"\t\t\t>\n\t\t\t<p>Vores normale betalingsbetingelse er 30% TT p\u00e5 forh\u00e5nd, 70% TT f\u00f8r forsendelse.<\/p>\n\t\t\t<\/div>\n\t\t<\/div><!-- END OF TOGGLE -->\n\n\t\t\n\t\t<div class=\"ufaqsw_toggle_default ufaqsw_toggle_default_4496 ufaqsw_element_src\">\n\t\t\t<div class=\"ufaqsw-toggle-title-area-default ufaqsw-toggle-title-area-default_4496\"\n\t\t\trole=\"button\"\n\t\t\ttabindex=\"0\"\n\t\t\taria-expanded=\"false\"\n\t\t\taria-controls=\"ufaqsw_faq_answer_5_4496\"\n\t\t\taria-label=\"Inkluderer din pris fragt?\"\n\t\t\t>\n\t\t\t\t<div class=\"ufaqsw-title-name-default ufaqsw-title-name-default_4496\">\n\t\t\t\t\t<span class=\"ufaqsw-default-icon\">\n\t\t\t\t\t\t<i class=\"fa fa fa-plus\" aria-hidden=\"true\"><\/i>\n\t\t\t\t\t\t<i class=\"fa fa fa-minus\" id=\"ufaqsw_other_style\" aria-hidden=\"true\"><\/i>\n\t\t\t\t\t<\/span>\t\t\t\t\n\t\t\t\t\t<span class=\"ufaqsw-default-title ufaqsw_faq_question_src\">Inkluderer din pris fragt?<\/span>\n\t\t\t\t<\/div>\n\t\t\t<\/div>\n\t\t\t<div class=\"ufaqsw-toggle-inner-default ufaqsw-toggle-inner-default_4496 ufaqsw_faq_answer_src\"\n\t\t\tid=\"ufaqsw_faq_answer_5_4496\"\n\t\t\taria-hidden=\"true\"\n\t\t\taria-labelledby=\"ufaqsw_faq_answer_5_4496\"\n\t\t\tstyle=\"display:none\"\t\t\t>\n\t\t\t<p>Vores s\u00e6dvanlige pris er baseret p\u00e5 FOB Shanghai. Vi kan give et CIF-tilbud efter anmodning.<\/p>\n\t\t\t<\/div>\n\t\t<\/div><!-- END OF TOGGLE -->\n\n\t\t\n<\/div>\n\n\t<iframe src=\"https:\/\/www.google.com\/maps\/embed?pb=!1m18!1m12!1m3!1d3390.2927421824006!2d119.88542131515791!3d31.817019981272452!2m3!1f0!2f0!3f0!3m2!1i1024!2i768!4f13.1!3m3!1m2!1s0x35b4149e3c70d0b3%3A0x8fff5da241c321f8!2sYun%20He%20Lu%2C%20China%2C%20213023!5e0!3m2!1sen!2sus!4v1649332227824!5m2!1sen!2sus\" width=\"100%\" height=\"450\" allowfullscreen=\"\" loading=\"lazy\" referrerpolicy=\"no-referrer-when-downgrade\"><\/iframe>\n\t\n<div class=\"wpcf7 no-js\" id=\"wpcf7-f4491-o2\" lang=\"da-DK\" dir=\"ltr\" data-wpcf7-id=\"4491\">\n<div class=\"screen-reader-response\"><p role=\"status\" aria-live=\"polite\" aria-atomic=\"true\"><\/p> <ul><\/ul><\/div>\n<form action=\"\/da\/wp-json\/wp\/v2\/pages\/10052#wpcf7-f4491-o2\" method=\"post\" class=\"wpcf7-form init\" aria-label=\"Kontaktformular\" novalidate=\"novalidate\" data-status=\"init\">\n<fieldset class=\"hidden-fields-container\"><input type=\"hidden\" name=\"_wpcf7\" value=\"4491\" \/><input type=\"hidden\" name=\"_wpcf7_version\" value=\"6.1.5\" \/><input type=\"hidden\" name=\"_wpcf7_locale\" value=\"da_DK\" \/><input type=\"hidden\" name=\"_wpcf7_unit_tag\" value=\"wpcf7-f4491-o2\" \/><input type=\"hidden\" name=\"_wpcf7_container_post\" value=\"0\" \/><input type=\"hidden\" name=\"_wpcf7_posted_data_hash\" value=\"\" \/><input type=\"hidden\" name=\"_wpcf7_recaptcha_response\" value=\"\" \/>\n<\/fieldset>\n<p><label> Dit navn<br \/>\n<span class=\"wpcf7-form-control-wrap\" data-name=\"your-name\"><input size=\"40\" maxlength=\"400\" class=\"wpcf7-form-control wpcf7-text wpcf7-validates-as-required\" aria-required=\"true\" aria-invalid=\"false\" value=\"\" type=\"text\" name=\"your-name\" \/><\/span> <\/label>\n<\/p>\n<p><label> Din e-mail<br \/>\n<span class=\"wpcf7-form-control-wrap\" data-name=\"your-email\"><input size=\"40\" maxlength=\"400\" class=\"wpcf7-form-control wpcf7-email wpcf7-validates-as-required wpcf7-text wpcf7-validates-as-email\" aria-required=\"true\" aria-invalid=\"false\" value=\"\" type=\"email\" name=\"your-email\" \/><\/span> <\/label>\n<\/p>\n<p><label> Dit telefonnummer (valgfrit)<br \/>\n<span class=\"wpcf7-form-control-wrap\" data-name=\"tel-157\"><input size=\"40\" maxlength=\"400\" class=\"wpcf7-form-control wpcf7-tel wpcf7-text wpcf7-validates-as-tel\" aria-invalid=\"false\" value=\"\" type=\"tel\" name=\"tel-157\" \/><\/span> <\/label>\n<\/p>\n<p><label> Din besked<br \/>\n<span class=\"wpcf7-form-control-wrap\" data-name=\"your-message\"><textarea cols=\"40\" rows=\"10\" maxlength=\"2000\" class=\"wpcf7-form-control wpcf7-textarea wpcf7-validates-as-required\" aria-required=\"true\" aria-invalid=\"false\" name=\"your-message\"><\/textarea><\/span> <\/label>\n<\/p>\n<p><span class=\"wpcf7-form-control-wrap\" data-name=\"quiz-747\"><label><span class=\"wpcf7-quiz-label\">2+6=?<\/span> <input size=\"40\" class=\"wpcf7-form-control wpcf7-quiz\" autocomplete=\"off\" aria-required=\"true\" aria-invalid=\"false\" type=\"text\" name=\"quiz-747\" \/><\/label><input type=\"hidden\" name=\"_wpcf7_quiz_answer_quiz-747\" value=\"b92383fac706b700c4f8d69faa457125\" \/><\/span>\n<\/p>\n<p><input class=\"wpcf7-form-control wpcf7-submit has-spinner\" type=\"submit\" value=\"Indsend\" \/>\n<\/p><div class=\"wpcf7-response-output\" aria-hidden=\"true\"><\/div>\n<\/form>\n<\/div>\n\n\n","protected":false},"excerpt":{"rendered":"","protected":false},"author":1,"featured_media":0,"parent":0,"menu_order":0,"comment_status":"closed","ping_status":"closed","template":"","meta":{"site-sidebar-layout":"no-sidebar","site-content-layout":"page-builder","ast-site-content-layout":"default","site-content-style":"default","site-sidebar-style":"default","ast-global-header-display":"","ast-banner-title-visibility":"","ast-main-header-display":"","ast-hfb-above-header-display":"","ast-hfb-below-header-display":"","ast-hfb-mobile-header-display":"","site-post-title":"disabled","ast-breadcrumbs-content":"","ast-featured-img":"disabled","footer-sml-layout":"","ast-disable-related-posts":"","theme-transparent-header-meta":"default","adv-header-id-meta":"","stick-header-meta":"default","header-above-stick-meta":"","header-main-stick-meta":"","header-below-stick-meta":"","astra-migrate-meta-layouts":"default","ast-page-background-enabled":"default","ast-page-background-meta":{"desktop":{"background-color":"","background-image":"","background-repeat":"repeat","background-position":"center center","background-size":"auto","background-attachment":"scroll","background-type":"","background-media":"","overlay-type":"","overlay-color":"","overlay-opacity":"","overlay-gradient":""},"tablet":{"background-color":"","background-image":"","background-repeat":"repeat","background-position":"center center","background-size":"auto","background-attachment":"scroll","background-type":"","background-media":"","overlay-type":"","overlay-color":"","overlay-opacity":"","overlay-gradient":""},"mobile":{"background-color":"","background-image":"","background-repeat":"repeat","background-position":"center center","background-size":"auto","background-attachment":"scroll","background-type":"","background-media":"","overlay-type":"","overlay-color":"","overlay-opacity":"","overlay-gradient":""}},"ast-content-background-meta":{"desktop":{"background-color":"var(--ast-global-color-5)","background-image":"","background-repeat":"repeat","background-position":"center center","background-size":"auto","background-attachment":"scroll","background-type":"","background-media":"","overlay-type":"","overlay-color":"","overlay-opacity":"","overlay-gradient":""},"tablet":{"background-color":"var(--ast-global-color-5)","background-image":"","background-repeat":"repeat","background-position":"center center","background-size":"auto","background-attachment":"scroll","background-type":"","background-media":"","overlay-type":"","overlay-color":"","overlay-opacity":"","overlay-gradient":""},"mobile":{"background-color":"var(--ast-global-color-5)","background-image":"","background-repeat":"repeat","background-position":"center center","background-size":"auto","background-attachment":"scroll","background-type":"","background-media":"","overlay-type":"","overlay-color":"","overlay-opacity":"","overlay-gradient":""}},"footnotes":""},"class_list":["post-10052","page","type-page","status-publish","hentry"],"_links":{"self":[{"href":"https:\/\/www.griffinmachinery.com\/da\/wp-json\/wp\/v2\/pages\/10052","targetHints":{"allow":["GET"]}}],"collection":[{"href":"https:\/\/www.griffinmachinery.com\/da\/wp-json\/wp\/v2\/pages"}],"about":[{"href":"https:\/\/www.griffinmachinery.com\/da\/wp-json\/wp\/v2\/types\/page"}],"author":[{"embeddable":true,"href":"https:\/\/www.griffinmachinery.com\/da\/wp-json\/wp\/v2\/users\/1"}],"replies":[{"embeddable":true,"href":"https:\/\/www.griffinmachinery.com\/da\/wp-json\/wp\/v2\/comments?post=10052"}],"version-history":[{"count":0,"href":"https:\/\/www.griffinmachinery.com\/da\/wp-json\/wp\/v2\/pages\/10052\/revisions"}],"wp:attachment":[{"href":"https:\/\/www.griffinmachinery.com\/da\/wp-json\/wp\/v2\/media?parent=10052"}],"curies":[{"name":"wp","href":"https:\/\/api.w.org\/{rel}","templated":true}]}}