{"id":10011,"date":"2022-10-31T07:44:37","date_gmt":"2022-10-31T07:44:37","guid":{"rendered":"https:\/\/www.griffinmachinery.com\/vores-tjenester\/"},"modified":"2022-11-13T05:56:04","modified_gmt":"2022-11-13T05:56:04","slug":"vores-tjenester","status":"publish","type":"page","link":"https:\/\/www.griffinmachinery.com\/da\/vores-tjenester\/","title":{"rendered":"Vores tjenester"},"content":{"rendered":"\n\n\t<h1>\n\t\t\t\t\tVores tjenester\n\t\t\t\t<\/h1>\n\t<p>For at standardisere indholdet af vores tjenester har vi anf\u00f8rt f\u00f8lgende lister nedenfor.<\/p>\n<h3>\n\t\tI. F\u00f8r-salg og salgstjenester\n\t<\/h3>\n\t\t\t\t<img decoding=\"async\" src=\"https:\/\/www.griffinmachinery.com\/wp-content\/uploads\/2022\/05\/Our-Team-3.png\" alt=\"Our Team 3\" itemprop=\"image\"\/>\n\t<ul>\n<li>Hj\u00e6lp til at v\u00e6lge den rigtige udstyrsmodel.<\/li>\n<li>Den tekniske afdeling samarbejder med s\u00e6lgere for at f\u00f8lge op p\u00e5 kundeprojekter og forst\u00e5 kundernes behov i forhold til produktionsproceskrav, processer, batches, engineering og verifikation.<\/li>\n<li>Det tekniske servicepersonale skal til enhver tid kommunikere med kunden med hensyn til teknologi eller teknik for at formulere l\u00f8sninger.<\/li>\n<li>Levere tekniske dokumenter og relaterede materialer, som kunderne har brug for rettidigt.<\/li>\n<\/ul>\n<h3>\n\t\tII. Eftersalgsservice\n\t<\/h3>\n\t\t\t\t<img decoding=\"async\" src=\"https:\/\/www.griffinmachinery.com\/wp-content\/uploads\/2022\/03\/image1.jpg\" alt=\"image1\" itemprop=\"image\"\/>\n\t<p><strong>2.1 Installation og idrifts\u00e6ttelse<\/strong><\/p>\n<ul>\n<li>Kommuniker med kunderne rettidigt, n\u00e5r udstyret sendes for at forst\u00e5 kundens udstyrsinstallationsplaner.<\/li>\n<li>Hj\u00e6lp kunder med at fuldf\u00f8re forberedelsen f\u00f8r installation af udstyr og give kunderne detaljeret indhold af forberedelse af udstyrsinstallation.<\/li>\n<li>Efter at have modtaget installationsmeddelelsen, vil vi g\u00e5 til kundens websted i tide for at samarbejde med kunden for at fuldf\u00f8re udpakning og accept af udstyret.<\/li>\n<li>Samarbejd med kunder om at formulere l\u00f8fteplaner under installation af udstyr.<\/li>\n<li>Vejledning p\u00e5 stedet af udstyrsl\u00f8ft og tilslutning til fundament.<\/li>\n<li>Debug udstyr, og samarbejde med kunderne for at fuldf\u00f8re verifikation af udstyrsdrift.<\/li>\n<li>Gennemf\u00f8r tr\u00e6ning for kunderelateret personale, og uddannelsesplanen vil blive indl\u00e6st i kundekartoteket efter at v\u00e6re underskrevet og bekr\u00e6ftet af kunden.<\/li>\n<\/ul>\n<h3>\n\t\tIII. Kundens forpligtelser\n\t<\/h3>\n\t<ul>\n<li>At give vores servicepersonale mulighed for at have sikker, rettidig og passende adgang til udstyrsprodukter fremstillet af Haihong, s\u00e5 vores personale kan udf\u00f8re tjenester.<\/li>\n<li>V\u00e6rkt\u00f8jerne, hj\u00e6lpefaciliteterne og personalest\u00f8ttetjenesterne, som vores personale foresl\u00e5r, stilles til r\u00e5dighed gratis for at sikre en gnidningsl\u00f8s drift af tjenesten.<\/li>\n<li>For en sikkerheds skyld skal du s\u00f8rge for, at vores personale altid er ledsaget af en medarbejder, der er fortrolig med brugerens plads og sikkerhedssystem, n\u00e5r de er p\u00e5 kundestedet.<\/li>\n<li>Giv vores personale en specifik beskrivelse af det problem udstyret st\u00e5r over for, lad servicepersonalet vide, hvad fejlrapporten var, hvorn\u00e5r den opstod, og hvilke skridt der er taget for at rette fejlen.<\/li>\n<\/ul>\n\n","protected":false},"excerpt":{"rendered":"<p>Vores tjenester For at standardisere indholdet af vores tjenester har vi anf\u00f8rt f\u00f8lgende lister nedenfor. I. F\u00f8r-salg og salgstjenester Hj\u00e6lp til at v\u00e6lge den rigtige udstyrsmodel. Den tekniske afdeling samarbejder med s\u00e6lgere for at f\u00f8lge [&hellip;]<\/p>\n","protected":false},"author":1,"featured_media":0,"parent":0,"menu_order":0,"comment_status":"closed","ping_status":"closed","template":"","meta":{"site-sidebar-layout":"no-sidebar","site-content-layout":"page-builder","ast-site-content-layout":"default","site-content-style":"default","site-sidebar-style":"default","ast-global-header-display":"","ast-banner-title-visibility":"","ast-main-header-display":"","ast-hfb-above-header-display":"","ast-hfb-below-header-display":"","ast-hfb-mobile-header-display":"","site-post-title":"disabled","ast-breadcrumbs-content":"","ast-featured-img":"disabled","footer-sml-layout":"","ast-disable-related-posts":"","theme-transparent-header-meta":"enabled","adv-header-id-meta":"","stick-header-meta":"default","header-above-stick-meta":"","header-main-stick-meta":"","header-below-stick-meta":"","astra-migrate-meta-layouts":"default","ast-page-background-enabled":"default","ast-page-background-meta":{"desktop":{"background-color":"","background-image":"","background-repeat":"repeat","background-position":"center center","background-size":"auto","background-attachment":"scroll","background-type":"","background-media":"","overlay-type":"","overlay-color":"","overlay-opacity":"","overlay-gradient":""},"tablet":{"background-color":"","background-image":"","background-repeat":"repeat","background-position":"center center","background-size":"auto","background-attachment":"scroll","background-type":"","background-media":"","overlay-type":"","overlay-color":"","overlay-opacity":"","overlay-gradient":""},"mobile":{"background-color":"","background-image":"","background-repeat":"repeat","background-position":"center center","background-size":"auto","background-attachment":"scroll","background-type":"","background-media":"","overlay-type":"","overlay-color":"","overlay-opacity":"","overlay-gradient":""}},"ast-content-background-meta":{"desktop":{"background-color":"var(--ast-global-color-5)","background-image":"","background-repeat":"repeat","background-position":"center center","background-size":"auto","background-attachment":"scroll","background-type":"","background-media":"","overlay-type":"","overlay-color":"","overlay-opacity":"","overlay-gradient":""},"tablet":{"background-color":"var(--ast-global-color-5)","background-image":"","background-repeat":"repeat","background-position":"center center","background-size":"auto","background-attachment":"scroll","background-type":"","background-media":"","overlay-type":"","overlay-color":"","overlay-opacity":"","overlay-gradient":""},"mobile":{"background-color":"var(--ast-global-color-5)","background-image":"","background-repeat":"repeat","background-position":"center center","background-size":"auto","background-attachment":"scroll","background-type":"","background-media":"","overlay-type":"","overlay-color":"","overlay-opacity":"","overlay-gradient":""}},"footnotes":""},"class_list":["post-10011","page","type-page","status-publish","hentry"],"_links":{"self":[{"href":"https:\/\/www.griffinmachinery.com\/da\/wp-json\/wp\/v2\/pages\/10011","targetHints":{"allow":["GET"]}}],"collection":[{"href":"https:\/\/www.griffinmachinery.com\/da\/wp-json\/wp\/v2\/pages"}],"about":[{"href":"https:\/\/www.griffinmachinery.com\/da\/wp-json\/wp\/v2\/types\/page"}],"author":[{"embeddable":true,"href":"https:\/\/www.griffinmachinery.com\/da\/wp-json\/wp\/v2\/users\/1"}],"replies":[{"embeddable":true,"href":"https:\/\/www.griffinmachinery.com\/da\/wp-json\/wp\/v2\/comments?post=10011"}],"version-history":[{"count":0,"href":"https:\/\/www.griffinmachinery.com\/da\/wp-json\/wp\/v2\/pages\/10011\/revisions"}],"wp:attachment":[{"href":"https:\/\/www.griffinmachinery.com\/da\/wp-json\/wp\/v2\/media?parent=10011"}],"curies":[{"name":"wp","href":"https:\/\/api.w.org\/{rel}","templated":true}]}}